{"id":720741,"date":"2025-08-27T18:40:13","date_gmt":"2025-08-27T15:40:13","guid":{"rendered":"https:\/\/roveyayinevi.com.tr\/index.php\/urun\/piyano-icin-5-prelud\/"},"modified":"2026-04-16T02:28:43","modified_gmt":"2026-04-15T23:28:43","slug":"piyano-icin-5-prelud","status":"publish","type":"product","link":"https:\/\/roveyayinevi.com.tr\/index.php\/urun\/piyano-icin-5-prelud\/","title":{"rendered":"Piyano \u0130\u00e7in 5 Prel\u00fcd"},"content":{"rendered":"<p>Ertu\u011frul Bayraktar\u2019\u0131n m\u00fczik dili, makam\u0131 tan\u0131mlayan \u201cezgi \u00e7ekirdekleri\u201dnin yap\u0131sal \u00f6zelliklerinin \u00e7\u00f6z\u00fcmlenmesi ve buradan kaynaklanan \u201cmakamsal armoni\u201d ile ezgi \u00e7ekirdeklerinin birbirlerini b\u00fct\u00fcnlemeleri, makamlar aras\u0131ndaki ge\u00e7kiler ve de\u011fi\u015fen usul soyutlamalar\u0131ndan, geleneksel m\u00fczik k\u00fclt\u00fcr\u00fcm\u00fczdeki yerlilikten kaynaklanmaktad\u0131r.   Be\u015f Prel\u00fcd\u2019\u00fcn m\u00fczikal dilinin bu yap\u0131 ta\u015flar\u0131ndan olu\u015ftu\u011fu g\u00f6r\u00fclmektedir. Do\u011fa\u00e7lar gibi \u00e7alma, duraksamalar, tek sesli ezgilerin oktav aral\u0131klar\u0131yla \u00e7al\u0131nmas\u0131, geleneksel m\u00fcziklerimizdeki icra tarz\u0131n\u0131 an\u0131msat\u0131r. \u201cBe\u015f Prel\u00fcd\u201d uzun bir aradan sonra, A\u011fustos 2018 ile May\u0131s 2019 zaman diliminde bestelenmi\u015ftir. Sevilerek seslendirilmesi dile\u011fiyle\u2026   <\/p>\n","protected":false},"excerpt":{"rendered":"<p>Ertu\u011frul Bayraktar\u2019\u0131n m\u00fczik dili, makam\u0131 tan\u0131mlayan \u201cezgi \u00e7ekirdekleri\u201dnin yap\u0131sal \u00f6zelliklerinin \u00e7\u00f6z\u00fcmlenmesi ve buradan kaynaklanan \u201cmakamsal armoni\u201d ile ezgi \u00e7ekirdeklerinin birbirlerini b\u00fct\u00fcnlemeleri, makamlar aras\u0131ndaki ge\u00e7kiler ve de\u011fi\u015fen<span class=\"excerpt-hellip\"> [\u2026]<\/span><\/p>\n","protected":false},"featured_media":0,"template":"","meta":{"_monsterinsights_skip_tracking":false,"_monsterinsights_sitenote_active":false,"_monsterinsights_sitenote_note":"","_monsterinsights_sitenote_category":0},"product_brand":[],"product_cat":[14556,20810],"product_tag":[],"class_list":{"0":"post-720741","1":"product","2":"type-product","3":"status-publish","5":"product_cat-muzik","6":"product_cat-ogrenim-kitaplari","7":"pa_cilt-ciltsiz","8":"pa_tur-kitap","9":"pa_yayinevi-muzik-egitimi-yayinlari","10":"pa_yazar-ertugrul-bayraktar","12":"first","13":"instock","14":"sale","15":"shipping-taxable","16":"purchasable","17":"product-type-simple"},"_links":{"self":[{"href":"https:\/\/roveyayinevi.com.tr\/index.php\/wp-json\/wp\/v2\/product\/720741","targetHints":{"allow":["GET"]}}],"collection":[{"href":"https:\/\/roveyayinevi.com.tr\/index.php\/wp-json\/wp\/v2\/product"}],"about":[{"href":"https:\/\/roveyayinevi.com.tr\/index.php\/wp-json\/wp\/v2\/types\/product"}],"wp:attachment":[{"href":"https:\/\/roveyayinevi.com.tr\/index.php\/wp-json\/wp\/v2\/media?parent=720741"}],"wp:term":[{"taxonomy":"product_brand","embeddable":true,"href":"https:\/\/roveyayinevi.com.tr\/index.php\/wp-json\/wp\/v2\/product_brand?post=720741"},{"taxonomy":"product_cat","embeddable":true,"href":"https:\/\/roveyayinevi.com.tr\/index.php\/wp-json\/wp\/v2\/product_cat?post=720741"},{"taxonomy":"product_tag","embeddable":true,"href":"https:\/\/roveyayinevi.com.tr\/index.php\/wp-json\/wp\/v2\/product_tag?post=720741"}],"curies":[{"name":"wp","href":"https:\/\/api.w.org\/{rel}","templated":true}]}}