{"id":720740,"date":"2025-08-27T18:40:12","date_gmt":"2025-08-27T15:40:12","guid":{"rendered":"https:\/\/roveyayinevi.com.tr\/index.php\/urun\/menzil-2\/"},"modified":"2026-04-16T02:28:43","modified_gmt":"2026-04-15T23:28:43","slug":"menzil-2","status":"publish","type":"product","link":"https:\/\/roveyayinevi.com.tr\/index.php\/urun\/menzil-2\/","title":{"rendered":"Menzil"},"content":{"rendered":"<p>Menzil\u2019e gidenin uyu\u015fturucuyu b\u0131rakmas\u0131 i\u00e7in neler yap\u0131l\u0131yor? Menzil ni\u00e7in ikiye b\u00f6l\u00fcnd\u00fc? \u015eeyhler aras\u0131nda nas\u0131l bir m\u00fccadele s\u00fcr\u00fcyor? Menzil \u015feyhi ni\u00e7in zehirlenmek istendi? Yarg\u0131 ve Emniyet neden kap\u0131\u015ft\u0131? Alparslan T\u00fcrke\u015f, Menzil i\u00e7in kime hangi g\u00f6revi verdi? Sonunda ne oldu? Tarikat, Bilgin Balanl\u0131\u2019n\u0131n Hava Kuvvetleri Komutanl\u0131\u011f\u0131\u2019n\u0131 nas\u0131l \u00f6nledi? Menzil, b\u00fcrokrasi ve siyasette nas\u0131l bir yol izliyor? Holding kuran tarikat\u0131n ticari i\u015fleri nas\u0131l y\u00fcr\u00fct\u00fcl\u00fcyor?  K\u0131l\u0131\u00e7daro\u011flu\u2019nun dan\u0131\u015fman\u0131 Menzil\u2019e ni\u00e7in gitti?Menzil 15 milyon liray\u0131 kurtarmak i\u00e7in kimden yard\u0131m istedi?\u015eeyh ailesine meleklerin hizmet etti\u011fi, sofilerin paras\u0131z \u00e7al\u0131\u015ft\u0131\u011f\u0131 do\u011fru mu? Diyanet\u2019in tarikat raporunda Menzil i\u00e7in ne deniliyor?\u015eeyh 15 Temmuz i\u00e7in neden film dedi, generallerle neler konu\u015fuldu?\u0130lk kez Sayg\u0131 \u00d6zt\u00fcrk\u2019e konu\u015fan \u015feyhler Feyzeddin ve Saki  Erol,  Atat\u00fcrk, laiklik ve ticaret konusunda neler anlatt\u0131, birbirlerini neyle su\u00e7lad\u0131lar?Ara\u015ft\u0131rmac\u0131 gazeteci-yazar Sayg\u0131 \u00d6zt\u00fcrk, Menzil\u2019e ve Buhara\u2019ya gitti, \u015feyhlerle, sofilerle konu\u015ftu, \u201ct\u00f6vbe alma\u201d, \u201c\u00f6l\u00fcm hatmesi\u201d rit\u00fcellerine kat\u0131ld\u0131. Tarikat\u0131n d\u00fcn\u00fcn\u00fc, bug\u00fcn\u00fcn\u00fc, ya\u015fananlar\u0131, s\u00f6ylenenleri yerinde g\u00f6rd\u00fc, ara\u015ft\u0131rd\u0131, ya\u015fad\u0131 ve yazd\u0131.<\/p>\n","protected":false},"excerpt":{"rendered":"<p>Menzil\u2019e gidenin uyu\u015fturucuyu b\u0131rakmas\u0131 i\u00e7in neler yap\u0131l\u0131yor? Menzil ni\u00e7in ikiye b\u00f6l\u00fcnd\u00fc? \u015eeyhler aras\u0131nda nas\u0131l bir m\u00fccadele s\u00fcr\u00fcyor? Menzil \u015feyhi ni\u00e7in zehirlenmek istendi? Yarg\u0131 ve Emniyet neden<span class=\"excerpt-hellip\"> [\u2026]<\/span><\/p>\n","protected":false},"featured_media":0,"template":"","meta":{"_monsterinsights_skip_tracking":false,"_monsterinsights_sitenote_active":false,"_monsterinsights_sitenote_note":"","_monsterinsights_sitenote_category":0},"product_brand":[],"product_cat":[13072,12291],"product_tag":[],"class_list":{"0":"post-720740","1":"product","2":"type-product","3":"status-publish","5":"product_cat-arastirma-inceleme-referans","6":"product_cat-edebiyat","7":"pa_cilt-ciltsiz","8":"pa_tur-kitap","9":"pa_yayinevi-dogan-kitap","10":"pa_yazar-saygi-ozturk","12":"first","13":"instock","14":"sale","15":"shipping-taxable","16":"purchasable","17":"product-type-simple"},"_links":{"self":[{"href":"https:\/\/roveyayinevi.com.tr\/index.php\/wp-json\/wp\/v2\/product\/720740","targetHints":{"allow":["GET"]}}],"collection":[{"href":"https:\/\/roveyayinevi.com.tr\/index.php\/wp-json\/wp\/v2\/product"}],"about":[{"href":"https:\/\/roveyayinevi.com.tr\/index.php\/wp-json\/wp\/v2\/types\/product"}],"wp:attachment":[{"href":"https:\/\/roveyayinevi.com.tr\/index.php\/wp-json\/wp\/v2\/media?parent=720740"}],"wp:term":[{"taxonomy":"product_brand","embeddable":true,"href":"https:\/\/roveyayinevi.com.tr\/index.php\/wp-json\/wp\/v2\/product_brand?post=720740"},{"taxonomy":"product_cat","embeddable":true,"href":"https:\/\/roveyayinevi.com.tr\/index.php\/wp-json\/wp\/v2\/product_cat?post=720740"},{"taxonomy":"product_tag","embeddable":true,"href":"https:\/\/roveyayinevi.com.tr\/index.php\/wp-json\/wp\/v2\/product_tag?post=720740"}],"curies":[{"name":"wp","href":"https:\/\/api.w.org\/{rel}","templated":true}]}}