{"id":720739,"date":"2025-08-27T18:40:12","date_gmt":"2025-08-27T15:40:12","guid":{"rendered":"https:\/\/roveyayinevi.com.tr\/index.php\/urun\/kenardakiler\/"},"modified":"2025-10-01T17:32:43","modified_gmt":"2025-10-01T14:32:43","slug":"kenardakiler","status":"publish","type":"product","link":"https:\/\/roveyayinevi.com.tr\/index.php\/urun\/kenardakiler\/","title":{"rendered":"Kenardakiler"},"content":{"rendered":"<p>Kenardakiler, \u00e7o\u011funlukla toplumun k\u0131y\u0131s\u0131nda, k\u00f6\u015fesinde kalanlar\u0131 ve orada tutunmaya \u00e7al\u0131\u015fanlar\u0131 tan\u0131mlayan bir kavram. Mek\u00e2nsal s\u0131n\u0131rlar\u0131n \u00f6tesinde; s\u0131n\u0131fsal, etnik ve k\u00fclt\u00fcrel birtak\u0131m toplumsal s\u0131n\u0131rlar\u0131n ve bireyler aras\u0131 sosyal mesafelerin e\u015fi\u011finde ya\u015fayanlar\u0131 i\u015faret etmekte. Kendine has normlar\u0131 ve de\u011fer sistemleriyle altk\u00fclt\u00fcr olu\u015fturan gruplardan tutal\u0131mda genel toplumsal kurallar\u0131 ihlaleden bireysel farkl\u0131la\u015fmalara kadar uzanan geni\u015f bir toplumsal \u00e7evredir kenardakiler. Kimilerine g\u00f6re \u201ckenardakiler\u201d, d\u0131\u015flanm\u0131\u015fl\u0131klar\u0131ndan \u00f6t\u00fcr\u00fc kentte tutunamayanlard\u0131r ve bundan dolay\u0131 da ma\u011fdur ve mazlumdurlar. Kimilerine g\u00f6reyse su\u00e7 pratikleriyle me\u015fhur kriminalle\u015fmi\u015f marjinal \u00e7evrelerdir. B\u00f6ylesi \u00f6znel de\u011ferlendirmelerden kendini uzak tutmaya \u00e7al\u0131\u015fan bu eser, kenardakilerin sapma ve su\u00e7 pratiklerini anlamaya yo\u011funla\u015f\u0131yor. Kenardakiler, etnografik alan ara\u015ft\u0131rmalar\u0131ndan haber analizlerine, dizi ve roman incelemelerine a\u00e7\u0131lan geni\u015f bir yelpazede sapmaya ve su\u00e7a dair sosyolojik \u00e7\u00f6z\u00fcmlemeleri kaps\u0131yor. Kenarda varolman\u0131n, kenarda ya\u015fama bi\u00e7imlerinin su\u00e7 ve sapmayla olan ba\u011flant\u0131s\u0131n\u0131 teoriile prati\u011fin b\u00fct\u00fcnsel kavray\u0131\u015f\u0131 i\u00e7erisinde ele alan Kenardakiler, sapma hallerinin farkl\u0131 boyutlardaki temsillerine odaklanarak bu alandaki yaz\u0131na katk\u0131lar sunmay\u0131 ama\u00e7l\u0131yor.<\/p>\n","protected":false},"excerpt":{"rendered":"<p>Kenardakiler, \u00e7o\u011funlukla toplumun k\u0131y\u0131s\u0131nda, k\u00f6\u015fesinde kalanlar\u0131 ve orada tutunmaya \u00e7al\u0131\u015fanlar\u0131 tan\u0131mlayan bir kavram. Mek\u00e2nsal s\u0131n\u0131rlar\u0131n \u00f6tesinde; s\u0131n\u0131fsal, etnik ve k\u00fclt\u00fcrel birtak\u0131m toplumsal s\u0131n\u0131rlar\u0131n ve bireyler aras\u0131<span class=\"excerpt-hellip\"> [\u2026]<\/span><\/p>\n","protected":false},"featured_media":0,"template":"","meta":{"_monsterinsights_skip_tracking":false,"_monsterinsights_sitenote_active":false,"_monsterinsights_sitenote_note":"","_monsterinsights_sitenote_category":0},"product_brand":[],"product_cat":[12325,12324],"product_tag":[],"class_list":{"0":"post-720739","1":"product","2":"type-product","3":"status-publish","5":"product_cat-diger-sosyoloji","6":"product_cat-sosyoloji","7":"pa_cilt-ciltsiz","8":"pa_tur-kitap","9":"pa_yayinevi-heretik-yayincilik","10":"pa_yazar-ercan-gecgin","12":"first","13":"instock","14":"sale","15":"shipping-taxable","16":"purchasable","17":"product-type-simple"},"_links":{"self":[{"href":"https:\/\/roveyayinevi.com.tr\/index.php\/wp-json\/wp\/v2\/product\/720739","targetHints":{"allow":["GET"]}}],"collection":[{"href":"https:\/\/roveyayinevi.com.tr\/index.php\/wp-json\/wp\/v2\/product"}],"about":[{"href":"https:\/\/roveyayinevi.com.tr\/index.php\/wp-json\/wp\/v2\/types\/product"}],"wp:attachment":[{"href":"https:\/\/roveyayinevi.com.tr\/index.php\/wp-json\/wp\/v2\/media?parent=720739"}],"wp:term":[{"taxonomy":"product_brand","embeddable":true,"href":"https:\/\/roveyayinevi.com.tr\/index.php\/wp-json\/wp\/v2\/product_brand?post=720739"},{"taxonomy":"product_cat","embeddable":true,"href":"https:\/\/roveyayinevi.com.tr\/index.php\/wp-json\/wp\/v2\/product_cat?post=720739"},{"taxonomy":"product_tag","embeddable":true,"href":"https:\/\/roveyayinevi.com.tr\/index.php\/wp-json\/wp\/v2\/product_tag?post=720739"}],"curies":[{"name":"wp","href":"https:\/\/api.w.org\/{rel}","templated":true}]}}