{"id":720736,"date":"2025-08-27T18:40:10","date_gmt":"2025-08-27T15:40:10","guid":{"rendered":"https:\/\/roveyayinevi.com.tr\/index.php\/urun\/gulyabani-9\/"},"modified":"2026-04-16T02:28:43","modified_gmt":"2026-04-15T23:28:43","slug":"gulyabani-9","status":"publish","type":"product","link":"https:\/\/roveyayinevi.com.tr\/index.php\/urun\/gulyabani-9\/","title":{"rendered":"Gulyabani"},"content":{"rendered":"<p>Eserlerinde yanl\u0131\u015f Bat\u0131l\u0131la\u015fmay\u0131, bat\u0131l inan\u00e7lar\u0131, toplumun aksak yanlar\u0131n\u0131 mizahi bir dille ele alan Hu\u0308seyin Rahmi Gu\u0308rp\u0131nar, Gulyabani ile T\u00fcrk edebiyat\u0131n\u0131n fantastik \u00f6\u011feler bar\u0131nd\u0131ran ilk korku roman\u0131na imza at\u0131yor.   Gu\u0308rp\u0131nar, eserin yaz\u0131l\u0131\u015f sebebini a\u00e7\u0131kl\u0131\u011fa kavu\u015fturan bir okuyucu mektubuna verdi\u011fi yan\u0131t do\u011frultusunda kurgulad\u0131\u011f\u0131 roman\u0131nda hik\u00e2yenin anlat\u0131c\u0131s\u0131 ve kahraman\u0131 Muhsine Han\u0131m\u2019\u0131n \u00e7al\u0131\u015fmak \u00fczere gitti\u011fi bir k\u00f6\u015fkte ba\u015f\u0131ndan ge\u00e7en maceralar\u0131 anlat\u0131yor. Bu k\u00f6\u015fkte gariplikler ve do\u011fau\u0308stu\u0308 olaylara te\u015fne zihinleri memnun edecek boy ve heybette bir Gulyabani ile bir alay da cin ve peri vard\u0131r. Hu\u0308seyin Rahmi tu\u0308m bu do\u011fau\u0308stu\u0308 varl\u0131klar\u0131 konu edinerek \u00e7e\u015fitli bat\u0131l inan\u0131\u015flar\u0131 ve toplumun bu inan\u0131\u015flardan kurtulmas\u0131 gerekti\u011fini kaleme al\u0131yor. Bu bak\u0131\u015f a\u00e7\u0131s\u0131yla roman\u0131n\u0131 garipliklerin bir araya geldi\u011fi yer olmaktan \u00e7\u0131kararak yirminci yu\u0308zy\u0131l\u0131n zihinler i\u00e7in belirledi\u011fi ak\u0131lc\u0131l\u0131k d\u00e2hilinde nihayetlendiriyor.   Prof. Dr. Mehmet Kanar taraf\u0131ndan gu\u0308nu\u0308mu\u0308z T\u00fcrk\u00e7esine uyarlanan Gulyabani, bizleri cin, peri gibi garip yarat\u0131klar\u0131n \u00f6tesinde korkulas\u0131 bir varl\u0131k olan insanla yeniden tan\u0131\u015ft\u0131r\u0131yor.   Yaz\u0131l\u0131\u015f s\u0131ras\u0131nda iyi saatte olsunlar r\u00fcyama girdi. Bakal\u0131m okuduktan sonra size neler olacak? Hu\u0308seyin Rahmi Gu\u0308rp\u0131nar <\/p>\n","protected":false},"excerpt":{"rendered":"<p>Eserlerinde yanl\u0131\u015f Bat\u0131l\u0131la\u015fmay\u0131, bat\u0131l inan\u00e7lar\u0131, toplumun aksak yanlar\u0131n\u0131 mizahi bir dille ele alan Hu\u0308seyin Rahmi Gu\u0308rp\u0131nar, Gulyabani ile T\u00fcrk edebiyat\u0131n\u0131n fantastik \u00f6\u011feler bar\u0131nd\u0131ran ilk korku roman\u0131na<span class=\"excerpt-hellip\"> [\u2026]<\/span><\/p>\n","protected":false},"featured_media":0,"template":"","meta":{"_monsterinsights_skip_tracking":false,"_monsterinsights_sitenote_active":false,"_monsterinsights_sitenote_note":"","_monsterinsights_sitenote_category":0},"product_brand":[],"product_cat":[12291,12711],"product_tag":[],"class_list":{"0":"post-720736","1":"product","2":"type-product","3":"status-publish","5":"product_cat-edebiyat","6":"product_cat-roman-oyku","7":"pa_cilt-ciltsiz","8":"pa_tur-kitap","9":"pa_yayinevi-say-yayinlari","10":"pa_yazar-huseyin-rahmi-gurpinar","12":"first","13":"instock","14":"sale","15":"shipping-taxable","16":"purchasable","17":"product-type-simple"},"_links":{"self":[{"href":"https:\/\/roveyayinevi.com.tr\/index.php\/wp-json\/wp\/v2\/product\/720736","targetHints":{"allow":["GET"]}}],"collection":[{"href":"https:\/\/roveyayinevi.com.tr\/index.php\/wp-json\/wp\/v2\/product"}],"about":[{"href":"https:\/\/roveyayinevi.com.tr\/index.php\/wp-json\/wp\/v2\/types\/product"}],"wp:attachment":[{"href":"https:\/\/roveyayinevi.com.tr\/index.php\/wp-json\/wp\/v2\/media?parent=720736"}],"wp:term":[{"taxonomy":"product_brand","embeddable":true,"href":"https:\/\/roveyayinevi.com.tr\/index.php\/wp-json\/wp\/v2\/product_brand?post=720736"},{"taxonomy":"product_cat","embeddable":true,"href":"https:\/\/roveyayinevi.com.tr\/index.php\/wp-json\/wp\/v2\/product_cat?post=720736"},{"taxonomy":"product_tag","embeddable":true,"href":"https:\/\/roveyayinevi.com.tr\/index.php\/wp-json\/wp\/v2\/product_tag?post=720736"}],"curies":[{"name":"wp","href":"https:\/\/api.w.org\/{rel}","templated":true}]}}