{"id":720735,"date":"2025-08-27T18:40:09","date_gmt":"2025-08-27T15:40:09","guid":{"rendered":"https:\/\/roveyayinevi.com.tr\/index.php\/urun\/ne-ogrendik\/"},"modified":"2026-04-16T02:28:43","modified_gmt":"2026-04-15T23:28:43","slug":"ne-ogrendik","status":"publish","type":"product","link":"https:\/\/roveyayinevi.com.tr\/index.php\/urun\/ne-ogrendik\/","title":{"rendered":"Ne \u00d6\u011frendik ?"},"content":{"rendered":"<p>Kitapta \u00f6nemli ekonomistler, ge\u00e7mi\u015fteki inan\u00e7lar\u0131n son y\u0131llardaki mali ve ekonomik krizlerle par\u00e7aland\u0131\u011f\u0131 bir d\u00fcnyada politikan\u0131n nas\u0131l uygulanaca\u011f\u0131n\u0131 de\u011ferlendirmektedirler. 2008\u2019den bu yana, ekonomi politika belirleyicileri ve ara\u015ft\u0131rmac\u0131lar cesur bir yeni ekonomik d\u00fcnyay\u0131 me\u015fgul etmi\u015flerdir. Daha \u00f6nce yap\u0131lan fikir birlikleri alt \u00fcst olmu\u015f, eski varsay\u0131mlar \u015f\u00fcphe alt\u0131nda kalm\u0131\u015ft\u0131r. Politika yap\u0131c\u0131lar do\u011fa\u00e7lama yapmaya, ara\u015ft\u0131rmac\u0131lar ise temel teoriyi yeniden d\u00fc\u015f\u00fcnmeye zorlanm\u0131\u015ft\u0131r. Bu b\u00f6l\u00fcm\u00fcn edit\u00f6rlerinden biri olan Nobel \u00d6d\u00fcll\u00fc GeorgeAkerlof, krizi hareket etmeye korkan, a\u011fa\u00e7ta kalm\u0131\u015f bir kediye benzetmektedir. Nisan 2013\u2019te Uluslararas\u0131 Para Fonu, makroekonomik gelece\u011fin ortaya \u00e7\u0131kan hatlar\u0131n\u0131 tart\u0131\u015fmak i\u00e7in \u00f6nde gelen ekonomistleri ve ekonomi politika belirleyicilerini bir araya getirdi. Bu kitap onlar\u0131n fikirlerini sunmaktad\u0131r. Nobel \u00d6d\u00fcll\u00fc Joseph Stiglitz, eski FED Ba\u015fkan\u0131 Janet Yellen ve eski \u0130srail Merkez Bankas\u0131 Ba\u015fkan\u0131 StanleyFischer\u2019\u0131 i\u00e7eren edit\u00f6rler ve yazarlar, krizleri ve sonras\u0131nda \u00f6\u011frenilen dersleri g\u00f6z \u00f6n\u00fcne almaktad\u0131rlar. Kitap, geleneksel politikaya ili\u015fkin kriz sonras\u0131 enflasyona; makro-ihtiyati ara\u00e7lara ve etkinliklerine; te\u015fviklere, kamu borcu ve mali konsolidasyona ve d\u00f6viz kuru d\u00fczenlemelerine odaklanmaktad\u0131r.<\/p>\n","protected":false},"excerpt":{"rendered":"<p>Kitapta \u00f6nemli ekonomistler, ge\u00e7mi\u015fteki inan\u00e7lar\u0131n son y\u0131llardaki mali ve ekonomik krizlerle par\u00e7aland\u0131\u011f\u0131 bir d\u00fcnyada politikan\u0131n nas\u0131l uygulanaca\u011f\u0131n\u0131 de\u011ferlendirmektedirler. 2008\u2019den bu yana, ekonomi politika belirleyicileri ve ara\u015ft\u0131rmac\u0131lar<span class=\"excerpt-hellip\"> [\u2026]<\/span><\/p>\n","protected":false},"featured_media":0,"template":"","meta":{"_monsterinsights_skip_tracking":false,"_monsterinsights_sitenote_active":false,"_monsterinsights_sitenote_note":"","_monsterinsights_sitenote_category":0},"product_brand":[],"product_cat":[13043,14381],"product_tag":[],"class_list":{"0":"post-720735","1":"product","2":"type-product","3":"status-publish","5":"product_cat-ekonomi","6":"product_cat-isletme-muhasebe-maliye","7":"pa_cilt-ciltsiz","8":"pa_tur-kitap","9":"pa_yayinevi-efil-yayinevi","10":"pa_yazar-kolektif","12":"first","13":"instock","14":"sale","15":"shipping-taxable","16":"purchasable","17":"product-type-simple"},"_links":{"self":[{"href":"https:\/\/roveyayinevi.com.tr\/index.php\/wp-json\/wp\/v2\/product\/720735","targetHints":{"allow":["GET"]}}],"collection":[{"href":"https:\/\/roveyayinevi.com.tr\/index.php\/wp-json\/wp\/v2\/product"}],"about":[{"href":"https:\/\/roveyayinevi.com.tr\/index.php\/wp-json\/wp\/v2\/types\/product"}],"wp:attachment":[{"href":"https:\/\/roveyayinevi.com.tr\/index.php\/wp-json\/wp\/v2\/media?parent=720735"}],"wp:term":[{"taxonomy":"product_brand","embeddable":true,"href":"https:\/\/roveyayinevi.com.tr\/index.php\/wp-json\/wp\/v2\/product_brand?post=720735"},{"taxonomy":"product_cat","embeddable":true,"href":"https:\/\/roveyayinevi.com.tr\/index.php\/wp-json\/wp\/v2\/product_cat?post=720735"},{"taxonomy":"product_tag","embeddable":true,"href":"https:\/\/roveyayinevi.com.tr\/index.php\/wp-json\/wp\/v2\/product_tag?post=720735"}],"curies":[{"name":"wp","href":"https:\/\/api.w.org\/{rel}","templated":true}]}}