{"id":720734,"date":"2025-08-27T18:40:08","date_gmt":"2025-08-27T15:40:08","guid":{"rendered":"https:\/\/roveyayinevi.com.tr\/index.php\/urun\/kuyrukluyildiz-altinda-bir-izdivac-3\/"},"modified":"2026-04-16T02:28:43","modified_gmt":"2026-04-15T23:28:43","slug":"kuyrukluyildiz-altinda-bir-izdivac-3","status":"publish","type":"product","link":"https:\/\/roveyayinevi.com.tr\/index.php\/urun\/kuyrukluyildiz-altinda-bir-izdivac-3\/","title":{"rendered":"Kuyrukluy\u0131ld\u0131z Alt\u0131nda Bir \u0130zdiva\u00e7"},"content":{"rendered":"<p>D\u00f6neminin en sivri ve en e\u011flenceli kalemlerinden biri olarak tan\u0131nan Hu\u0308seyin Rahmi Gu\u0308rp\u0131nar, romanlar\u0131yla sadece toplumun ya\u015fam tarz\u0131na \u0131\u015f\u0131k tutmakla kalmam\u0131\u015f, ayn\u0131 zamanda \u00e7a\u011f\u0131n\u0131n problemlerini ele\u015ftirmekten de ka\u00e7\u0131nmam\u0131\u015ft\u0131r.   Prof. Dr. Mehmet Kanar taraf\u0131ndan gu\u0308nu\u0308mu\u0308z Tu\u0308rk\u00e7esine uyarlanan Kuyrukluy\u0131ld\u0131z Alt\u0131nda Bir \u0130zdiva\u00e7, 1910 y\u0131l\u0131nda Du\u0308nya\u2019ya \u00e7arpaca\u011f\u0131 s\u00f6ylenen Halley Kuyrukluy\u0131ld\u0131z\u0131\u2019n\u0131n g\u00f6lgesinde \u0130stanbul\u2019un en derinlerine i\u015flemi\u015f bat\u0131l inan\u00e7lar\u0131, halk\u0131n yast\u0131k alt\u0131na saklad\u0131\u011f\u0131 \u00f6l\u00fcm korkusunu su y\u00fcz\u00fcne \u00e7\u0131kar\u0131yor. \u201cKad\u0131n d\u00fc\u015fman\u0131\u201d gen\u00e7 yazar \u0130rfan Bey bir bilim insan\u0131 edas\u0131yla halk\u0131 bilgilendirme \u00e7abas\u0131na giri\u015fiyor; bu s\u0131rada \u201cgizemli kad\u0131n\u201d Feriha Han\u0131m\u2019\u0131n mektuplar\u0131yla adeta oyuna getiriliyor. Bir felaketin e\u015fi\u011finde filizlenen iki gencin a\u015fk\u0131yla Hu\u0308seyin Rahmi, ba\u015fta kad\u0131n\u0131n toplumdaki konumu ve haklar\u0131 olmak \u00fczere, kad\u0131n-erkek e\u015fitli\u011fine dair \u00e7a\u011f\u0131n\u0131n \u00e7ok \u00f6tesinde bir yakla\u015f\u0131m g\u00f6steriyor. Bir asr\u0131 a\u015fk\u0131n zaman \u00f6nce yaz\u0131lan eser, hem ele\u015ftirel y\u00f6nu\u0308 hem de e\u011flenceli anlat\u0131m\u0131yla h\u00e2l\u00e2 popu\u0308lerli\u011fini koruyor. Her hazanda birbiri u\u0308zerine d\u00f6ku\u0308len a\u011fa\u00e7 yapraklar\u0131 gibi insanlar da birbirini takiben topra\u011fa yatarak yok oluyor. Bu de\u011fi\u015fmez, genel bir kanun. Ni\u00e7in endi\u015fe etmeli? \u015eu du\u0308nyada erilen ba\u015fka ne var? Hayat yalan. \u00d6lu\u0308m ger\u00e7ek. Hu\u0308seyin Rahmi Gu\u0308rp\u0131nar <\/p>\n","protected":false},"excerpt":{"rendered":"<p>D\u00f6neminin en sivri ve en e\u011flenceli kalemlerinden biri olarak tan\u0131nan Hu\u0308seyin Rahmi Gu\u0308rp\u0131nar, romanlar\u0131yla sadece toplumun ya\u015fam tarz\u0131na \u0131\u015f\u0131k tutmakla kalmam\u0131\u015f, ayn\u0131 zamanda \u00e7a\u011f\u0131n\u0131n problemlerini ele\u015ftirmekten<span class=\"excerpt-hellip\"> [\u2026]<\/span><\/p>\n","protected":false},"featured_media":0,"template":"","meta":{"_monsterinsights_skip_tracking":false,"_monsterinsights_sitenote_active":false,"_monsterinsights_sitenote_note":"","_monsterinsights_sitenote_category":0},"product_brand":[],"product_cat":[12291,12711],"product_tag":[],"class_list":{"0":"post-720734","1":"product","2":"type-product","3":"status-publish","5":"product_cat-edebiyat","6":"product_cat-roman-oyku","7":"pa_cilt-ciltsiz","8":"pa_tur-kitap","9":"pa_yayinevi-say-yayinlari","10":"pa_yazar-huseyin-rahmi-gurpinar","12":"first","13":"instock","14":"sale","15":"shipping-taxable","16":"purchasable","17":"product-type-simple"},"_links":{"self":[{"href":"https:\/\/roveyayinevi.com.tr\/index.php\/wp-json\/wp\/v2\/product\/720734","targetHints":{"allow":["GET"]}}],"collection":[{"href":"https:\/\/roveyayinevi.com.tr\/index.php\/wp-json\/wp\/v2\/product"}],"about":[{"href":"https:\/\/roveyayinevi.com.tr\/index.php\/wp-json\/wp\/v2\/types\/product"}],"wp:attachment":[{"href":"https:\/\/roveyayinevi.com.tr\/index.php\/wp-json\/wp\/v2\/media?parent=720734"}],"wp:term":[{"taxonomy":"product_brand","embeddable":true,"href":"https:\/\/roveyayinevi.com.tr\/index.php\/wp-json\/wp\/v2\/product_brand?post=720734"},{"taxonomy":"product_cat","embeddable":true,"href":"https:\/\/roveyayinevi.com.tr\/index.php\/wp-json\/wp\/v2\/product_cat?post=720734"},{"taxonomy":"product_tag","embeddable":true,"href":"https:\/\/roveyayinevi.com.tr\/index.php\/wp-json\/wp\/v2\/product_tag?post=720734"}],"curies":[{"name":"wp","href":"https:\/\/api.w.org\/{rel}","templated":true}]}}