{"id":720733,"date":"2025-08-27T18:40:07","date_gmt":"2025-08-27T15:40:07","guid":{"rendered":"https:\/\/roveyayinevi.com.tr\/index.php\/urun\/anda-sirlanmis-hayat\/"},"modified":"2026-04-16T02:28:43","modified_gmt":"2026-04-15T23:28:43","slug":"anda-sirlanmis-hayat","status":"publish","type":"product","link":"https:\/\/roveyayinevi.com.tr\/index.php\/urun\/anda-sirlanmis-hayat\/","title":{"rendered":"Anda S\u0131rlanm\u0131\u015f Hayat"},"content":{"rendered":"<p>An olur, tek bir an; ge\u00e7ip giderken d\u00fcnya tela\u015f\u0131ylah\u0131zla kald\u0131r\u0131mdan, yolda biten ne\u015feli birkarahindiba g\u00f6z k\u0131rpar. An olur; ko\u015ftururken yeti\u015fmek i\u00e7in bir yerlere, kom\u015fu penceredeki reyhan kokusunu salar. An olur; i\u00e7erimde t\u00fcrl\u00fc d\u00fc\u015f\u00fcnceler binerken birbirinin \u00fczerine, bir ser\u00e7e \u00f6ter en g\u00fczel \u00f6t\u00fc\u015f\u00fcyle. An olur; ge\u00e7mi\u015f elemi i\u00e7ine \u00e7ekmi\u015fken beni, alt\u0131n \u0131\u015f\u0131klar d\u00fc\u015fer odaya ve efsunlar d\u00fcz duvar\u0131 t\u00fcm b\u00fcy\u00fcleyicili\u011fiyle.An olur; gelecek endi\u015fesi \u00fc\u015f\u00fc\u015fm\u00fc\u015fken \u00fczerime, bir a\u011fa\u00e7 sal\u0131n\u0131pesintiyle, \u00fcf\u00fcr\u00fcr endi\u015feleri zarafetle. An olur; verip veri\u015ftiriyorken i\u00e7imde birilerine, bir bebek kahkahas\u0131 \u00e7arpar i\u00e7imdekilere. Karahindiban\u0131n ne\u015fesi bir \u015feyler an\u0131msat\u0131r. Reyhan\u0131n kokusu, bebe\u011fin kahkahas\u0131, a\u011fac\u0131n sal\u0131n\u0131m\u0131 da. Hat\u0131rlayamad\u0131\u011f\u0131m bir a\u015final\u0131k, dilimin ucunda gibi bir tan\u0131\u015f\u0131kl\u0131kt\u0131r olan. Dururum. Durdu\u011fum an, i\u00e7ine d\u00fc\u015ferim latif bir zaman\u0131n, sonsuzluk kadar b\u00fcy\u00fck o \u00e2n\u0131n\u2026 Duvara de\u011fen o bir damla \u0131\u015f\u0131k b\u00fcy\u00fcr. Kendinden gayr\u0131s\u0131 kalmayacak kadar\u2026 Sal\u0131nan bir yaprak b\u00fcy\u00fcr. Kendisinden gayr\u0131s\u0131 g\u00f6r\u00fclemeyecek kadar\u2026 Sesler b\u00fcy\u00fcr, s\u00f6zler b\u00fcy\u00fcr\u2026 \u201cEy kulum, Ben \u00f6mr\u00fcn boyunca seninleydim, peki sen kiminleydin?\u201d   \u201cRabbim, gayr\u0131s\u0131 i\u00e7in ba\u015f\u0131m \u00f6ne e\u011fik. Fakat o bir an var ya, t\u00fcm hayat\u0131 i\u00e7ine s\u0131rlad\u0131\u011f\u0131n, i\u015fte o anlarda Seninleydim.\u201d <\/p>\n","protected":false},"excerpt":{"rendered":"<p>An olur, tek bir an; ge\u00e7ip giderken d\u00fcnya tela\u015f\u0131ylah\u0131zla kald\u0131r\u0131mdan, yolda biten ne\u015feli birkarahindiba g\u00f6z k\u0131rpar. An olur; ko\u015ftururken yeti\u015fmek i\u00e7in bir yerlere, kom\u015fu penceredeki reyhan<span class=\"excerpt-hellip\"> [\u2026]<\/span><\/p>\n","protected":false},"featured_media":0,"template":"","meta":{"_monsterinsights_skip_tracking":false,"_monsterinsights_sitenote_active":false,"_monsterinsights_sitenote_note":"","_monsterinsights_sitenote_category":0},"product_brand":[],"product_cat":[12777,12291],"product_tag":[],"class_list":{"0":"post-720733","1":"product","2":"type-product","3":"status-publish","5":"product_cat-deneme","6":"product_cat-edebiyat","7":"pa_cilt-ciltsiz","8":"pa_tur-kitap","9":"pa_yayinevi-tuti-kitap","10":"pa_yazar-mumine-yildiz","12":"first","13":"instock","14":"sale","15":"shipping-taxable","16":"purchasable","17":"product-type-simple"},"_links":{"self":[{"href":"https:\/\/roveyayinevi.com.tr\/index.php\/wp-json\/wp\/v2\/product\/720733","targetHints":{"allow":["GET"]}}],"collection":[{"href":"https:\/\/roveyayinevi.com.tr\/index.php\/wp-json\/wp\/v2\/product"}],"about":[{"href":"https:\/\/roveyayinevi.com.tr\/index.php\/wp-json\/wp\/v2\/types\/product"}],"wp:attachment":[{"href":"https:\/\/roveyayinevi.com.tr\/index.php\/wp-json\/wp\/v2\/media?parent=720733"}],"wp:term":[{"taxonomy":"product_brand","embeddable":true,"href":"https:\/\/roveyayinevi.com.tr\/index.php\/wp-json\/wp\/v2\/product_brand?post=720733"},{"taxonomy":"product_cat","embeddable":true,"href":"https:\/\/roveyayinevi.com.tr\/index.php\/wp-json\/wp\/v2\/product_cat?post=720733"},{"taxonomy":"product_tag","embeddable":true,"href":"https:\/\/roveyayinevi.com.tr\/index.php\/wp-json\/wp\/v2\/product_tag?post=720733"}],"curies":[{"name":"wp","href":"https:\/\/api.w.org\/{rel}","templated":true}]}}