{"id":720732,"date":"2025-08-27T18:40:06","date_gmt":"2025-08-27T15:40:06","guid":{"rendered":"https:\/\/roveyayinevi.com.tr\/index.php\/urun\/yakinda\/"},"modified":"2026-04-16T02:28:43","modified_gmt":"2026-04-15T23:28:43","slug":"yakinda","status":"publish","type":"product","link":"https:\/\/roveyayinevi.com.tr\/index.php\/urun\/yakinda\/","title":{"rendered":"Yak\u0131nda"},"content":{"rendered":"<p>\u201cY\u0131l\u0131n Bilim Kitab\u0131\u201d WALL STREET JOURNAL \u2022  POPULAR SCIENCE NEWYORK TIMES BESTSELLER \u201cKelly ve Zach bir kristal k\u00fcre vaat etmi\u015fti ama bu ondan da  fazlas\u0131. Yak\u0131nda, sizi g\u00fcld\u00fcrecek ve \u2013nas\u0131l oldu\u011funu fark etmeden\u2013 g\u00fcn\u00fcm\u00fcz\u00fcn \u00e7\u0131\u011f\u0131r a\u00e7\u0131c\u0131 teknolojilerini ger\u00e7ekten anlaman\u0131z\u0131 sa\u011flayacak. Bu kitab\u0131 yak\u0131ndadan da yak\u0131nda okumal\u0131s\u0131n\u0131z.\u201d ALEXIS OHANIAN, Reddit\u2019in kurucusu\u00dc\u00e7 boyutlu yaz\u0131c\u0131da basmak varken h\u00e2l\u00e2 ev in\u015fa etmek niye? \u0130htiyac\u0131m\u0131z olan hammaddeyi neden en yak\u0131n asteroitten almayal\u0131m? Bir uzay asans\u00f6r\u00fc yapsak, masraf\u0131n\u0131 \u00e7\u0131kar\u0131r m\u0131? Kula\u011fa delice gelse de t\u00fcm bunlar\u0131n ger\u00e7ek olabilece\u011fi bir zamanda ya\u015f\u0131yoruz! \u00dcnl\u00fc karikat\u00fcrist ZachWeinersmith ile ara\u015ft\u0131rmac\u0131 Dr. KellyWeinersmith, v\u00fccudumuzda gezinip hastal\u0131klar\u0131 iyile\u015ftirecek mikro robot s\u00fcr\u00fclerinden n\u00fckleer f\u00fczyon enerjisiyle \u00e7al\u0131\u015fan ekmek k\u0131zartma makinelerine, yak\u0131n gelecekte ya\u015famlar\u0131m\u0131z\u0131 g\u00fczelle\u015ftirecek tabii her \u015fey yolunda giderse\u2013 on yenilik\u00e7i teknolojiyi mercek alt\u0131na al\u0131yor. Kendi ara\u015ft\u0131rmalar\u0131n\u0131, i\u015fin mutfa\u011f\u0131ndaki bilimcilerle yapt\u0131klar\u0131 g\u00f6r\u00fc\u015fmeler ve Zach\u2019in \u00f6zg\u00fcn mizah\u0131yla harmanlayan Weinersmith\u2019ler, ortak gelece\u011fimizin bar\u0131nd\u0131rd\u0131\u011f\u0131 muhte\u015fem olas\u0131l\u0131klar\u0131 ve onlar\u0131 ger\u00e7ek k\u0131lmak i\u00e7in a\u015f\u0131lmas\u0131 gereken bariyerleri g\u00f6rmemizi sa\u011fl\u0131yor.   \u201cYak\u0131nda \u015famatas\u0131 bol, ayn\u0131 \u00f6l\u00e7\u00fcde k\u0131\u015fk\u0131rt\u0131c\u0131 ve yetmezmi\u015f gibi bilgi ars\u0131z\u0131 bir kitap.\u201d TIM HARFORD, G\u00f6r\u00fcnmeyen Ekonomist\u2019in yazar\u0131 <\/p>\n","protected":false},"excerpt":{"rendered":"<p>\u201cY\u0131l\u0131n Bilim Kitab\u0131\u201d WALL STREET JOURNAL \u2022 POPULAR SCIENCE NEWYORK TIMES BESTSELLER \u201cKelly ve Zach bir kristal k\u00fcre vaat etmi\u015fti ama bu ondan da fazlas\u0131. Yak\u0131nda,<span class=\"excerpt-hellip\"> [\u2026]<\/span><\/p>\n","protected":false},"featured_media":0,"template":"","meta":{"_monsterinsights_skip_tracking":false,"_monsterinsights_sitenote_active":false,"_monsterinsights_sitenote_note":"","_monsterinsights_sitenote_category":0},"product_brand":[],"product_cat":[13005,13006],"product_tag":[],"class_list":{"0":"post-720732","1":"product","2":"type-product","3":"status-publish","5":"product_cat-bilim-muhendislik","6":"product_cat-populer-bilim","7":"pa_cilt-ciltsiz","8":"pa_tur-kitap","9":"pa_yayinevi-domingo-yayinevi","10":"pa_yazar-kelly-weinersmith-zach-weinersmith","12":"first","13":"instock","14":"sale","15":"shipping-taxable","16":"purchasable","17":"product-type-simple"},"_links":{"self":[{"href":"https:\/\/roveyayinevi.com.tr\/index.php\/wp-json\/wp\/v2\/product\/720732","targetHints":{"allow":["GET"]}}],"collection":[{"href":"https:\/\/roveyayinevi.com.tr\/index.php\/wp-json\/wp\/v2\/product"}],"about":[{"href":"https:\/\/roveyayinevi.com.tr\/index.php\/wp-json\/wp\/v2\/types\/product"}],"wp:attachment":[{"href":"https:\/\/roveyayinevi.com.tr\/index.php\/wp-json\/wp\/v2\/media?parent=720732"}],"wp:term":[{"taxonomy":"product_brand","embeddable":true,"href":"https:\/\/roveyayinevi.com.tr\/index.php\/wp-json\/wp\/v2\/product_brand?post=720732"},{"taxonomy":"product_cat","embeddable":true,"href":"https:\/\/roveyayinevi.com.tr\/index.php\/wp-json\/wp\/v2\/product_cat?post=720732"},{"taxonomy":"product_tag","embeddable":true,"href":"https:\/\/roveyayinevi.com.tr\/index.php\/wp-json\/wp\/v2\/product_tag?post=720732"}],"curies":[{"name":"wp","href":"https:\/\/api.w.org\/{rel}","templated":true}]}}