{"id":720731,"date":"2025-08-27T18:40:06","date_gmt":"2025-08-27T15:40:06","guid":{"rendered":"https:\/\/roveyayinevi.com.tr\/index.php\/urun\/03-15\/"},"modified":"2026-04-16T02:28:43","modified_gmt":"2026-04-15T23:28:43","slug":"03-15","status":"publish","type":"product","link":"https:\/\/roveyayinevi.com.tr\/index.php\/urun\/03-15\/","title":{"rendered":"03 :15"},"content":{"rendered":"<p>\u015eu anda de\u011ferli \u015fair-yazar Sebahat Karag\u00f6z\u2019\u00fcn \u00fc\u00e7\u00fcnc\u00fc kitab\u0131 olan 03.15\u2019i elinize ald\u0131n\u0131z, inceliyorsunuz ve kendi kendinize soruyorsunuz: \u201cBu kitab\u0131 ni\u00e7in okumal\u0131y\u0131m?\u201d ya da \u201cBu kitab\u0131 okumal\u0131 m\u0131y\u0131m?\u201d, \u201cBu kitapta ne var?\u201d Bu kitapta koskoca bir \u00f6mr\u00fcn sadece iki senelik bir b\u00f6l\u00fcm\u00fc var. Bir insan sadece iki sene i\u00e7inde ne ya\u015fayabilir ki? Kimine g\u00f6re hi\u00e7bir \u015fey, kimine g\u00f6re koskoca bir \u00f6m\u00fcr&#8230; Hele de her \u015fey 03.15\u2019te ba\u015flam\u0131\u015f ve yine 03.15\u2019te bitmi\u015fse&#8230; Peki nedir 03.15? Kimine g\u00f6re yelkovan\u0131n akrebi kovalamaktan yoruldu\u011fu ve ikisinin de durdu\u011fu basit bir an, kimine g\u00f6re kendisinden ba\u015fka her \u015feyi teferruat olarak g\u00f6ren ve ad\u0131na \u201cVatan\u201d dedi\u011fimiz a\u015fk, kimine g\u00f6re ise Z\u00fcleyha\u2019n\u0131n Yusuf\u2019a \u00f6zlemi, Mem\u2019inZin u\u011fruna z\u0131ndanlardaki ah\u0131, Pompe\u2019nin \u00fczerine ya\u011fan ate\u015f\u2026 Belki de hepsi birden&#8230; Belki mi, yoksa kesinlikle hepsi birden mi? \u0130\u015fte bu sorunun cevab\u0131n\u0131 \u015fu an elinizdeki kitapta bulacaks\u0131n\u0131z.<\/p>\n","protected":false},"excerpt":{"rendered":"<p>\u015eu anda de\u011ferli \u015fair-yazar Sebahat Karag\u00f6z\u2019\u00fcn \u00fc\u00e7\u00fcnc\u00fc kitab\u0131 olan 03.15\u2019i elinize ald\u0131n\u0131z, inceliyorsunuz ve kendi kendinize soruyorsunuz: \u201cBu kitab\u0131 ni\u00e7in okumal\u0131y\u0131m?\u201d ya da \u201cBu kitab\u0131 okumal\u0131<span class=\"excerpt-hellip\"> [\u2026]<\/span><\/p>\n","protected":false},"featured_media":0,"template":"","meta":{"_monsterinsights_skip_tracking":false,"_monsterinsights_sitenote_active":false,"_monsterinsights_sitenote_note":"","_monsterinsights_sitenote_category":0},"product_brand":[],"product_cat":[12291,12711],"product_tag":[],"class_list":{"0":"post-720731","1":"product","2":"type-product","3":"status-publish","5":"product_cat-edebiyat","6":"product_cat-roman-oyku","7":"pa_cilt-ciltsiz","8":"pa_tur-kitap","9":"pa_yayinevi-lirik-yayincilik","10":"pa_yazar-sebahat-karagoz","12":"first","13":"instock","14":"sale","15":"shipping-taxable","16":"purchasable","17":"product-type-simple"},"_links":{"self":[{"href":"https:\/\/roveyayinevi.com.tr\/index.php\/wp-json\/wp\/v2\/product\/720731","targetHints":{"allow":["GET"]}}],"collection":[{"href":"https:\/\/roveyayinevi.com.tr\/index.php\/wp-json\/wp\/v2\/product"}],"about":[{"href":"https:\/\/roveyayinevi.com.tr\/index.php\/wp-json\/wp\/v2\/types\/product"}],"wp:attachment":[{"href":"https:\/\/roveyayinevi.com.tr\/index.php\/wp-json\/wp\/v2\/media?parent=720731"}],"wp:term":[{"taxonomy":"product_brand","embeddable":true,"href":"https:\/\/roveyayinevi.com.tr\/index.php\/wp-json\/wp\/v2\/product_brand?post=720731"},{"taxonomy":"product_cat","embeddable":true,"href":"https:\/\/roveyayinevi.com.tr\/index.php\/wp-json\/wp\/v2\/product_cat?post=720731"},{"taxonomy":"product_tag","embeddable":true,"href":"https:\/\/roveyayinevi.com.tr\/index.php\/wp-json\/wp\/v2\/product_tag?post=720731"}],"curies":[{"name":"wp","href":"https:\/\/api.w.org\/{rel}","templated":true}]}}