{"id":720730,"date":"2025-08-27T18:40:05","date_gmt":"2025-08-27T15:40:05","guid":{"rendered":"https:\/\/roveyayinevi.com.tr\/index.php\/urun\/ulug-turkistandan-anadoluya-turk-halk-hikayeleri\/"},"modified":"2026-04-16T02:28:43","modified_gmt":"2026-04-15T23:28:43","slug":"ulug-turkistandan-anadoluya-turk-halk-hikayeleri","status":"publish","type":"product","link":"https:\/\/roveyayinevi.com.tr\/index.php\/urun\/ulug-turkistandan-anadoluya-turk-halk-hikayeleri\/","title":{"rendered":"Ulu\u011f T\u00fcrkistan\u2019dan Anadolu\u2019ya T\u00fcrk Halk Hikayeleri"},"content":{"rendered":"<p>K\u00fclt\u00fcr, bir millet veya toplulu\u011fa \u00f6zg\u00fc d\u00fc\u015f\u00fcnce ve sanat eserlerinin b\u00fct\u00fcn\u00fcd\u00fcr. Tarih\u00ee ve toplumsal geli\u015fme s\u00fcreci i\u00e7erisinde olu\u015fturulan maddi ve manevi de\u011ferlerin tamam\u0131d\u0131r. Bu y\u00fczden Atat\u00fcrk, T\u00fcrkiye Cumhuriyeti\u2019nin temelini y\u00fcksek T\u00fcrk k\u00fclt\u00fcr\u00fc olarak belirlemi\u015ftir. Halk Hik\u00e2yeleri, ger\u00e7ek ya da ger\u00e7e\u011fe yak\u0131n olaylar\u0131n anlat\u0131ld\u0131\u011f\u0131 uzun soluklu anlat\u0131m t\u00fcr\u00fcd\u00fcr. Geleneksel bir i\u00e7eri\u011fi olan, ku\u015faktan ku\u015fa\u011fa s\u00f6zl\u00fc olarak aktar\u0131lan \u00f6yk\u00fclerdir. \u201cUlu\u011f T\u00fcrkistan\u2019dan Anadolu\u2019ya T\u00fcrk Halk Hik\u00e2yeleri-1\u201d adl\u0131 yeni eserimizde T\u00fcrkistan ve T\u00fcrkiye co\u011frafyas\u0131nda T\u00fcrk milleti taraf\u0131ndan ortaya konmu\u015f bir\u00e7ok halk hik\u00e2yesini bir araya getirdik.Bu sayede T\u00fcrkistan ile Anadolu aras\u0131nda bir k\u00f6pr\u00fc kurup T\u00fcrk okuyucusu ile bulu\u015fturduk. Gayemiz, T\u00fcrk Halk Hik\u00e2yeleri hakk\u0131nda okuyucumuza bir fikir vermek ve zengin bir bilgi kayna\u011f\u0131 sunmakt\u0131r. Bin bir emekle ve g\u00f6z nuru d\u00f6kerek haz\u0131rlad\u0131\u011f\u0131m\u0131z bu eserimizin okuyucu taraf\u0131ndan bolca okunmas\u0131 ve sahip \u00e7\u0131k\u0131lmas\u0131 dileklerimle\u2026<\/p>\n","protected":false},"excerpt":{"rendered":"<p>K\u00fclt\u00fcr, bir millet veya toplulu\u011fa \u00f6zg\u00fc d\u00fc\u015f\u00fcnce ve sanat eserlerinin b\u00fct\u00fcn\u00fcd\u00fcr. Tarih\u00ee ve toplumsal geli\u015fme s\u00fcreci i\u00e7erisinde olu\u015fturulan maddi ve manevi de\u011ferlerin tamam\u0131d\u0131r. Bu y\u00fczden Atat\u00fcrk,<span class=\"excerpt-hellip\"> [\u2026]<\/span><\/p>\n","protected":false},"featured_media":0,"template":"","meta":{"_monsterinsights_skip_tracking":false,"_monsterinsights_sitenote_active":false,"_monsterinsights_sitenote_note":"","_monsterinsights_sitenote_category":0},"product_brand":[],"product_cat":[13072,12291],"product_tag":[],"class_list":{"0":"post-720730","1":"product","2":"type-product","3":"status-publish","5":"product_cat-arastirma-inceleme-referans","6":"product_cat-edebiyat","7":"pa_cilt-ciltsiz","8":"pa_tur-kitap","9":"pa_yayinevi-sinova-yayincilik","10":"pa_yazar-selcuk-silsupur","12":"first","13":"instock","14":"sale","15":"shipping-taxable","16":"purchasable","17":"product-type-simple"},"_links":{"self":[{"href":"https:\/\/roveyayinevi.com.tr\/index.php\/wp-json\/wp\/v2\/product\/720730","targetHints":{"allow":["GET"]}}],"collection":[{"href":"https:\/\/roveyayinevi.com.tr\/index.php\/wp-json\/wp\/v2\/product"}],"about":[{"href":"https:\/\/roveyayinevi.com.tr\/index.php\/wp-json\/wp\/v2\/types\/product"}],"wp:attachment":[{"href":"https:\/\/roveyayinevi.com.tr\/index.php\/wp-json\/wp\/v2\/media?parent=720730"}],"wp:term":[{"taxonomy":"product_brand","embeddable":true,"href":"https:\/\/roveyayinevi.com.tr\/index.php\/wp-json\/wp\/v2\/product_brand?post=720730"},{"taxonomy":"product_cat","embeddable":true,"href":"https:\/\/roveyayinevi.com.tr\/index.php\/wp-json\/wp\/v2\/product_cat?post=720730"},{"taxonomy":"product_tag","embeddable":true,"href":"https:\/\/roveyayinevi.com.tr\/index.php\/wp-json\/wp\/v2\/product_tag?post=720730"}],"curies":[{"name":"wp","href":"https:\/\/api.w.org\/{rel}","templated":true}]}}