{"id":720728,"date":"2025-08-27T18:40:03","date_gmt":"2025-08-27T15:40:03","guid":{"rendered":"https:\/\/roveyayinevi.com.tr\/index.php\/urun\/gavurun-degirmeni\/"},"modified":"2026-04-16T02:28:43","modified_gmt":"2026-04-15T23:28:43","slug":"gavurun-degirmeni","status":"publish","type":"product","link":"https:\/\/roveyayinevi.com.tr\/index.php\/urun\/gavurun-degirmeni\/","title":{"rendered":"Gavurun De\u011firmeni"},"content":{"rendered":"<p>\u00c7aresizlik, yeni \u00e7arelere \u00fcretmeye zemin haz\u0131rl\u0131yordu. Gaz az ise lambay\u0131 fazla yakmamak, erken yatmak bunlardan yap\u0131lmas\u0131 gerekenlerden en \u00f6nemlisiydi. Ger\u00e7i elini neye atsan yoktu. Teknolojik imk\u00e2n yoktu. K\u00f6yl\u00fc ellerindeki bu\u011fday tohumlar\u0131n\u0131 yar\u0131m yamalak e\u015fek veya \u00f6k\u00fczle s\u00fcr\u00fclm\u00fc\u015f tarlalara elle serpiyor, \u00fcst\u00fcn\u00fc tapan denen bir a\u011fa\u00e7tan yap\u0131lma aletle kapatmaya \u00e7al\u0131\u015f\u0131yordu. Tar\u0131mla u\u011fra\u015fmak zor i\u015fti. Fatma, e\u015fi hastaland\u0131ktan i\u015fleri yaparken \u00e7ok zorlan\u0131yor, arada s\u0131rada kom\u015fulardan yard\u0131m al\u0131yor, bunun kar\u015f\u0131l\u0131\u011f\u0131 olarak da onlar\u0131n i\u015flerini gidiyordu. Na\u00e7ar bir evlilik Fatma\u2019y\u0131 iyice bunaltm\u0131\u015ft\u0131. Hac\u0131\u2019n\u0131n karde\u015fi Yunus arada bir yard\u0131m ediyordu. Yunus, Hac\u0131\u2019dan iki ya\u015f b\u00fcy\u00fckt\u00fc. Arada hasta karde\u015fine yo\u011furt, s\u00fct getirir, Fatma\u2019n\u0131n g\u00fcc\u00fcn\u00fc a\u015fan i\u015flerde yard\u0131mc\u0131 olurdu. Yunus, sessiz bir adamd\u0131. Az konu\u015fur, insanlarla bir araya nadiren gelir, bo\u015f zamanlar\u0131n\u0131 ba\u011flarda su ba\u015flar\u0131nda, da\u011fl\u0131k yerlerde dola\u015farak ge\u00e7irirdi. \u0130badetine d\u00fc\u015fk\u00fcn bir adamd\u0131. Dedikodudan uzak dururdu. Fatma\u2019ya ac\u0131sa da bunu belli etmiyordu.<\/p>\n","protected":false},"excerpt":{"rendered":"<p>\u00c7aresizlik, yeni \u00e7arelere \u00fcretmeye zemin haz\u0131rl\u0131yordu. Gaz az ise lambay\u0131 fazla yakmamak, erken yatmak bunlardan yap\u0131lmas\u0131 gerekenlerden en \u00f6nemlisiydi. Ger\u00e7i elini neye atsan yoktu. Teknolojik imk\u00e2n<span class=\"excerpt-hellip\"> [\u2026]<\/span><\/p>\n","protected":false},"featured_media":0,"template":"","meta":{"_monsterinsights_skip_tracking":false,"_monsterinsights_sitenote_active":false,"_monsterinsights_sitenote_note":"","_monsterinsights_sitenote_category":0},"product_brand":[],"product_cat":[12291,12711],"product_tag":[],"class_list":{"0":"post-720728","1":"product","2":"type-product","3":"status-publish","5":"product_cat-edebiyat","6":"product_cat-roman-oyku","7":"pa_cilt-ciltsiz","8":"pa_tur-kitap","9":"pa_yayinevi-yade-yayinlari","10":"pa_yazar-bekir-baz","12":"first","13":"instock","14":"sale","15":"shipping-taxable","16":"purchasable","17":"product-type-simple"},"_links":{"self":[{"href":"https:\/\/roveyayinevi.com.tr\/index.php\/wp-json\/wp\/v2\/product\/720728","targetHints":{"allow":["GET"]}}],"collection":[{"href":"https:\/\/roveyayinevi.com.tr\/index.php\/wp-json\/wp\/v2\/product"}],"about":[{"href":"https:\/\/roveyayinevi.com.tr\/index.php\/wp-json\/wp\/v2\/types\/product"}],"wp:attachment":[{"href":"https:\/\/roveyayinevi.com.tr\/index.php\/wp-json\/wp\/v2\/media?parent=720728"}],"wp:term":[{"taxonomy":"product_brand","embeddable":true,"href":"https:\/\/roveyayinevi.com.tr\/index.php\/wp-json\/wp\/v2\/product_brand?post=720728"},{"taxonomy":"product_cat","embeddable":true,"href":"https:\/\/roveyayinevi.com.tr\/index.php\/wp-json\/wp\/v2\/product_cat?post=720728"},{"taxonomy":"product_tag","embeddable":true,"href":"https:\/\/roveyayinevi.com.tr\/index.php\/wp-json\/wp\/v2\/product_tag?post=720728"}],"curies":[{"name":"wp","href":"https:\/\/api.w.org\/{rel}","templated":true}]}}