{"id":720726,"date":"2025-08-27T18:40:01","date_gmt":"2025-08-27T15:40:01","guid":{"rendered":"https:\/\/roveyayinevi.com.tr\/index.php\/urun\/gece-gelen\/"},"modified":"2026-04-16T02:28:43","modified_gmt":"2026-04-15T23:28:43","slug":"gece-gelen","status":"publish","type":"product","link":"https:\/\/roveyayinevi.com.tr\/index.php\/urun\/gece-gelen\/","title":{"rendered":"Gece Gelen"},"content":{"rendered":"<p>Boston\u2019da ya\u015fad\u0131\u011f\u0131 trajik bir olay, yemek kitaplar\u0131 yazan Ava\u2019y\u0131 \u0131ss\u0131z bir sahil kasabas\u0131na s\u00fcr\u00fckler. Burada kiralad\u0131\u011f\u0131 19. y\u00fczy\u0131ldan kalma muhte\u015fem malikanede hem kitab\u0131n\u0131 yazabilecek hem de ge\u00e7mi\u015findeki hayaletlerden kurtulacakt\u0131r. Ancak hi\u00e7bir \u015fey Ava\u2019n\u0131n planlad\u0131\u011f\u0131 gibi gitmez, \u00e7\u00fcnk\u00fc malikanede ba\u015fka biri daha ya\u015famaktad\u0131r: 1875 y\u0131l\u0131nda \u00f6len, malikanenin ilk sahibi Kaptan Brodie! Kaptan Brodie\u2019nin varl\u0131\u011f\u0131, Ava\u2019n\u0131n ak\u0131l sa\u011fl\u0131\u011f\u0131n\u0131 sorgulamas\u0131na yol a\u00e7sa da, geceleri kaptan\u0131n gelmesini sab\u0131rs\u0131zl\u0131kla beklemektedir art\u0131k.Ayn\u0131 zamanda hem sevecen hem de cezaland\u0131r\u0131c\u0131 olan kaptan, tam da Ava\u2019n\u0131n ihtiyac\u0131 olan \u015feyi sunmaktad\u0131r gen\u00e7 kad\u0131na. Malikanede kendisinden \u00f6nce ya\u015fayan kad\u0131nlar\u0131n ba\u015f\u0131na gelenleri \u00f6\u011frenen Ava i\u00e7in tehlike \u00e7anlar\u0131 \u00e7almaya ba\u015flasa da oradan ayr\u0131lmay\u0131 g\u00f6ze alamaz, \u00e7\u00fcnk\u00fc kendi ge\u00e7mi\u015fi \u00e7ok daha fazla korkutmaktad\u0131r onu. Tess Gerritsen tutku ile gerilimi b\u00fcy\u00fck bir beceriyle harmanlarken, okuru insan psikolojisinin derinliklerine g\u00f6t\u00fcr\u00fcyor.<\/p>\n","protected":false},"excerpt":{"rendered":"<p>Boston\u2019da ya\u015fad\u0131\u011f\u0131 trajik bir olay, yemek kitaplar\u0131 yazan Ava\u2019y\u0131 \u0131ss\u0131z bir sahil kasabas\u0131na s\u00fcr\u00fckler. Burada kiralad\u0131\u011f\u0131 19. y\u00fczy\u0131ldan kalma muhte\u015fem malikanede hem kitab\u0131n\u0131 yazabilecek hem de<span class=\"excerpt-hellip\"> [\u2026]<\/span><\/p>\n","protected":false},"featured_media":0,"template":"","meta":{"_monsterinsights_skip_tracking":false,"_monsterinsights_sitenote_active":false,"_monsterinsights_sitenote_note":"","_monsterinsights_sitenote_category":0},"product_brand":[],"product_cat":[12291,12711],"product_tag":[],"class_list":{"0":"post-720726","1":"product","2":"type-product","3":"status-publish","5":"product_cat-edebiyat","6":"product_cat-roman-oyku","7":"pa_cilt-ciltsiz","8":"pa_tur-kitap","9":"pa_yayinevi-dogan-kitap","10":"pa_yazar-tess-gerritsen","12":"first","13":"instock","14":"sale","15":"shipping-taxable","16":"purchasable","17":"product-type-simple"},"_links":{"self":[{"href":"https:\/\/roveyayinevi.com.tr\/index.php\/wp-json\/wp\/v2\/product\/720726","targetHints":{"allow":["GET"]}}],"collection":[{"href":"https:\/\/roveyayinevi.com.tr\/index.php\/wp-json\/wp\/v2\/product"}],"about":[{"href":"https:\/\/roveyayinevi.com.tr\/index.php\/wp-json\/wp\/v2\/types\/product"}],"wp:attachment":[{"href":"https:\/\/roveyayinevi.com.tr\/index.php\/wp-json\/wp\/v2\/media?parent=720726"}],"wp:term":[{"taxonomy":"product_brand","embeddable":true,"href":"https:\/\/roveyayinevi.com.tr\/index.php\/wp-json\/wp\/v2\/product_brand?post=720726"},{"taxonomy":"product_cat","embeddable":true,"href":"https:\/\/roveyayinevi.com.tr\/index.php\/wp-json\/wp\/v2\/product_cat?post=720726"},{"taxonomy":"product_tag","embeddable":true,"href":"https:\/\/roveyayinevi.com.tr\/index.php\/wp-json\/wp\/v2\/product_tag?post=720726"}],"curies":[{"name":"wp","href":"https:\/\/api.w.org\/{rel}","templated":true}]}}