{"id":720724,"date":"2025-08-27T18:39:59","date_gmt":"2025-08-27T15:39:59","guid":{"rendered":"https:\/\/roveyayinevi.com.tr\/index.php\/urun\/hilekarin-marifeti-bu-dunya\/"},"modified":"2026-04-16T02:28:43","modified_gmt":"2026-04-15T23:28:43","slug":"hilekarin-marifeti-bu-dunya","status":"publish","type":"product","link":"https:\/\/roveyayinevi.com.tr\/index.php\/urun\/hilekarin-marifeti-bu-dunya\/","title":{"rendered":"Hilekar\u0131n Marifeti Bu D\u00fcnya"},"content":{"rendered":"<p>Hyde, Hilek\u00e2r\u0131n Marifeti Bu D\u00fcnya\u2019da Yunan\u2019dan Roma\u2019ya, Afrika\u2019dan Amerika\u2019ya, \u00c7in\u2019den Hindistan\u2019a hemen t\u00fcm kadim mitolojilerde kar\u015f\u0131m\u0131za \u00e7\u0131kan \u201ck\u00fclt\u00fcr kahraman\u0131 hilek\u00e2r\u201d\u0131n pe\u015fine d\u00fc\u015f\u00fcyor. B\u00fcy\u00fcleyen ve b\u00fcy\u00fc bozan, yaratan ve y\u0131kan, s\u0131n\u0131r-ihlalcisi ve s\u0131n\u0131r \u00e7izen, marifetli ve beceriksiz, zeki ve budala olan bu mu\u011flak oyunbaz fig\u00fcr\u00fcn k\u00fclt\u00fcr yarat\u0131m\u0131ndaki rol\u00fcn\u00fc inceliyor. Ayn\u0131 zamanda da Picasso, Duchamp, Ginsberg, Cage, Maxine Hong Kingston ve Frederick Douglass gibi g\u00f6rece yak\u0131n zamanl\u0131 \u015fahsiyetlerin yarat\u0131c\u0131 s\u00fcre\u00e7lerinde ve \u00f6zg\u00fcrle\u015fme tecr\u00fcbelerinde hilek\u00e2rca jestlerin izini s\u00fcr\u00fcyor. Hyde\u2019\u0131n modern k\u00fclt\u00fcr ele\u015ftirisinin g\u00fczide bir \u00f6rne\u011fini sundu\u011fu bu \u00e7al\u0131\u015fma, k\u00fclt\u00fcr ve dil tuzaklar\u0131ndan yarat\u0131c\u0131 ka\u00e7\u0131\u015flar arayanlar i\u00e7in de\u011ferli bir el kitab\u0131 niteli\u011finde. <\/p>\n","protected":false},"excerpt":{"rendered":"<p>Hyde, Hilek\u00e2r\u0131n Marifeti Bu D\u00fcnya\u2019da Yunan\u2019dan Roma\u2019ya, Afrika\u2019dan Amerika\u2019ya, \u00c7in\u2019den Hindistan\u2019a hemen t\u00fcm kadim mitolojilerde kar\u015f\u0131m\u0131za \u00e7\u0131kan \u201ck\u00fclt\u00fcr kahraman\u0131 hilek\u00e2r\u201d\u0131n pe\u015fine d\u00fc\u015f\u00fcyor. B\u00fcy\u00fcleyen ve b\u00fcy\u00fc bozan,<span class=\"excerpt-hellip\"> [\u2026]<\/span><\/p>\n","protected":false},"featured_media":0,"template":"","meta":{"_monsterinsights_skip_tracking":false,"_monsterinsights_sitenote_active":false,"_monsterinsights_sitenote_note":"","_monsterinsights_sitenote_category":0},"product_brand":[],"product_cat":[13072,12291],"product_tag":[],"class_list":{"0":"post-720724","1":"product","2":"type-product","3":"status-publish","5":"product_cat-arastirma-inceleme-referans","6":"product_cat-edebiyat","7":"pa_cilt-ciltsiz","8":"pa_tur-kitap","9":"pa_yayinevi-alfa-yayinlari","10":"pa_yazar-lewis-hyde","12":"first","13":"instock","14":"sale","15":"shipping-taxable","16":"purchasable","17":"product-type-simple"},"_links":{"self":[{"href":"https:\/\/roveyayinevi.com.tr\/index.php\/wp-json\/wp\/v2\/product\/720724","targetHints":{"allow":["GET"]}}],"collection":[{"href":"https:\/\/roveyayinevi.com.tr\/index.php\/wp-json\/wp\/v2\/product"}],"about":[{"href":"https:\/\/roveyayinevi.com.tr\/index.php\/wp-json\/wp\/v2\/types\/product"}],"wp:attachment":[{"href":"https:\/\/roveyayinevi.com.tr\/index.php\/wp-json\/wp\/v2\/media?parent=720724"}],"wp:term":[{"taxonomy":"product_brand","embeddable":true,"href":"https:\/\/roveyayinevi.com.tr\/index.php\/wp-json\/wp\/v2\/product_brand?post=720724"},{"taxonomy":"product_cat","embeddable":true,"href":"https:\/\/roveyayinevi.com.tr\/index.php\/wp-json\/wp\/v2\/product_cat?post=720724"},{"taxonomy":"product_tag","embeddable":true,"href":"https:\/\/roveyayinevi.com.tr\/index.php\/wp-json\/wp\/v2\/product_tag?post=720724"}],"curies":[{"name":"wp","href":"https:\/\/api.w.org\/{rel}","templated":true}]}}