{"id":720723,"date":"2025-08-27T18:39:58","date_gmt":"2025-08-27T15:39:58","guid":{"rendered":"https:\/\/roveyayinevi.com.tr\/index.php\/urun\/yazma-uzerine\/"},"modified":"2026-04-16T02:28:43","modified_gmt":"2026-04-15T23:28:43","slug":"yazma-uzerine","status":"publish","type":"product","link":"https:\/\/roveyayinevi.com.tr\/index.php\/urun\/yazma-uzerine\/","title":{"rendered":"Yazma \u00dczerine"},"content":{"rendered":"<p>\u201cHemingway, yazarl\u0131k kariyeri boyunca, yazma hakk\u0131nda konu\u015fman\u0131n k\u00f6t\u00fc \u015fans getirdi\u011fini, \u2018yazd\u0131klar\u0131n\u0131z\u0131 birine g\u00f6stermenin ya da bundan bahsetmenin kelebeklerin kanatlar\u0131ndaki her \u015feyi ve bir \u015fahinin t\u00fcylerindeki d\u00fczeni s\u00f6k\u00fcp atmak gibi\u2019 oldu\u011funu savundu.\u201dBu inanc\u0131na ra\u011fmen, ya\u015fam\u0131 boyunca hep yapmak istemedi\u011fi o \u015feyi yapt\u0131. Hemingway roman ve \u00f6yk\u00fclerinde, edit\u00f6rlere, arkada\u015flar\u0131na, sanat\u00e7\u0131 dostlar\u0131na ve ele\u015ftirmenlere yazd\u0131\u011f\u0131 mektuplarda, r\u00f6portajlarda ve konuya ili\u015fkin makalelerinde s\u0131kl\u0131kla yazma konusuna de\u011finmi\u015fti. Ve bu konu hakk\u0131nda, en az gelmi\u015f ge\u00e7mi\u015f t\u00fcm yazarlar kadar iyi ve derinlemesine yazm\u0131\u015ft\u0131&#8230;Bu kitap, Hemingway\u2019in yazar\u0131n do\u011fas\u0131 ve ya\u015fam\u0131ndaki unsurlar \u00fczerine d\u00fc\u015f\u00fcnceleri ile yazarlara yazma sanat\u0131, \u00e7al\u0131\u015fma al\u0131\u015fkanl\u0131klar\u0131 ve disiplin konular\u0131nda verdi\u011fi \u00f6zel ve faydal\u0131 \u00f6\u011f\u00fctleri i\u00e7ermektedir. Hemingway\u2019in kendine \u00f6zg\u00fc ki\u015fili\u011fi genel bir bilgelik, zek\u00e2, mizah ve kavray\u0131\u015f ile yazar\u0131n ve yazarl\u0131k mesle\u011finin d\u00fcr\u00fcstl\u00fc\u011f\u00fc konusundaki \u0131srar\u0131yla ortaya \u00e7\u0131kmaktad\u0131r. <\/p>\n","protected":false},"excerpt":{"rendered":"<p>\u201cHemingway, yazarl\u0131k kariyeri boyunca, yazma hakk\u0131nda konu\u015fman\u0131n k\u00f6t\u00fc \u015fans getirdi\u011fini, \u2018yazd\u0131klar\u0131n\u0131z\u0131 birine g\u00f6stermenin ya da bundan bahsetmenin kelebeklerin kanatlar\u0131ndaki her \u015feyi ve bir \u015fahinin t\u00fcylerindeki d\u00fczeni<span class=\"excerpt-hellip\"> [\u2026]<\/span><\/p>\n","protected":false},"featured_media":0,"template":"","meta":{"_monsterinsights_skip_tracking":false,"_monsterinsights_sitenote_active":false,"_monsterinsights_sitenote_note":"","_monsterinsights_sitenote_category":0},"product_brand":[],"product_cat":[27157,12291],"product_tag":[],"class_list":{"0":"post-720723","1":"product","2":"type-product","3":"status-publish","5":"product_cat-derleme","6":"product_cat-edebiyat","7":"pa_cilt-ciltsiz","8":"pa_tur-kitap","9":"pa_yayinevi-bilgi-yayinevi","10":"pa_yazar-ernest-hemingway","12":"first","13":"instock","14":"sale","15":"shipping-taxable","16":"purchasable","17":"product-type-simple"},"_links":{"self":[{"href":"https:\/\/roveyayinevi.com.tr\/index.php\/wp-json\/wp\/v2\/product\/720723","targetHints":{"allow":["GET"]}}],"collection":[{"href":"https:\/\/roveyayinevi.com.tr\/index.php\/wp-json\/wp\/v2\/product"}],"about":[{"href":"https:\/\/roveyayinevi.com.tr\/index.php\/wp-json\/wp\/v2\/types\/product"}],"wp:attachment":[{"href":"https:\/\/roveyayinevi.com.tr\/index.php\/wp-json\/wp\/v2\/media?parent=720723"}],"wp:term":[{"taxonomy":"product_brand","embeddable":true,"href":"https:\/\/roveyayinevi.com.tr\/index.php\/wp-json\/wp\/v2\/product_brand?post=720723"},{"taxonomy":"product_cat","embeddable":true,"href":"https:\/\/roveyayinevi.com.tr\/index.php\/wp-json\/wp\/v2\/product_cat?post=720723"},{"taxonomy":"product_tag","embeddable":true,"href":"https:\/\/roveyayinevi.com.tr\/index.php\/wp-json\/wp\/v2\/product_tag?post=720723"}],"curies":[{"name":"wp","href":"https:\/\/api.w.org\/{rel}","templated":true}]}}