{"id":720722,"date":"2025-08-27T18:39:58","date_gmt":"2025-08-27T15:39:58","guid":{"rendered":"https:\/\/roveyayinevi.com.tr\/index.php\/urun\/iranin-jeopolitigi\/"},"modified":"2026-04-16T02:28:43","modified_gmt":"2026-04-15T23:28:43","slug":"iranin-jeopolitigi","status":"publish","type":"product","link":"https:\/\/roveyayinevi.com.tr\/index.php\/urun\/iranin-jeopolitigi\/","title":{"rendered":"\u0130ran&#8217;\u0131n Jeopoliti\u011fi"},"content":{"rendered":"<p>\u0130ran, Anadolu gibi bir T\u00fcrk yurdudur. Her ikisi de yak\u0131n tarihte i\u015fgale u\u011fram\u0131\u015ft\u0131r. Her ikisinin de kayb\u0131 b\u00fcy\u00fckt\u00fcr. Nas\u0131l oldu i\u015fgal d\u00f6nemi Anadolu\u2019nun T\u00fcrkl\u00fc\u011f\u00fc koruna bildi, ancak \u0130ran\u2019\u0131n T\u00fcrk kimlik egemenli\u011fi ortadan kalkt\u0131? Osmanl\u0131 Devletinin toprak ve T\u00fcrkl\u00fck miras\u0131 Atat\u00fcrk\u2019\u00fcn liderli\u011finde bir kurtulu\u015f m\u00fccadelesi ile korunabilmi\u015ftir. Topraklar\u0131n \u00e7o\u011fu kaybedilmi\u015f olsa da Anadolu topraklar\u0131 ve en \u00f6nemlisi T\u00fcrk k\u00fclt\u00fcr\u00fc ve kimli\u011fi korunmu\u015f ve bir T\u00fcrk devleti kurulmu\u015ftur.Peki ya \u0130ran\u2019\u0131n T\u00fcrkl\u00fc\u011f\u00fc? \u0130ran\u2019da \u0130\u015fgal, do\u011frudan T\u00fcrk kimli\u011fini ve k\u00fclt\u00fcr\u00fcn\u00fc hedef alm\u0131\u015ft\u0131r.  Tarih\u00e7iler i\u015fgalde, sa\u011flam Ordusu olmayan \u0130ran\u2019\u0131n toprak b\u00fct\u00fcnl\u00fc\u011f\u00fcn\u00fcn korunmas\u0131n\u0131 ve tam tersine g\u00fc\u00e7l\u00fc orduya sahip Osmanl\u0131\u2019n\u0131n par\u00e7alanmas\u0131n\u0131 \u0130ran siyaset\u00e7ilerinin kurnazl\u0131\u011f\u0131na ba\u011flar. Ancak bu, \u0130ran T\u00fcrkl\u00fc\u011f\u00fcne kar\u015f\u0131 i\u015flenmi\u015f b\u00fcy\u00fck ve korkun\u00e7 bir cinayetin \u00f6rtbas edilmesi i\u00e7in uydurulmu\u015f bir g\u00fczellemedir. Toprak egemenli\u011fi mi, kimlik egemenli\u011fi mi? Hangisinin kayb\u0131 a\u011f\u0131r oldu? Kimli\u011fin yeniden in\u015fas\u0131 \u00e7ok daha zordur. Pers kimli\u011fi ad\u0131 alt\u0131nda aklen ve fikren i\u015fgal edilen \u0130ran, yeniden eski T\u00fcrkl\u00fc\u011f\u00fcne kavu\u015fabilecek mi?<\/p>\n","protected":false},"excerpt":{"rendered":"<p>\u0130ran, Anadolu gibi bir T\u00fcrk yurdudur. Her ikisi de yak\u0131n tarihte i\u015fgale u\u011fram\u0131\u015ft\u0131r. Her ikisinin de kayb\u0131 b\u00fcy\u00fckt\u00fcr. Nas\u0131l oldu i\u015fgal d\u00f6nemi Anadolu\u2019nun T\u00fcrkl\u00fc\u011f\u00fc koruna bildi,<span class=\"excerpt-hellip\"> [\u2026]<\/span><\/p>\n","protected":false},"featured_media":0,"template":"","meta":{"_monsterinsights_skip_tracking":false,"_monsterinsights_sitenote_active":false,"_monsterinsights_sitenote_note":"","_monsterinsights_sitenote_category":0},"product_brand":[],"product_cat":[12337,14706],"product_tag":[],"class_list":{"0":"post-720722","1":"product","2":"type-product","3":"status-publish","5":"product_cat-politika-siyaset","6":"product_cat-siyaset-bilimi","7":"pa_cilt-ciltsiz","8":"pa_tur-kitap","9":"pa_yayinevi-astana-yayinlari","10":"pa_yazar-rahim-cavadbeyli","12":"first","13":"instock","14":"sale","15":"shipping-taxable","16":"purchasable","17":"product-type-simple"},"_links":{"self":[{"href":"https:\/\/roveyayinevi.com.tr\/index.php\/wp-json\/wp\/v2\/product\/720722","targetHints":{"allow":["GET"]}}],"collection":[{"href":"https:\/\/roveyayinevi.com.tr\/index.php\/wp-json\/wp\/v2\/product"}],"about":[{"href":"https:\/\/roveyayinevi.com.tr\/index.php\/wp-json\/wp\/v2\/types\/product"}],"wp:attachment":[{"href":"https:\/\/roveyayinevi.com.tr\/index.php\/wp-json\/wp\/v2\/media?parent=720722"}],"wp:term":[{"taxonomy":"product_brand","embeddable":true,"href":"https:\/\/roveyayinevi.com.tr\/index.php\/wp-json\/wp\/v2\/product_brand?post=720722"},{"taxonomy":"product_cat","embeddable":true,"href":"https:\/\/roveyayinevi.com.tr\/index.php\/wp-json\/wp\/v2\/product_cat?post=720722"},{"taxonomy":"product_tag","embeddable":true,"href":"https:\/\/roveyayinevi.com.tr\/index.php\/wp-json\/wp\/v2\/product_tag?post=720722"}],"curies":[{"name":"wp","href":"https:\/\/api.w.org\/{rel}","templated":true}]}}