{"id":720721,"date":"2025-08-27T18:39:57","date_gmt":"2025-08-27T15:39:57","guid":{"rendered":"https:\/\/roveyayinevi.com.tr\/index.php\/urun\/turk-egitim-sistemi-ve-okul-yonetimi-4\/"},"modified":"2026-02-23T11:26:51","modified_gmt":"2026-02-23T08:26:51","slug":"turk-egitim-sistemi-ve-okul-yonetimi-4","status":"publish","type":"product","link":"https:\/\/roveyayinevi.com.tr\/index.php\/urun\/turk-egitim-sistemi-ve-okul-yonetimi-4\/","title":{"rendered":"T\u00fcrk E\u011fitim Sistemi Ve Okul Y\u00f6netimi"},"content":{"rendered":"<p>\u00dclkemizde T\u00fcrk E\u011fitim Sistemi ve Okul Y\u00f6netiminin ders olarak lisans d\u00fczeyinde okutulmas\u0131nda istikrars\u0131zl\u0131k ya\u015fand\u0131\u011f\u0131na, \u00f6zellikle son y\u0131llarda \u00fcz\u00fclerek tan\u0131k olduk. Oysa d\u00fcnyada yakla\u015f\u0131k 70 y\u0131ld\u0131r, E\u011fitim Y\u00f6netimi bir bilim dal\u0131 olarak kabul edilmi\u015ftir ve \u00fczerinde ara\u015ft\u0131rmalar, tart\u0131\u015fmalar yap\u0131lmaktad\u0131r. Yine d\u00fcnyan\u0131n geli\u015fmi\u015f \u00fclkelerinde, okul y\u00f6neticileri lisans, y\u00fcksek lisans okuyarak ya da kurslardan ge\u00e7irilerek y\u00f6neticili\u011fe atanmaktad\u0131rlar. \u00dclkemizde 1960\u2019l\u0131 y\u0131llardan bu yana, E\u011fitim Y\u00f6netimi bilim dal\u0131n\u0131n geli\u015fmesi i\u00e7in b\u00fcy\u00fck \u00e7abalar harcanm\u0131\u015ft\u0131r. Ancak gelinen nokta, iki a\u00e7\u0131dan h\u00e2l\u00e2 i\u00e7 a\u00e7\u0131c\u0131 de\u011fildir. Birincisi, y\u00f6netici atamalar\u0131nda E\u011fitim Y\u00f6netimi dal\u0131nda e\u011fitim alma zorunlulu\u011fu aranmamas\u0131. \u0130kincisi, E\u011fitim Y\u00f6netiminin lisans d\u00fczeyinde ders olarak okutulmas\u0131n\u0131n hen\u00fcz istikrara kavu\u015fmam\u0131\u015f olmas\u0131d\u0131r.Y\u00f6netici atamalar\u0131, h\u00e2l\u00e2 siyasal kadrola\u015fma arac\u0131 olarak kullan\u0131lmaktad\u0131r. Y\u00f6netici atamalar\u0131nda yeterlilik de\u011fil; iktidar yanda\u015f\u0131, militan\u0131 olmak, hem\u015fericilik, akraba kay\u0131rmac\u0131l\u0131\u011f\u0131, \u00e7\u0131karc\u0131l\u0131k vb. etmenler b\u00fcy\u00fck rol oynamaktad\u0131r. Durum b\u00f6yle olunca da E\u011fitim Y\u00f6neticili\u011finin bir uzmanl\u0131k alan\u0131 olarak geli\u015fmesi, olgunla\u015fmas\u0131 s\u00fcrekli olarak gecikmektedir. Son y\u0131llarda Milli E\u011fitim Bakanl\u0131\u011f\u0131 (MEB) merkez \u00f6rg\u00fct\u00fcne, e\u011fitim \u00f6rg\u00fct\u00fc deneyimi uzmanl\u0131k yeterlili\u011fi olmayanlar\u0131n atanmas\u0131 gelecek a\u00e7\u0131s\u0131ndan daha da kayg\u0131 vericidir.1998\u2019de E\u011fitim Fak\u00fcltelerinin programlar\u0131ndan T\u00fcrk E\u011fitim Sistemi ve Okul Y\u00f6netimi ile ilgili dersler kald\u0131r\u0131lm\u0131\u015ft\u0131r. Bu durum, 2005 y\u0131l\u0131na kadar s\u00fcrm\u00fc\u015ft\u00fcr. E\u011fitim Fak\u00fcltelerinin programlar\u0131na 2005\u2019ten sonra yeniden T\u00fcrk E\u011fitim Sistemi ve Okul Y\u00f6netimi dersi konmu\u015ftur. 2007\u2019de yap\u0131lan bir de\u011fi\u015fiklikle, Orta \u00d6\u011fretim Alan \u00d6\u011fretmenli\u011fi Tezsiz Y\u00fcksek Lisans programlar\u0131na T\u00fcrk E\u011fitim Sistemi ve Okul Y\u00f6netimi dersi konmu\u015ftur. Ancak aradan bir y\u0131l bile ge\u00e7meden, 2008 yaz\u0131nda bu ders programdan kald\u0131r\u0131lm\u0131\u015ft\u0131r\u2026 G\u00f6r\u00fcld\u00fc\u011f\u00fc gibi, derslerin kald\u0131r\u0131l\u0131\u015f\u0131 belli bir bilimsel veriden, kayg\u0131dan kaynaklanm\u0131yor. Uygulama tamamen keyfi, g\u00fcnl\u00fck kararlara dayan\u0131yor.<\/p>\n","protected":false},"excerpt":{"rendered":"<p>\u00dclkemizde T\u00fcrk E\u011fitim Sistemi ve Okul Y\u00f6netiminin ders olarak lisans d\u00fczeyinde okutulmas\u0131nda istikrars\u0131zl\u0131k ya\u015fand\u0131\u011f\u0131na, \u00f6zellikle son y\u0131llarda \u00fcz\u00fclerek tan\u0131k olduk. Oysa d\u00fcnyada yakla\u015f\u0131k 70 y\u0131ld\u0131r, E\u011fitim<span class=\"excerpt-hellip\"> [\u2026]<\/span><\/p>\n","protected":false},"featured_media":0,"template":"","meta":{"_monsterinsights_skip_tracking":false,"_monsterinsights_sitenote_active":false,"_monsterinsights_sitenote_note":"","_monsterinsights_sitenote_category":0},"product_brand":[],"product_cat":[12567,12566],"product_tag":[],"class_list":{"0":"post-720721","1":"product","2":"type-product","3":"status-publish","5":"product_cat-diger-egitim","6":"product_cat-egitim","7":"pa_cilt-ciltsiz","8":"pa_tur-kitap","9":"pa_yayinevi-ani-yayincilik","10":"pa_yazar-ruhi-sarpkaya","12":"first","13":"instock","14":"sale","15":"shipping-taxable","16":"purchasable","17":"product-type-simple"},"_links":{"self":[{"href":"https:\/\/roveyayinevi.com.tr\/index.php\/wp-json\/wp\/v2\/product\/720721","targetHints":{"allow":["GET"]}}],"collection":[{"href":"https:\/\/roveyayinevi.com.tr\/index.php\/wp-json\/wp\/v2\/product"}],"about":[{"href":"https:\/\/roveyayinevi.com.tr\/index.php\/wp-json\/wp\/v2\/types\/product"}],"wp:attachment":[{"href":"https:\/\/roveyayinevi.com.tr\/index.php\/wp-json\/wp\/v2\/media?parent=720721"}],"wp:term":[{"taxonomy":"product_brand","embeddable":true,"href":"https:\/\/roveyayinevi.com.tr\/index.php\/wp-json\/wp\/v2\/product_brand?post=720721"},{"taxonomy":"product_cat","embeddable":true,"href":"https:\/\/roveyayinevi.com.tr\/index.php\/wp-json\/wp\/v2\/product_cat?post=720721"},{"taxonomy":"product_tag","embeddable":true,"href":"https:\/\/roveyayinevi.com.tr\/index.php\/wp-json\/wp\/v2\/product_tag?post=720721"}],"curies":[{"name":"wp","href":"https:\/\/api.w.org\/{rel}","templated":true}]}}