{"id":720720,"date":"2025-08-27T18:39:56","date_gmt":"2025-08-27T15:39:56","guid":{"rendered":"https:\/\/roveyayinevi.com.tr\/index.php\/urun\/atomcu-felsefe-fragmanlari\/"},"modified":"2026-04-16T02:28:43","modified_gmt":"2026-04-15T23:28:43","slug":"atomcu-felsefe-fragmanlari","status":"publish","type":"product","link":"https:\/\/roveyayinevi.com.tr\/index.php\/urun\/atomcu-felsefe-fragmanlari\/","title":{"rendered":"Atomcu Felsefe Fragmanlar\u0131"},"content":{"rendered":"<p>Leukippos (M\u00d6 V. y\u00fczy\u0131l): Sokrates \u00f6ncesi felsefe ekollerinden Atomcu Felsefe\u2019nin kurucu fig\u00fcr\u00fc olan Leukippos\u2019un hayat\u0131 hakk\u0131nda bilinenler \u00e7ok azd\u0131r. Ger\u00e7ekten ya\u015fay\u0131p ya\u015famad\u0131\u011f\u0131 antik d\u00fcnyada bile tart\u0131\u015fma konusu olmu\u015ftur. Diogenes Laertius\u2019tan bir al\u0131nt\u0131da Hermarkhos gibi Epikuros\u2019un da Leukippos adl\u0131 bir filozofun ya\u015famad\u0131\u011f\u0131n\u0131 d\u00fc\u015f\u00fcnd\u00fc\u011f\u00fc s\u00f6ylenir, bununla birlikte ona dair al\u0131nt\u0131lar daha fazlad\u0131r. Milet\u2019te ya\u015fad\u0131\u011f\u0131, Demokritos\u2019un hocas\u0131 oldu\u011fu kabul edilir.Demokritos (yakla\u015f\u0131k M\u00d6 460-370): Bir\u00e7ok kaynakta Abderal\u0131 olarak an\u0131lm\u0131\u015ft\u0131r. Atomcu Felsefe ve evrenin atom teorisinin geli\u015fiminde merkezi bir yer i\u015fgal eder. Temel konularda hocas\u0131 Leukippos\u2019un izinden giden Demokritos, onun teorisini daha ku\u015fkucu ve daha az t\u00fcmdengelimci bir y\u00f6ntemle ele al\u0131p geli\u015ftirmi\u015ftir. Do\u011fu\u2019da \u00e7ok seyahat etmi\u015f, M\u0131s\u0131r, Persia, Hindistan ve Babil\u2019de bir\u00e7ok \u015fey \u00f6\u011frenmi\u015ftir. Demokritos etik konulara da ilgi duymu\u015f ya da kendisinden sonraki yazarlar ona baz\u0131 etik fragmanlar\u0131n atfedilmesini garipsememi\u015ftir. Atomcu Felsefe Fragmanlar\u0131, daha sonra Epikuros\u00e7u fizi\u011fe ve materyalist felsefeye zemin haz\u0131rlayan bu felsefe ekol\u00fcn\u00fcn temsilcilerine ve onlar\u0131n kabul veya reddedili\u015flerine dair t\u00fcm erken d\u00f6nem yaz\u0131l\u0131 kaynaklar\u0131 T\u00fcrk\u00e7eye aktarma amac\u0131n\u0131 ta\u015f\u0131maktad\u0131r.<\/p>\n","protected":false},"excerpt":{"rendered":"<p>Leukippos (M\u00d6 V. y\u00fczy\u0131l): Sokrates \u00f6ncesi felsefe ekollerinden Atomcu Felsefe\u2019nin kurucu fig\u00fcr\u00fc olan Leukippos\u2019un hayat\u0131 hakk\u0131nda bilinenler \u00e7ok azd\u0131r. Ger\u00e7ekten ya\u015fay\u0131p ya\u015famad\u0131\u011f\u0131 antik d\u00fcnyada bile tart\u0131\u015fma<span class=\"excerpt-hellip\"> [\u2026]<\/span><\/p>\n","protected":false},"featured_media":0,"template":"","meta":{"_monsterinsights_skip_tracking":false,"_monsterinsights_sitenote_active":false,"_monsterinsights_sitenote_note":"","_monsterinsights_sitenote_category":0},"product_brand":[],"product_cat":[12389,12388],"product_tag":[],"class_list":{"0":"post-720720","1":"product","2":"type-product","3":"status-publish","5":"product_cat-diger-felsefe","6":"product_cat-felsefe","7":"pa_cilt-ciltsiz","8":"pa_tur-kitap","9":"pa_yayinevi-is-bankasi-kultur-yayinlari","10":"pa_yazar-leukippos-demokritos","12":"first","13":"instock","14":"sale","15":"shipping-taxable","16":"purchasable","17":"product-type-simple"},"_links":{"self":[{"href":"https:\/\/roveyayinevi.com.tr\/index.php\/wp-json\/wp\/v2\/product\/720720","targetHints":{"allow":["GET"]}}],"collection":[{"href":"https:\/\/roveyayinevi.com.tr\/index.php\/wp-json\/wp\/v2\/product"}],"about":[{"href":"https:\/\/roveyayinevi.com.tr\/index.php\/wp-json\/wp\/v2\/types\/product"}],"wp:attachment":[{"href":"https:\/\/roveyayinevi.com.tr\/index.php\/wp-json\/wp\/v2\/media?parent=720720"}],"wp:term":[{"taxonomy":"product_brand","embeddable":true,"href":"https:\/\/roveyayinevi.com.tr\/index.php\/wp-json\/wp\/v2\/product_brand?post=720720"},{"taxonomy":"product_cat","embeddable":true,"href":"https:\/\/roveyayinevi.com.tr\/index.php\/wp-json\/wp\/v2\/product_cat?post=720720"},{"taxonomy":"product_tag","embeddable":true,"href":"https:\/\/roveyayinevi.com.tr\/index.php\/wp-json\/wp\/v2\/product_tag?post=720720"}],"curies":[{"name":"wp","href":"https:\/\/api.w.org\/{rel}","templated":true}]}}