{"id":720718,"date":"2025-08-27T18:39:55","date_gmt":"2025-08-27T15:39:55","guid":{"rendered":"https:\/\/roveyayinevi.com.tr\/index.php\/urun\/judith\/"},"modified":"2026-04-16T02:28:43","modified_gmt":"2026-04-15T23:28:43","slug":"judith","status":"publish","type":"product","link":"https:\/\/roveyayinevi.com.tr\/index.php\/urun\/judith\/","title":{"rendered":"Judith"},"content":{"rendered":"<p>C. Friedrich Hebbel (1813-1863): Alman as\u0131ll\u0131 \u015fair ve oyun yazar\u0131. Bir duvar ustas\u0131n\u0131n o\u011flu olarak d\u00fcnyaya geldi. \u00c7ocuklu\u011fu ve gen\u00e7li\u011fi yoksulluk i\u00e7inde ge\u00e7ti, e\u011fitimi ekonomik zorluklarla hep kesintiye u\u011frad\u0131. Danimarka Kral\u0131\u2019n\u0131n verdi\u011fi e\u011fitim bursuyla pek \u00e7ok Avrupa \u015fehrinde bulundu. Viyana\u2019ya yerle\u015fti ve bir tiyatro oyuncusu ile evlenip hayat\u0131n\u0131 yazmaya adad\u0131. Hebbel\u2019i k\u0131sa s\u00fcrede 19. y\u00fczy\u0131l Alman edebiyat\u0131n\u0131n en \u00f6nemli tragedya yazarlar\u0131 aras\u0131na sokan Judith 1941 y\u0131l\u0131nda yay\u0131mland\u0131 ve bir y\u0131l sonra Hamburg ve Berlin\u2019de sahnelendi. Bu tragedya Eski Ahit\u2019teki \u201cYudit Kitab\u0131\u201dndan esinlenmi\u015ftir. Zalim h\u00fck\u00fcmdar Holofernes, Bethulia kap\u0131lar\u0131na dayanm\u0131\u015ft\u0131r, a\u00e7l\u0131k, susuzluk ve korkuya mahk\u00fbm edilen Yahudi halk\u0131n\u0131n inanc\u0131n\u0131n s\u0131nand\u0131\u011f\u0131 bu g\u00fcnlerde al\u0131\u015f\u0131lmad\u0131k bir kahraman olaylar\u0131n gidi\u015fat\u0131n\u0131 k\u00f6k\u00fcnden de\u011fi\u015ftirecektir.<\/p>\n","protected":false},"excerpt":{"rendered":"<p>C. Friedrich Hebbel (1813-1863): Alman as\u0131ll\u0131 \u015fair ve oyun yazar\u0131. Bir duvar ustas\u0131n\u0131n o\u011flu olarak d\u00fcnyaya geldi. \u00c7ocuklu\u011fu ve gen\u00e7li\u011fi yoksulluk i\u00e7inde ge\u00e7ti, e\u011fitimi ekonomik zorluklarla<span class=\"excerpt-hellip\"> [\u2026]<\/span><\/p>\n","protected":false},"featured_media":0,"template":"","meta":{"_monsterinsights_skip_tracking":false,"_monsterinsights_sitenote_active":false,"_monsterinsights_sitenote_note":"","_monsterinsights_sitenote_category":0},"product_brand":[],"product_cat":[12782,12291],"product_tag":[],"class_list":{"0":"post-720718","1":"product","2":"type-product","3":"status-publish","5":"product_cat-alman-edebiyati","6":"product_cat-edebiyat","7":"pa_cilt-ciltsiz","8":"pa_tur-kitap","9":"pa_yayinevi-is-bankasi-kultur-yayinlari","10":"pa_yazar-christian-friedrich-hebbel","12":"first","13":"instock","14":"sale","15":"shipping-taxable","16":"purchasable","17":"product-type-simple"},"_links":{"self":[{"href":"https:\/\/roveyayinevi.com.tr\/index.php\/wp-json\/wp\/v2\/product\/720718","targetHints":{"allow":["GET"]}}],"collection":[{"href":"https:\/\/roveyayinevi.com.tr\/index.php\/wp-json\/wp\/v2\/product"}],"about":[{"href":"https:\/\/roveyayinevi.com.tr\/index.php\/wp-json\/wp\/v2\/types\/product"}],"wp:attachment":[{"href":"https:\/\/roveyayinevi.com.tr\/index.php\/wp-json\/wp\/v2\/media?parent=720718"}],"wp:term":[{"taxonomy":"product_brand","embeddable":true,"href":"https:\/\/roveyayinevi.com.tr\/index.php\/wp-json\/wp\/v2\/product_brand?post=720718"},{"taxonomy":"product_cat","embeddable":true,"href":"https:\/\/roveyayinevi.com.tr\/index.php\/wp-json\/wp\/v2\/product_cat?post=720718"},{"taxonomy":"product_tag","embeddable":true,"href":"https:\/\/roveyayinevi.com.tr\/index.php\/wp-json\/wp\/v2\/product_tag?post=720718"}],"curies":[{"name":"wp","href":"https:\/\/api.w.org\/{rel}","templated":true}]}}