{"id":720716,"date":"2025-08-27T18:39:53","date_gmt":"2025-08-27T15:39:53","guid":{"rendered":"https:\/\/roveyayinevi.com.tr\/index.php\/urun\/dunya-hayal-kurma-gunu\/"},"modified":"2026-04-16T02:28:43","modified_gmt":"2026-04-15T23:28:43","slug":"dunya-hayal-kurma-gunu","status":"publish","type":"product","link":"https:\/\/roveyayinevi.com.tr\/index.php\/urun\/dunya-hayal-kurma-gunu\/","title":{"rendered":"D\u00fcnya Hayal Kurma G\u00fcn\u00fc"},"content":{"rendered":"<p>D\u00fc\u015fle bir g\u00fcn, senin olsun t\u00fcm hayallerin!\u015eiirsel anlat\u0131m\u0131yla edebiyat\u0131m\u0131z\u0131n en ince ruhlu kalemlerinden Habib Bekta\u015f\u2019\u0131n yazd\u0131\u011f\u0131 D\u00fcnya Hayal Kurma G\u00fcn\u00fc, alt\u0131 \u00f6zel g\u00fcn\u00fc alt\u0131 \u00f6zg\u00fcn \u00f6yk\u00fcde bulu\u015fturan duygu y\u00fckl\u00fc bir \u00f6yk\u00fc p\u0131nar\u0131.Esin kayna\u011f\u0131n\u0131 hayat\u0131n ta kendisinden alan \u00f6yk\u00fcleriyle hem \u00e7ocuk hem de yeti\u015fkin okurlar\u0131n\u0131n y\u00fcre\u011fini ya\u015fama sevinciyle dolduran yazar, bu kitab\u0131yla herkesi hayal kurmaya ve kendi \u00f6zel g\u00fcn\u00fcn\u00fc ke\u015ffetmeye \u00e7a\u011f\u0131r\u0131yor.Alabildi\u011fine hayal kurman\u0131n insan ruhunu ne denli co\u015fturabilece\u011fini g\u00f6zler \u00f6n\u00fcne seren D\u00fcnya Hayal Kurma G\u00fcn\u00fc, k\u00e2h g\u00fcld\u00fcren, k\u00e2h h\u00fcz\u00fcnlendiren ama en \u00e7ok da d\u00fc\u015f\u00fcnd\u00fcren \u00f6yk\u00fc se\u00e7kisiyle yarat\u0131c\u0131l\u0131\u011f\u0131 k\u0131\u015fk\u0131rt\u0131yor.\u00d6yle bir g\u00fcn ki\u2026 sadece senin bildi\u011fin, sana \u00f6zel! Herkesin \u00f6zel bir g\u00fcn\u00fc vard\u0131r; unutamad\u0131\u011f\u0131, daima y\u00fcre\u011finin bir k\u00f6\u015fesinde ya\u015fatt\u0131\u011f\u0131. \u0130\u015fte bu \u00e7ok \u00f6zel g\u00fcnleri g\u00fcn y\u00fcz\u00fcne \u00e7\u0131kar\u0131yor D\u00fcnya Hayal Kurma G\u00fcn\u00fc. T\u00fcrkiye&#8217;nin d\u00f6rt bir yan\u0131nda \u00e7arpan alt\u0131 k\u00fc\u00e7\u00fck kalbin alt\u0131 b\u00fcy\u00fck \u00f6yk\u00fcs\u00fcn\u00fc anlat\u0131yor bizlere. Onlar\u0131n sevin\u00e7lerine, kederlerine, heyecanlar\u0131na ortak k\u0131l\u0131yor; hayal d\u00fcnyalar\u0131na konuk, d\u00fc\u015flerine arkada\u015f ediyor. Ba\u015fkalar\u0131n\u0131n hayatlar\u0131na g\u00f6z k\u0131rparken duyguland\u0131rsa, hatta zaman zaman g\u00f6zya\u015f\u0131 d\u00f6kt\u00fcrse de umut ettirmekten ve hayal kurdurmaktan asla vazge\u00e7irmiyor.Okula ba\u015flad\u0131\u011f\u0131 ilk g\u00fcn\u00fc unutamayan k\u00fc\u00e7\u00fck Tuna, hayalleri takas etme fikrini geli\u015ftiren Zeynep, evdeki huzursuzlu\u011fa d\u00e2hiyane bir \u00e7\u00f6z\u00fcm \u00f6nerisi getiren \u00d6zge, g\u00fclen bir baban\u0131n \u00f6zlemiyle yan\u0131p tutu\u015fan Yakup, uzun y\u0131llard\u0131r do\u011fum g\u00fcnlerini pas ge\u00e7en Filiz \u00d6\u011fretmen ve \u201cD\u00fcnya Hayal Kurma G\u00fcn\u00fc\u201dn\u00fcn mucidi Mustafa. Hepsini hayata ba\u011flayan yeg\u00e2ne \u015fey hayalleriydi\u2026Daha g\u00fczel ve anlaml\u0131 bir d\u00fcnyan\u0131n hayal eden \u00e7ocuklar\u0131n d\u00fc\u015flerinde ye\u015ferip serpilece\u011fine inanan Habib Bekta\u015f, insan\u0131 insan yapan de\u011ferlere vurgu yapt\u0131\u011f\u0131 bu kitab\u0131nda, okurlar\u0131n\u0131 ters k\u00f6\u015feye yat\u0131racak \u00f6yk\u00fclere imza at\u0131yor.Her \u00f6yk\u00fcn\u00fcn sonunda Bekta\u015f\u2019\u0131n \u00e7ocuklara y\u00f6neltti\u011fi tart\u0131\u015fma sorular\u0131 ve s\u0131n\u0131f etkinlikleri, okudu\u011funu anlama ve peki\u015ftirme s\u00fcrecine katk\u0131da bulunuyor, okurlar\u0131n d\u00fc\u015f\u00fcnme bi\u00e7imlerini \u00e7e\u015fitlendiriyor.<\/p>\n","protected":false},"excerpt":{"rendered":"<p>D\u00fc\u015fle bir g\u00fcn, senin olsun t\u00fcm hayallerin!\u015eiirsel anlat\u0131m\u0131yla edebiyat\u0131m\u0131z\u0131n en ince ruhlu kalemlerinden Habib Bekta\u015f\u2019\u0131n yazd\u0131\u011f\u0131 D\u00fcnya Hayal Kurma G\u00fcn\u00fc, alt\u0131 \u00f6zel g\u00fcn\u00fc alt\u0131 \u00f6zg\u00fcn \u00f6yk\u00fcde<span class=\"excerpt-hellip\"> [\u2026]<\/span><\/p>\n","protected":false},"featured_media":0,"template":"","meta":{"_monsterinsights_skip_tracking":false,"_monsterinsights_sitenote_active":false,"_monsterinsights_sitenote_note":"","_monsterinsights_sitenote_category":0},"product_brand":[],"product_cat":[12274,12284],"product_tag":[],"class_list":{"0":"post-720716","1":"product","2":"type-product","3":"status-publish","5":"product_cat-cocuk-ve-genclik-kitaplari","6":"product_cat-hikayeler","7":"pa_cilt-ciltsiz","8":"pa_tur-kitap","9":"pa_yayinevi-tudem-yayinlari","10":"pa_yazar-habib-bektas","12":"first","13":"instock","14":"sale","15":"shipping-taxable","16":"purchasable","17":"product-type-simple"},"_links":{"self":[{"href":"https:\/\/roveyayinevi.com.tr\/index.php\/wp-json\/wp\/v2\/product\/720716","targetHints":{"allow":["GET"]}}],"collection":[{"href":"https:\/\/roveyayinevi.com.tr\/index.php\/wp-json\/wp\/v2\/product"}],"about":[{"href":"https:\/\/roveyayinevi.com.tr\/index.php\/wp-json\/wp\/v2\/types\/product"}],"wp:attachment":[{"href":"https:\/\/roveyayinevi.com.tr\/index.php\/wp-json\/wp\/v2\/media?parent=720716"}],"wp:term":[{"taxonomy":"product_brand","embeddable":true,"href":"https:\/\/roveyayinevi.com.tr\/index.php\/wp-json\/wp\/v2\/product_brand?post=720716"},{"taxonomy":"product_cat","embeddable":true,"href":"https:\/\/roveyayinevi.com.tr\/index.php\/wp-json\/wp\/v2\/product_cat?post=720716"},{"taxonomy":"product_tag","embeddable":true,"href":"https:\/\/roveyayinevi.com.tr\/index.php\/wp-json\/wp\/v2\/product_tag?post=720716"}],"curies":[{"name":"wp","href":"https:\/\/api.w.org\/{rel}","templated":true}]}}