{"id":720715,"date":"2025-08-27T18:39:52","date_gmt":"2025-08-27T15:39:52","guid":{"rendered":"https:\/\/roveyayinevi.com.tr\/index.php\/urun\/dogal-kaynaklar-ve-cevre-ekonomisi\/"},"modified":"2026-04-16T02:28:43","modified_gmt":"2026-04-15T23:28:43","slug":"dogal-kaynaklar-ve-cevre-ekonomisi","status":"publish","type":"product","link":"https:\/\/roveyayinevi.com.tr\/index.php\/urun\/dogal-kaynaklar-ve-cevre-ekonomisi\/","title":{"rendered":"Do\u011fal Kaynaklar ve \u00c7evre Ekonomisi"},"content":{"rendered":"<p>1.      KISIM: \u00c7EVRE, DO\u011eAL KAYNAKLAR VE \u0130KT\u0130SAT 2.    KISIM: DO\u011eAL KAYNAKLAR EKONOM\u0130S\u0130 3.    KISIM: \u00c7EVRE EKONOM\u0130S\u0130 4.    KISIM: S\u00dcRD\u00dcR\u00dcLEB\u0130L\u0130RL\u0130K VE S\u00dcRD\u00dcR\u00dcLEB\u0130L\u0130R KALKINMA 5.    KISIM: DO\u011eAL KAYNAKLAR VE \u00c7EVREN\u0130N EKONOM\u0130K ANAL\u0130Z\u0130 6.    KISIM: \u00c7EVRE POL\u0130T\u0130KALAR <\/p>\n","protected":false},"excerpt":{"rendered":"<p>1. KISIM: \u00c7EVRE, DO\u011eAL KAYNAKLAR VE \u0130KT\u0130SAT 2. KISIM: DO\u011eAL KAYNAKLAR EKONOM\u0130S\u0130 3. KISIM: \u00c7EVRE EKONOM\u0130S\u0130 4. KISIM: S\u00dcRD\u00dcR\u00dcLEB\u0130L\u0130RL\u0130K VE S\u00dcRD\u00dcR\u00dcLEB\u0130L\u0130R KALKINMA 5. KISIM: DO\u011eAL KAYNAKLAR<span class=\"excerpt-hellip\"> [\u2026]<\/span><\/p>\n","protected":false},"featured_media":0,"template":"","meta":{"_monsterinsights_skip_tracking":false,"_monsterinsights_sitenote_active":false,"_monsterinsights_sitenote_note":"","_monsterinsights_sitenote_category":0},"product_brand":[],"product_cat":[13043,14381],"product_tag":[],"class_list":{"0":"post-720715","1":"product","2":"type-product","3":"status-publish","5":"product_cat-ekonomi","6":"product_cat-isletme-muhasebe-maliye","7":"pa_cilt-ciltsiz","8":"pa_tur-kitap","9":"pa_yayinevi-gazi-kitabevi","10":"pa_yazar-muslume-narin-celal-tasdogan","12":"first","13":"instock","14":"sale","15":"shipping-taxable","16":"purchasable","17":"product-type-simple"},"_links":{"self":[{"href":"https:\/\/roveyayinevi.com.tr\/index.php\/wp-json\/wp\/v2\/product\/720715","targetHints":{"allow":["GET"]}}],"collection":[{"href":"https:\/\/roveyayinevi.com.tr\/index.php\/wp-json\/wp\/v2\/product"}],"about":[{"href":"https:\/\/roveyayinevi.com.tr\/index.php\/wp-json\/wp\/v2\/types\/product"}],"wp:attachment":[{"href":"https:\/\/roveyayinevi.com.tr\/index.php\/wp-json\/wp\/v2\/media?parent=720715"}],"wp:term":[{"taxonomy":"product_brand","embeddable":true,"href":"https:\/\/roveyayinevi.com.tr\/index.php\/wp-json\/wp\/v2\/product_brand?post=720715"},{"taxonomy":"product_cat","embeddable":true,"href":"https:\/\/roveyayinevi.com.tr\/index.php\/wp-json\/wp\/v2\/product_cat?post=720715"},{"taxonomy":"product_tag","embeddable":true,"href":"https:\/\/roveyayinevi.com.tr\/index.php\/wp-json\/wp\/v2\/product_tag?post=720715"}],"curies":[{"name":"wp","href":"https:\/\/api.w.org\/{rel}","templated":true}]}}