{"id":720712,"date":"2025-08-27T18:39:50","date_gmt":"2025-08-27T15:39:50","guid":{"rendered":"https:\/\/roveyayinevi.com.tr\/index.php\/urun\/emekci-kadinlar-ve-cam-tavan-sendromu\/"},"modified":"2026-04-16T02:28:43","modified_gmt":"2026-04-15T23:28:43","slug":"emekci-kadinlar-ve-cam-tavan-sendromu","status":"publish","type":"product","link":"https:\/\/roveyayinevi.com.tr\/index.php\/urun\/emekci-kadinlar-ve-cam-tavan-sendromu\/","title":{"rendered":"Emek\u00e7i Kad\u0131nlar ve Cam Tavan Sendromu"},"content":{"rendered":"<p>\u0130\u00e7indekiler 1.       Ge\u00e7mi\u015ften Bug\u00fcne Kad\u0131n\u0131n Stat\u00fcs\u00fc 1.1   Kad\u0131na Y\u00f6nelik \u015eiddet 2.      Kad\u0131n \u0130\u015fg\u00fcc\u00fcn\u00fcn Tarihsel Geli\u015fimi 2.1   D\u00fcnyada Kad\u0131n \u0130\u015fg\u00fcc\u00fc 2.2   T\u00fcrkiye\u2019de Kad\u0131n \u0130\u015fg\u00fcc\u00fc 3.      \u00c7al\u0131\u015fma Ya\u015fam\u0131nda Kad\u0131n 3.1   Giri\u015fimci Kad\u0131nlar 3.2   Ailede Kar\u015f\u0131la\u015f\u0131lan Sorunlar 3.3   \u0130\u015f Ya\u015fam\u0131nda Kar\u015f\u0131la\u015f\u0131lan Sorunlar 4.      Cam Tavan Sendromu 4.1   Cam Tavan Kavram\u0131 ve Nedenleri 4.2   Cam Tavan\u0131 K\u0131rmaya Y\u00f6nelik \u00d6neriler <\/p>\n","protected":false},"excerpt":{"rendered":"<p>\u0130\u00e7indekiler 1. Ge\u00e7mi\u015ften Bug\u00fcne Kad\u0131n\u0131n Stat\u00fcs\u00fc 1.1 Kad\u0131na Y\u00f6nelik \u015eiddet 2. Kad\u0131n \u0130\u015fg\u00fcc\u00fcn\u00fcn Tarihsel Geli\u015fimi 2.1 D\u00fcnyada Kad\u0131n \u0130\u015fg\u00fcc\u00fc 2.2 T\u00fcrkiye\u2019de Kad\u0131n \u0130\u015fg\u00fcc\u00fc 3. \u00c7al\u0131\u015fma Ya\u015fam\u0131nda<span class=\"excerpt-hellip\"> [\u2026]<\/span><\/p>\n","protected":false},"featured_media":0,"template":"","meta":{"_monsterinsights_skip_tracking":false,"_monsterinsights_sitenote_active":false,"_monsterinsights_sitenote_note":"","_monsterinsights_sitenote_category":0},"product_brand":[],"product_cat":[13043,14381],"product_tag":[],"class_list":{"0":"post-720712","1":"product","2":"type-product","3":"status-publish","5":"product_cat-ekonomi","6":"product_cat-isletme-muhasebe-maliye","7":"pa_cilt-ciltsiz","8":"pa_tur-kitap","9":"pa_yayinevi-gazi-kitabevi","10":"pa_yazar-sureyya-ece","12":"first","13":"instock","14":"sale","15":"shipping-taxable","16":"purchasable","17":"product-type-simple"},"_links":{"self":[{"href":"https:\/\/roveyayinevi.com.tr\/index.php\/wp-json\/wp\/v2\/product\/720712","targetHints":{"allow":["GET"]}}],"collection":[{"href":"https:\/\/roveyayinevi.com.tr\/index.php\/wp-json\/wp\/v2\/product"}],"about":[{"href":"https:\/\/roveyayinevi.com.tr\/index.php\/wp-json\/wp\/v2\/types\/product"}],"wp:attachment":[{"href":"https:\/\/roveyayinevi.com.tr\/index.php\/wp-json\/wp\/v2\/media?parent=720712"}],"wp:term":[{"taxonomy":"product_brand","embeddable":true,"href":"https:\/\/roveyayinevi.com.tr\/index.php\/wp-json\/wp\/v2\/product_brand?post=720712"},{"taxonomy":"product_cat","embeddable":true,"href":"https:\/\/roveyayinevi.com.tr\/index.php\/wp-json\/wp\/v2\/product_cat?post=720712"},{"taxonomy":"product_tag","embeddable":true,"href":"https:\/\/roveyayinevi.com.tr\/index.php\/wp-json\/wp\/v2\/product_tag?post=720712"}],"curies":[{"name":"wp","href":"https:\/\/api.w.org\/{rel}","templated":true}]}}