{"id":720710,"date":"2025-08-27T18:39:48","date_gmt":"2025-08-27T15:39:48","guid":{"rendered":"https:\/\/roveyayinevi.com.tr\/index.php\/urun\/goktasinin-pesinde-akil-almaz-maceralar-9\/"},"modified":"2025-10-14T05:29:00","modified_gmt":"2025-10-14T02:29:00","slug":"goktasinin-pesinde-akil-almaz-maceralar-9","status":"publish","type":"product","link":"https:\/\/roveyayinevi.com.tr\/index.php\/urun\/goktasinin-pesinde-akil-almaz-maceralar-9\/","title":{"rendered":"G\u00f6kta\u015f\u0131n\u0131n Pe\u015finde &#8211; Ak\u0131l Almaz Maceralar 9"},"content":{"rendered":"<p>\u0130ki arkada\u015f da\u011f\u0131n yamac\u0131ndan bat\u0131ya do\u011fru y\u00fcr\u00fcmeye ba\u015flad\u0131lar. Y\u00f6n bilgileri yoktu, haritalar\u0131 yoktu, pusulalar\u0131 ya da rehberleri de yoktu. Daha \u00f6nce hedefledikleri yere do\u011fru hi\u00e7 y\u00fcr\u00fcmemi\u015flerdi. Tek bildikleri da\u011f\u0131n \u00f6te taraf\u0131na do\u011fru gitmeleri gerekti\u011fiydi. Fakat bunun yeterli bir bilgi olmad\u0131\u011f\u0131n\u0131, da\u011f\u0131n s\u00fcrprizlerle dolu oldu\u011funu bu yolculukta \u00f6\u011freneceklerdi.<\/p>\n","protected":false},"excerpt":{"rendered":"<p>\u0130ki arkada\u015f da\u011f\u0131n yamac\u0131ndan bat\u0131ya do\u011fru y\u00fcr\u00fcmeye ba\u015flad\u0131lar. Y\u00f6n bilgileri yoktu, haritalar\u0131 yoktu, pusulalar\u0131 ya da rehberleri de yoktu. Daha \u00f6nce hedefledikleri yere do\u011fru hi\u00e7 y\u00fcr\u00fcmemi\u015flerdi.<span class=\"excerpt-hellip\"> [\u2026]<\/span><\/p>\n","protected":false},"featured_media":0,"template":"","meta":{"_monsterinsights_skip_tracking":false,"_monsterinsights_sitenote_active":false,"_monsterinsights_sitenote_note":"","_monsterinsights_sitenote_category":0},"product_brand":[],"product_cat":[12274,12284],"product_tag":[],"class_list":{"0":"post-720710","1":"product","2":"type-product","3":"status-publish","5":"product_cat-cocuk-ve-genclik-kitaplari","6":"product_cat-hikayeler","7":"pa_cilt-ciltsiz","8":"pa_tur-kitap","9":"pa_yayinevi-mavi-kirpi-yayinlari","10":"pa_yazar-yusuf-pazarci","12":"first","13":"instock","14":"sale","15":"shipping-taxable","16":"purchasable","17":"product-type-simple"},"_links":{"self":[{"href":"https:\/\/roveyayinevi.com.tr\/index.php\/wp-json\/wp\/v2\/product\/720710","targetHints":{"allow":["GET"]}}],"collection":[{"href":"https:\/\/roveyayinevi.com.tr\/index.php\/wp-json\/wp\/v2\/product"}],"about":[{"href":"https:\/\/roveyayinevi.com.tr\/index.php\/wp-json\/wp\/v2\/types\/product"}],"wp:attachment":[{"href":"https:\/\/roveyayinevi.com.tr\/index.php\/wp-json\/wp\/v2\/media?parent=720710"}],"wp:term":[{"taxonomy":"product_brand","embeddable":true,"href":"https:\/\/roveyayinevi.com.tr\/index.php\/wp-json\/wp\/v2\/product_brand?post=720710"},{"taxonomy":"product_cat","embeddable":true,"href":"https:\/\/roveyayinevi.com.tr\/index.php\/wp-json\/wp\/v2\/product_cat?post=720710"},{"taxonomy":"product_tag","embeddable":true,"href":"https:\/\/roveyayinevi.com.tr\/index.php\/wp-json\/wp\/v2\/product_tag?post=720710"}],"curies":[{"name":"wp","href":"https:\/\/api.w.org\/{rel}","templated":true}]}}