{"id":720709,"date":"2025-08-27T18:39:47","date_gmt":"2025-08-27T15:39:47","guid":{"rendered":"https:\/\/roveyayinevi.com.tr\/index.php\/urun\/goc-edemeyen-leylek-akil-almaz-maceralar-10\/"},"modified":"2025-11-13T05:33:31","modified_gmt":"2025-11-13T02:33:31","slug":"goc-edemeyen-leylek-akil-almaz-maceralar-10","status":"publish","type":"product","link":"https:\/\/roveyayinevi.com.tr\/index.php\/urun\/goc-edemeyen-leylek-akil-almaz-maceralar-10\/","title":{"rendered":"G\u00f6\u00e7 Edemeyen Leylek &#8211; Ak\u0131l Almaz Maceralar 10"},"content":{"rendered":"<p>\u00d6nce i\u00e7imiz korku ile doldu. Sonu\u00e7ta \u00e7at\u0131da bir ayd\u0131nlatma yoktu ve g\u00fcvercinler bizi yeterince tedirgin etmi\u015fti. Bir de orada yatan her neyse garip bir \u015fekli vard\u0131. Bir g\u00fcvercin olmad\u0131\u011f\u0131na yemin edebilirdik ama ne oldu\u011funu da bilemiyorduk. Harun\u2019la bir s\u00fcre uzaktan bakt\u0131ktan sonra ilk ad\u0131m\u0131 o att\u0131. Ba\u015f\u0131m\u0131z\u0131 e\u011fe e\u011fe se sessizce y\u00fcr\u00fcd\u00fck ve bir anda yerde korkuyla yatan \u015feyin \u201cGaaak!\u201d diye ba\u011f\u0131rmas\u0131yla havaya z\u0131plad\u0131k.<\/p>\n","protected":false},"excerpt":{"rendered":"<p>\u00d6nce i\u00e7imiz korku ile doldu. Sonu\u00e7ta \u00e7at\u0131da bir ayd\u0131nlatma yoktu ve g\u00fcvercinler bizi yeterince tedirgin etmi\u015fti. Bir de orada yatan her neyse garip bir \u015fekli vard\u0131.<span class=\"excerpt-hellip\"> [\u2026]<\/span><\/p>\n","protected":false},"featured_media":0,"template":"","meta":{"_monsterinsights_skip_tracking":false,"_monsterinsights_sitenote_active":false,"_monsterinsights_sitenote_note":"","_monsterinsights_sitenote_category":0},"product_brand":[],"product_cat":[12274,12284],"product_tag":[],"class_list":{"0":"post-720709","1":"product","2":"type-product","3":"status-publish","5":"product_cat-cocuk-ve-genclik-kitaplari","6":"product_cat-hikayeler","7":"pa_cilt-ciltsiz","8":"pa_tur-kitap","9":"pa_yayinevi-mavi-kirpi-yayinlari","10":"pa_yazar-yusuf-pazarci","12":"first","13":"instock","14":"sale","15":"shipping-taxable","16":"purchasable","17":"product-type-simple"},"_links":{"self":[{"href":"https:\/\/roveyayinevi.com.tr\/index.php\/wp-json\/wp\/v2\/product\/720709","targetHints":{"allow":["GET"]}}],"collection":[{"href":"https:\/\/roveyayinevi.com.tr\/index.php\/wp-json\/wp\/v2\/product"}],"about":[{"href":"https:\/\/roveyayinevi.com.tr\/index.php\/wp-json\/wp\/v2\/types\/product"}],"wp:attachment":[{"href":"https:\/\/roveyayinevi.com.tr\/index.php\/wp-json\/wp\/v2\/media?parent=720709"}],"wp:term":[{"taxonomy":"product_brand","embeddable":true,"href":"https:\/\/roveyayinevi.com.tr\/index.php\/wp-json\/wp\/v2\/product_brand?post=720709"},{"taxonomy":"product_cat","embeddable":true,"href":"https:\/\/roveyayinevi.com.tr\/index.php\/wp-json\/wp\/v2\/product_cat?post=720709"},{"taxonomy":"product_tag","embeddable":true,"href":"https:\/\/roveyayinevi.com.tr\/index.php\/wp-json\/wp\/v2\/product_tag?post=720709"}],"curies":[{"name":"wp","href":"https:\/\/api.w.org\/{rel}","templated":true}]}}