{"id":720705,"date":"2025-08-27T18:39:43","date_gmt":"2025-08-27T15:39:43","guid":{"rendered":"https:\/\/roveyayinevi.com.tr\/index.php\/urun\/kardes\/"},"modified":"2026-04-16T02:28:43","modified_gmt":"2026-04-15T23:28:43","slug":"kardes","status":"publish","type":"product","link":"https:\/\/roveyayinevi.com.tr\/index.php\/urun\/kardes\/","title":{"rendered":"Karde\u015f"},"content":{"rendered":"<p>David Chariandy David Chariandy Scarborough\u2019da do\u011fdu. Trinidad as\u0131ll\u0131d\u0131r. \u0130lk roman\u0131 Soucouyant 2007 y\u0131l\u0131nda yay\u0131nland\u0131. Bu roman\u0131yla Scotiabank Giller Prize ve Uluslararas\u0131 IMPAC Dublin Literary Award gibi \u00f6d\u00fcllerin uzun listelerine girdi. Karde\u015f kitab\u0131 2017 y\u0131l\u0131nda Rogers Writers\u2019 Trust Fiction Prize, Toronto Book Award ve  Ethel Wilson Prize\u2019a lay\u0131k g\u00f6r\u00fcld\u00fc; Esquire, Kirkus, Guardian gibi mecralar taraf\u0131ndan y\u0131l\u0131n kitaplar\u0131  aras\u0131nda g\u00f6sterildi. 2019 y\u0131l\u0131nda 165 bin dolar \u00f6d\u00fcll\u00fc Windham-Campbell Literature Prize\u2019\u0131 kurmaca dal\u0131nda kazanan yazar Vancouver\u2019da ya\u015famakta ve Simon Fraser University\u2019nin \u0130ngilizce b\u00f6l\u00fcm\u00fcnde e\u011fitim vermektedir.   Beg\u00fcm Kovulmaz \u0130stanbul \u00dcniversitesi \u0130ngiliz Dili ve Edebiyat\u0131 mezunu. 2000 y\u0131l\u0131ndan beri \u00e7eviri ve edit\u00f6rl\u00fck yap\u0131yor. Salman Rushdie, George Orwell, Eimar McBride, Colson Whitehead, Jonathan Safran Foer gibi yazarlar\u0131n kitaplar\u0131n\u0131 T\u00fcrk\u00e7eye \u00e7evirmi\u015ftir. \u0130stanbul\u2019da ya\u015famaktad\u0131r. <\/p>\n","protected":false},"excerpt":{"rendered":"<p>David Chariandy David Chariandy Scarborough\u2019da do\u011fdu. Trinidad as\u0131ll\u0131d\u0131r. \u0130lk roman\u0131 Soucouyant 2007 y\u0131l\u0131nda yay\u0131nland\u0131. Bu roman\u0131yla Scotiabank Giller Prize ve Uluslararas\u0131 IMPAC Dublin Literary Award gibi<span class=\"excerpt-hellip\"> [\u2026]<\/span><\/p>\n","protected":false},"featured_media":0,"template":"","meta":{"_monsterinsights_skip_tracking":false,"_monsterinsights_sitenote_active":false,"_monsterinsights_sitenote_note":"","_monsterinsights_sitenote_category":0},"product_brand":[],"product_cat":[12291,12711],"product_tag":[],"class_list":{"0":"post-720705","1":"product","2":"type-product","3":"status-publish","5":"product_cat-edebiyat","6":"product_cat-roman-oyku","7":"pa_cilt-ciltsiz","8":"pa_tur-kitap","9":"pa_yayinevi-turkuvaz-kitap","10":"pa_yazar-david-chariandy","12":"first","13":"instock","14":"sale","15":"shipping-taxable","16":"purchasable","17":"product-type-simple"},"_links":{"self":[{"href":"https:\/\/roveyayinevi.com.tr\/index.php\/wp-json\/wp\/v2\/product\/720705","targetHints":{"allow":["GET"]}}],"collection":[{"href":"https:\/\/roveyayinevi.com.tr\/index.php\/wp-json\/wp\/v2\/product"}],"about":[{"href":"https:\/\/roveyayinevi.com.tr\/index.php\/wp-json\/wp\/v2\/types\/product"}],"wp:attachment":[{"href":"https:\/\/roveyayinevi.com.tr\/index.php\/wp-json\/wp\/v2\/media?parent=720705"}],"wp:term":[{"taxonomy":"product_brand","embeddable":true,"href":"https:\/\/roveyayinevi.com.tr\/index.php\/wp-json\/wp\/v2\/product_brand?post=720705"},{"taxonomy":"product_cat","embeddable":true,"href":"https:\/\/roveyayinevi.com.tr\/index.php\/wp-json\/wp\/v2\/product_cat?post=720705"},{"taxonomy":"product_tag","embeddable":true,"href":"https:\/\/roveyayinevi.com.tr\/index.php\/wp-json\/wp\/v2\/product_tag?post=720705"}],"curies":[{"name":"wp","href":"https:\/\/api.w.org\/{rel}","templated":true}]}}