{"id":720704,"date":"2025-08-27T18:39:42","date_gmt":"2025-08-27T15:39:42","guid":{"rendered":"https:\/\/roveyayinevi.com.tr\/index.php\/urun\/levayih-i-hayat\/"},"modified":"2026-04-16T02:28:43","modified_gmt":"2026-04-15T23:28:43","slug":"levayih-i-hayat","status":"publish","type":"product","link":"https:\/\/roveyayinevi.com.tr\/index.php\/urun\/levayih-i-hayat\/","title":{"rendered":"Levayih-i Hayat"},"content":{"rendered":"<p>1862\u2019de \u0130stanbul\u2019da do\u011fdu. Ahmet Cevdet Pa\u015fa ve Adviye Rabia Han\u0131m\u2019\u0131n k\u0131z\u0131d\u0131r. Babas\u0131n\u0131n g\u00f6revleri vesilesiyle Halep, Yanya, \u015eam ve Beyrut\u2019ta da ya\u015fayan Fatma Aliye 1878\u2019de Kola\u011fas\u0131 Faik Bey ile evlendi. \u0130lk olarak George Ohnet\u2019nin Volont\u00e9 roman\u0131n\u0131 Meram ad\u0131yla ve \u201cBir Kad\u0131n\u201d imzas\u0131yla T\u00fcrk\u00e7eye \u00e7evirdi. 1891\u2019de Ahmet Mithat ile ortakla\u015fa yazd\u0131klar\u0131 Hayal ve Hakikat roman\u0131n\u0131 da \u201cBir Kad\u0131n\u201d imzas\u0131yla yay\u0131mlad\u0131. 1893\u2019te Ahmet Mithat kendisinin yazarl\u0131k ser\u00fcveniyle ilgili Fatma Aliye yahut Bir Muharrire-i Osmaniyenin Ne\u015feti kitab\u0131n\u0131 yay\u0131mlad\u0131. Kendi ad\u0131yla yazd\u0131\u011f\u0131 ilk roman\u0131 Muhadarat da bu y\u0131l bas\u0131ld\u0131. 1895\u2019ten itibaren karde\u015fi Emine Semiye, Nig\u00e2r Han\u0131m, Makbule Leman, Fatma Fahr\u00fcnnisa gibi kad\u0131n yazarlarla Han\u0131mlara Mahsus Gazete\u2019yi \u00e7\u0131kard\u0131. Bu d\u00f6nemde Refet, Udi ve Levayih-i Hayat romanlar\u0131 da art arda geldi. M\u00fcsl\u00fcman kad\u0131nlar\u0131n kendi zaman\u0131ndaki ve ge\u00e7mi\u015fteki durumlar\u0131na, erdemlerine ve sorunlar\u0131na dair Nisvan-\u0131 \u0130slam, Namdaran-\u0131 Zenan-\u0131 \u0130slamiyan  ve Taadd\u00fct-i Zevc\u00e2t\u2019a Zeyl eserlerini yay\u0131mlad\u0131. 1900 sonras\u0131 \u00fcretkenli\u011fi azalsa da 1908 sonras\u0131nda tekrar yay\u0131n faaliyetine ba\u015flad\u0131. Son roman\u0131 Enin 1912\u2019de yay\u0131mland\u0131. 1916\u2019da \u00e7\u0131kan Ahmet Cevdet Pa\u015fa ve Zaman\u0131 eserinden sonra 1936\u2019daki vefat\u0131na kadar ba\u015fka eseri bas\u0131lmad\u0131. Ferik\u00f6y Mezarl\u0131\u011f\u0131na defnedilmi\u015ftir.<\/p>\n","protected":false},"excerpt":{"rendered":"<p>1862\u2019de \u0130stanbul\u2019da do\u011fdu. Ahmet Cevdet Pa\u015fa ve Adviye Rabia Han\u0131m\u2019\u0131n k\u0131z\u0131d\u0131r. Babas\u0131n\u0131n g\u00f6revleri vesilesiyle Halep, Yanya, \u015eam ve Beyrut\u2019ta da ya\u015fayan Fatma Aliye 1878\u2019de Kola\u011fas\u0131 Faik<span class=\"excerpt-hellip\"> [\u2026]<\/span><\/p>\n","protected":false},"featured_media":0,"template":"","meta":{"_monsterinsights_skip_tracking":false,"_monsterinsights_sitenote_active":false,"_monsterinsights_sitenote_note":"","_monsterinsights_sitenote_category":0},"product_brand":[],"product_cat":[12291,12711],"product_tag":[],"class_list":{"0":"post-720704","1":"product","2":"type-product","3":"status-publish","5":"product_cat-edebiyat","6":"product_cat-roman-oyku","7":"pa_cilt-ciltsiz","8":"pa_tur-kitap","9":"pa_yayinevi-turkuvaz-kitap","10":"pa_yazar-fatma-aliye","12":"first","13":"instock","14":"sale","15":"shipping-taxable","16":"purchasable","17":"product-type-simple"},"_links":{"self":[{"href":"https:\/\/roveyayinevi.com.tr\/index.php\/wp-json\/wp\/v2\/product\/720704","targetHints":{"allow":["GET"]}}],"collection":[{"href":"https:\/\/roveyayinevi.com.tr\/index.php\/wp-json\/wp\/v2\/product"}],"about":[{"href":"https:\/\/roveyayinevi.com.tr\/index.php\/wp-json\/wp\/v2\/types\/product"}],"wp:attachment":[{"href":"https:\/\/roveyayinevi.com.tr\/index.php\/wp-json\/wp\/v2\/media?parent=720704"}],"wp:term":[{"taxonomy":"product_brand","embeddable":true,"href":"https:\/\/roveyayinevi.com.tr\/index.php\/wp-json\/wp\/v2\/product_brand?post=720704"},{"taxonomy":"product_cat","embeddable":true,"href":"https:\/\/roveyayinevi.com.tr\/index.php\/wp-json\/wp\/v2\/product_cat?post=720704"},{"taxonomy":"product_tag","embeddable":true,"href":"https:\/\/roveyayinevi.com.tr\/index.php\/wp-json\/wp\/v2\/product_tag?post=720704"}],"curies":[{"name":"wp","href":"https:\/\/api.w.org\/{rel}","templated":true}]}}