{"id":720702,"date":"2025-08-27T18:39:41","date_gmt":"2025-08-27T15:39:41","guid":{"rendered":"https:\/\/roveyayinevi.com.tr\/index.php\/urun\/kasiyer\/"},"modified":"2025-12-30T10:26:20","modified_gmt":"2025-12-30T07:26:20","slug":"kasiyer","status":"publish","type":"product","link":"https:\/\/roveyayinevi.com.tr\/index.php\/urun\/kasiyer\/","title":{"rendered":"Kasiyer"},"content":{"rendered":"<p>Sayaka Murata 1979 y\u0131l\u0131nda Inzai, Japonya\u2019da do\u011fdu. Ortaokulu Inzai\u2019de tamamlad\u0131ktan sonra ailesiyle Tokyo\u2019ya ta\u015f\u0131nd\u0131. \u0130lk roman\u0131 Jyuny\u00fc ile 2001 Gunzo \u00d6d\u00fcl\u00fc\u2019n\u00fc kazand\u0131. 2013 y\u0131l\u0131nda Shiro-iro no machi no, sono hone no taion no kitab\u0131yla Mishima Yukio \u00d6d\u00fcl\u00fc\u2019ne lay\u0131k g\u00f6r\u00fcld\u00fc. 2016 y\u0131l\u0131nda onuncu roman\u0131 Konbini Ningen (Kasiyer) ile Akutagawa \u00d6d\u00fcl\u00fc\u2019n\u00fc kazand\u0131. Kasiyer, Japonya\u2019da 600 binden fazla satt\u0131 ve 2018 y\u0131l\u0131nda Convenience Store Woman ad\u0131yla \u0130ngilizceye \u00e7evrildi. Kitaplar\u0131nda cinsiyet rollerine, ebeveynli\u011fe ve toplumdaki uyumsuz tiplere odaklanan Sayaka Murata, yazarl\u0131\u011f\u0131n yan\u0131 s\u0131ra Tokyo\u2019da yar\u0131 zamanl\u0131  kasiyerlik yapmaktad\u0131r. H. Can Erkin 1968 do\u011fumludur. Ankara \u00dcniversitesi Japon Dili ve Edebiyat\u0131 Anabilim Dal\u0131 \u00f6\u011fretim \u00fcyesidir. Yasunari Kawabata, Kenzaburo Oe, Junichiro Tanizaki, Kobo Abe, Haruki Murakami, Tsunetomo Yamamoto gibi yazarlar\u0131n eserlerinin yan\u0131 s\u0131ra Death Note dizisi, Kapital, Yenge\u00e7 Gemisi gibi eserlerin manga versiyonlar\u0131n\u0131 T\u00fcrk\u00e7ele\u015ftirmi\u015ftir. <\/p>\n","protected":false},"excerpt":{"rendered":"<p>Sayaka Murata 1979 y\u0131l\u0131nda Inzai, Japonya\u2019da do\u011fdu. Ortaokulu Inzai\u2019de tamamlad\u0131ktan sonra ailesiyle Tokyo\u2019ya ta\u015f\u0131nd\u0131. \u0130lk roman\u0131 Jyuny\u00fc ile 2001 Gunzo \u00d6d\u00fcl\u00fc\u2019n\u00fc kazand\u0131. 2013 y\u0131l\u0131nda Shiro-iro no<span class=\"excerpt-hellip\"> [\u2026]<\/span><\/p>\n","protected":false},"featured_media":0,"template":"","meta":{"_monsterinsights_skip_tracking":false,"_monsterinsights_sitenote_active":false,"_monsterinsights_sitenote_note":"","_monsterinsights_sitenote_category":0},"product_brand":[],"product_cat":[12291,12711],"product_tag":[],"class_list":{"0":"post-720702","1":"product","2":"type-product","3":"status-publish","5":"product_cat-edebiyat","6":"product_cat-roman-oyku","7":"pa_cilt-ciltsiz","8":"pa_tur-kitap","9":"pa_yayinevi-turkuvaz-kitap","10":"pa_yazar-sayaka-murata","12":"first","13":"instock","14":"sale","15":"shipping-taxable","16":"purchasable","17":"product-type-simple"},"_links":{"self":[{"href":"https:\/\/roveyayinevi.com.tr\/index.php\/wp-json\/wp\/v2\/product\/720702","targetHints":{"allow":["GET"]}}],"collection":[{"href":"https:\/\/roveyayinevi.com.tr\/index.php\/wp-json\/wp\/v2\/product"}],"about":[{"href":"https:\/\/roveyayinevi.com.tr\/index.php\/wp-json\/wp\/v2\/types\/product"}],"wp:attachment":[{"href":"https:\/\/roveyayinevi.com.tr\/index.php\/wp-json\/wp\/v2\/media?parent=720702"}],"wp:term":[{"taxonomy":"product_brand","embeddable":true,"href":"https:\/\/roveyayinevi.com.tr\/index.php\/wp-json\/wp\/v2\/product_brand?post=720702"},{"taxonomy":"product_cat","embeddable":true,"href":"https:\/\/roveyayinevi.com.tr\/index.php\/wp-json\/wp\/v2\/product_cat?post=720702"},{"taxonomy":"product_tag","embeddable":true,"href":"https:\/\/roveyayinevi.com.tr\/index.php\/wp-json\/wp\/v2\/product_tag?post=720702"}],"curies":[{"name":"wp","href":"https:\/\/api.w.org\/{rel}","templated":true}]}}