{"id":720701,"date":"2025-08-27T18:39:40","date_gmt":"2025-08-27T15:39:40","guid":{"rendered":"https:\/\/roveyayinevi.com.tr\/index.php\/urun\/scratch-3-ile-kodlamak-cok-kolay\/"},"modified":"2026-04-16T02:28:43","modified_gmt":"2026-04-15T23:28:43","slug":"scratch-3-ile-kodlamak-cok-kolay","status":"publish","type":"product","link":"https:\/\/roveyayinevi.com.tr\/index.php\/urun\/scratch-3-ile-kodlamak-cok-kolay\/","title":{"rendered":"Scratch 3 \u0130le Kodlamak \u00c7ok Kolay"},"content":{"rendered":"<p>Bir\u00e7o\u011fumuz ilkokulda kodlama dersinin gereklili\u011finin fark\u0131nday\u0131z. Yurtd\u0131\u015f\u0131nda y\u0131llard\u0131r ilkokullarda \u00f6\u011frencilere kodlama dersleri verilmekte ve \u00e7ocuklar programlamaya te\u015fvik edilmektedir. Peki ya biz ilkokullarda yabanc\u0131 oldu\u011fumuz kodlaman\u0131n mant\u0131\u011f\u0131n\u0131 nas\u0131l anlat\u0131r\u0131z ve kodlamay\u0131 \u00f6\u011frencilere nas\u0131l sevdiririz? \u0130\u015fte bunun en e\u011flenceli cevab\u0131 Scratch!Scratch, MIT \u00dcniversitesi\u2019nde Amerikan Ulusal Bilim Kurumu taraf\u0131ndan desteklenen bir projedir, 8-16 ya\u015f grubu \u00e7ocuklar\u0131n kullan\u0131m\u0131na uygun tasarlanm\u0131\u015f bir programlama dilidir ve tamamen \u00fccretsizdir. Scratch\u2019in slogan\u0131 Hayalinizi Kodlay\u0131n\u2019d\u0131r ve \u00e7ocuklar hayal ettikleri her \u015feyi bu programda yapabilirler.Scratch ile yapabileceklerimiz1. Kendi yaratt\u0131\u011f\u0131n\u0131z oyunu oynayabilirsiniz.2. Macerac\u0131 hareketler yapabilirsiniz (sahne ve karakter ekleyerek).3. Karakter yap\u0131p hareket ettirebilirsiniz ya da Scratch\u2019in kendi resimlerinden ekleyebilirsiniz.4. Kendinizi e\u011flendirebilirsiniz.5. Programdaki ana ses d\u0131\u015f\u0131nda ba\u015fka ses de ekleyebilirsiniz.<\/p>\n","protected":false},"excerpt":{"rendered":"<p>Bir\u00e7o\u011fumuz ilkokulda kodlama dersinin gereklili\u011finin fark\u0131nday\u0131z. Yurtd\u0131\u015f\u0131nda y\u0131llard\u0131r ilkokullarda \u00f6\u011frencilere kodlama dersleri verilmekte ve \u00e7ocuklar programlamaya te\u015fvik edilmektedir. Peki ya biz ilkokullarda yabanc\u0131 oldu\u011fumuz kodlaman\u0131n mant\u0131\u011f\u0131n\u0131<span class=\"excerpt-hellip\"> [\u2026]<\/span><\/p>\n","protected":false},"featured_media":0,"template":"","meta":{"_monsterinsights_skip_tracking":false,"_monsterinsights_sitenote_active":false,"_monsterinsights_sitenote_note":"","_monsterinsights_sitenote_category":0},"product_brand":[],"product_cat":[12274,17859],"product_tag":[],"class_list":{"0":"post-720701","1":"product","2":"type-product","3":"status-publish","5":"product_cat-cocuk-ve-genclik-kitaplari","6":"product_cat-oyun-kitaplari","7":"pa_cilt-ciltsiz","8":"pa_tur-kitap","9":"pa_yayinevi-bilgi-yayinevi","10":"pa_yazar-aysar-guven","12":"first","13":"instock","14":"sale","15":"shipping-taxable","16":"purchasable","17":"product-type-simple"},"_links":{"self":[{"href":"https:\/\/roveyayinevi.com.tr\/index.php\/wp-json\/wp\/v2\/product\/720701","targetHints":{"allow":["GET"]}}],"collection":[{"href":"https:\/\/roveyayinevi.com.tr\/index.php\/wp-json\/wp\/v2\/product"}],"about":[{"href":"https:\/\/roveyayinevi.com.tr\/index.php\/wp-json\/wp\/v2\/types\/product"}],"wp:attachment":[{"href":"https:\/\/roveyayinevi.com.tr\/index.php\/wp-json\/wp\/v2\/media?parent=720701"}],"wp:term":[{"taxonomy":"product_brand","embeddable":true,"href":"https:\/\/roveyayinevi.com.tr\/index.php\/wp-json\/wp\/v2\/product_brand?post=720701"},{"taxonomy":"product_cat","embeddable":true,"href":"https:\/\/roveyayinevi.com.tr\/index.php\/wp-json\/wp\/v2\/product_cat?post=720701"},{"taxonomy":"product_tag","embeddable":true,"href":"https:\/\/roveyayinevi.com.tr\/index.php\/wp-json\/wp\/v2\/product_tag?post=720701"}],"curies":[{"name":"wp","href":"https:\/\/api.w.org\/{rel}","templated":true}]}}