{"id":720698,"date":"2025-08-27T18:39:38","date_gmt":"2025-08-27T15:39:38","guid":{"rendered":"https:\/\/roveyayinevi.com.tr\/index.php\/urun\/sosyal-hizmette-kayit-ve-raporlama\/"},"modified":"2026-04-16T02:28:43","modified_gmt":"2026-04-15T23:28:43","slug":"sosyal-hizmette-kayit-ve-raporlama","status":"publish","type":"product","link":"https:\/\/roveyayinevi.com.tr\/index.php\/urun\/sosyal-hizmette-kayit-ve-raporlama\/","title":{"rendered":"Sosyal Hizmette Kay\u0131t ve Raporlama"},"content":{"rendered":"<p>Kay\u0131t tutma ve raporlama gu\u0308nu\u0308mu\u0308zde hemen her alanda uygulama sahas\u0131 bulan vazge\u00e7ilmez ve zorunlu uygulamalar olarak kar\u015f\u0131m\u0131za \u00e7\u0131kmaktad\u0131r. \u00d6zellikle profesyonel\/mesleki uygulamalarda u\u0308zerinde s\u0131kl\u0131kla durulan kay\u0131t tutma ve raporlama gerek akademik alanda gerekse uygulama sahas\u0131nda her ge\u00e7en gu\u0308n daha da geli\u015ftirilmektedir. Kay\u0131t tutma ve raporlama, bir mesleki uygulaman\u0131n nas\u0131l ger\u00e7ekle\u015ftirildi\u011fini ortaya koymas\u0131n\u0131n yan\u0131nda mesleki uygulamalar\u0131n nas\u0131l ger\u00e7ekle\u015ftirilece\u011fini de belirlemektedir. <\/p>\n","protected":false},"excerpt":{"rendered":"<p>Kay\u0131t tutma ve raporlama gu\u0308nu\u0308mu\u0308zde hemen her alanda uygulama sahas\u0131 bulan vazge\u00e7ilmez ve zorunlu uygulamalar olarak kar\u015f\u0131m\u0131za \u00e7\u0131kmaktad\u0131r. \u00d6zellikle profesyonel\/mesleki uygulamalarda u\u0308zerinde s\u0131kl\u0131kla durulan kay\u0131t tutma<span class=\"excerpt-hellip\"> [\u2026]<\/span><\/p>\n","protected":false},"featured_media":0,"template":"","meta":{"_monsterinsights_skip_tracking":false,"_monsterinsights_sitenote_active":false,"_monsterinsights_sitenote_note":"","_monsterinsights_sitenote_category":0},"product_brand":[],"product_cat":[12325,12324],"product_tag":[],"class_list":{"0":"post-720698","1":"product","2":"type-product","3":"status-publish","5":"product_cat-diger-sosyoloji","6":"product_cat-sosyoloji","7":"pa_cilt-ciltsiz","8":"pa_tur-kitap","9":"pa_yayinevi-nika-yayinevi","10":"pa_yazar-bulent-karakus-umut-yanardag","12":"first","13":"instock","14":"sale","15":"shipping-taxable","16":"purchasable","17":"product-type-simple"},"_links":{"self":[{"href":"https:\/\/roveyayinevi.com.tr\/index.php\/wp-json\/wp\/v2\/product\/720698","targetHints":{"allow":["GET"]}}],"collection":[{"href":"https:\/\/roveyayinevi.com.tr\/index.php\/wp-json\/wp\/v2\/product"}],"about":[{"href":"https:\/\/roveyayinevi.com.tr\/index.php\/wp-json\/wp\/v2\/types\/product"}],"wp:attachment":[{"href":"https:\/\/roveyayinevi.com.tr\/index.php\/wp-json\/wp\/v2\/media?parent=720698"}],"wp:term":[{"taxonomy":"product_brand","embeddable":true,"href":"https:\/\/roveyayinevi.com.tr\/index.php\/wp-json\/wp\/v2\/product_brand?post=720698"},{"taxonomy":"product_cat","embeddable":true,"href":"https:\/\/roveyayinevi.com.tr\/index.php\/wp-json\/wp\/v2\/product_cat?post=720698"},{"taxonomy":"product_tag","embeddable":true,"href":"https:\/\/roveyayinevi.com.tr\/index.php\/wp-json\/wp\/v2\/product_tag?post=720698"}],"curies":[{"name":"wp","href":"https:\/\/api.w.org\/{rel}","templated":true}]}}