{"id":720697,"date":"2025-08-27T18:39:38","date_gmt":"2025-08-27T15:39:38","guid":{"rendered":"https:\/\/roveyayinevi.com.tr\/index.php\/urun\/hafiza\/"},"modified":"2026-04-16T02:28:43","modified_gmt":"2026-04-15T23:28:43","slug":"hafiza","status":"publish","type":"product","link":"https:\/\/roveyayinevi.com.tr\/index.php\/urun\/hafiza\/","title":{"rendered":"Haf\u0131za"},"content":{"rendered":"<p>\u0130nsan Unutur Tarih Hat\u0131rlat\u0131r. Bug\u00fcn bize Atat\u00fcrk\u2019\u00fc ve \u2018\u2019yak\u0131n tarihi\u2019\u2019 unutturmak isteyenler, \u2018\u2019ulus bilincimizi\u2019\u2019 olu\u015fturan \u2018\u2019milli haf\u0131zam\u0131z\u0131\u2019\u2019 silmek istiyorlar. \u2018\u2019Siyasal haf\u0131zam\u0131z\u0131\u2019\u2019 kurgusal bir tarihle yeniden bi\u00e7imlendirmeye \u00e7al\u0131\u015f\u0131yorlar. \u0130\u015fte bu kitab\u0131, unutturulmak istenen \u2018\u2019yak\u0131n tarihimizi\u2019\u2019 hat\u0131rlatarak \u2018\u2019milli haf\u0131zam\u0131z\u0131\u2019\u2019 tazelemek i\u00e7in yazd\u0131m. Haf\u0131zan\u0131 silip yeniden bi\u00e7imlendirmelerine izin verme! Unutma, hat\u0131rla!<\/p>\n","protected":false},"excerpt":{"rendered":"<p>\u0130nsan Unutur Tarih Hat\u0131rlat\u0131r. Bug\u00fcn bize Atat\u00fcrk\u2019\u00fc ve \u2018\u2019yak\u0131n tarihi\u2019\u2019 unutturmak isteyenler, \u2018\u2019ulus bilincimizi\u2019\u2019 olu\u015fturan \u2018\u2019milli haf\u0131zam\u0131z\u0131\u2019\u2019 silmek istiyorlar. \u2018\u2019Siyasal haf\u0131zam\u0131z\u0131\u2019\u2019 kurgusal bir tarihle yeniden bi\u00e7imlendirmeye<span class=\"excerpt-hellip\"> [\u2026]<\/span><\/p>\n","protected":false},"featured_media":0,"template":"","meta":{"_monsterinsights_skip_tracking":false,"_monsterinsights_sitenote_active":false,"_monsterinsights_sitenote_note":"","_monsterinsights_sitenote_category":0},"product_brand":[],"product_cat":[12370,12304],"product_tag":[],"class_list":{"0":"post-720697","1":"product","2":"type-product","3":"status-publish","5":"product_cat-arastirma-inceleme","6":"product_cat-tarih","7":"pa_cilt-ciltsiz","8":"pa_tur-kitap","9":"pa_yayinevi-inkilap-kitabevi","10":"pa_yazar-sinan-meydan","12":"first","13":"instock","14":"sale","15":"shipping-taxable","16":"purchasable","17":"product-type-simple"},"_links":{"self":[{"href":"https:\/\/roveyayinevi.com.tr\/index.php\/wp-json\/wp\/v2\/product\/720697","targetHints":{"allow":["GET"]}}],"collection":[{"href":"https:\/\/roveyayinevi.com.tr\/index.php\/wp-json\/wp\/v2\/product"}],"about":[{"href":"https:\/\/roveyayinevi.com.tr\/index.php\/wp-json\/wp\/v2\/types\/product"}],"wp:attachment":[{"href":"https:\/\/roveyayinevi.com.tr\/index.php\/wp-json\/wp\/v2\/media?parent=720697"}],"wp:term":[{"taxonomy":"product_brand","embeddable":true,"href":"https:\/\/roveyayinevi.com.tr\/index.php\/wp-json\/wp\/v2\/product_brand?post=720697"},{"taxonomy":"product_cat","embeddable":true,"href":"https:\/\/roveyayinevi.com.tr\/index.php\/wp-json\/wp\/v2\/product_cat?post=720697"},{"taxonomy":"product_tag","embeddable":true,"href":"https:\/\/roveyayinevi.com.tr\/index.php\/wp-json\/wp\/v2\/product_tag?post=720697"}],"curies":[{"name":"wp","href":"https:\/\/api.w.org\/{rel}","templated":true}]}}