{"id":720694,"date":"2025-08-27T18:39:36","date_gmt":"2025-08-27T15:39:36","guid":{"rendered":"https:\/\/roveyayinevi.com.tr\/index.php\/urun\/tecavuzu-konusmamiz-lazim\/"},"modified":"2026-04-16T02:28:43","modified_gmt":"2026-04-15T23:28:43","slug":"tecavuzu-konusmamiz-lazim","status":"publish","type":"product","link":"https:\/\/roveyayinevi.com.tr\/index.php\/urun\/tecavuzu-konusmamiz-lazim\/","title":{"rendered":"Tecav\u00fcz\u00fc Konu\u015fmam\u0131z Laz\u0131m"},"content":{"rendered":"<p>Tecav\u00fcz\u00fc Konu\u015fmam\u0131z Laz\u0131m, yazar, dan\u0131\u015fman rehber, aktivist ve tecav\u00fcz ma\u011fduru Sohaila Abdulali\u2019nin cinsel sald\u0131r\u0131 hakk\u0131nda d\u00fcnya \u00e7ap\u0131ndaki tart\u0131\u015fma \u00fczerine ak\u0131ll\u0131, k\u0131\u015fk\u0131rt\u0131c\u0131, \u00e7\u0131\u011f\u0131r a\u00e7an kitab\u0131.\u201cMemlekette cinsel tacize u\u011framam\u0131\u015f kad\u0131nlar elini kald\u0131rs\u0131n. S\u00f6zle, g\u00f6zle, elle kolla taciz ya\u015famam\u0131\u015f olan\u0131m\u0131z var m\u0131d\u0131r? Tecav\u00fcz, bedensel s\u0131n\u0131rlar\u0131n\u0131z\u0131n onay\u0131n\u0131z olmadan ihlali; bu kitap da tecav\u00fcz\u00fc anlat\u0131yor. Hani seslerin k\u0131s\u0131l\u0131p g\u00f6zlerin ka\u00e7\u0131r\u0131ld\u0131\u011f\u0131, \u2018Yaz\u0131k, hayat\u0131 mahvoldu k\u0131zca\u011f\u0131z\u0131n,\u2019 denilen ve fakat k\u0131s\u0131k sesliler korosunun tacizciyi, tecav\u00fczc\u00fcy\u00fc \u00f6yle sessizce es ge\u00e7ip g\u00f6rmezden geldi\u011fi tecav\u00fcz\u00fc anlat\u0131yor. Cesaretle, y\u00fcksek sesle, utanmadan, utanc\u0131 hakiki sahibi riyak\u00e2r topluma ve tecav\u00fczc\u00fcye iade ederek. L\u00fctfen okuyun ve k\u0131zlar\u0131n\u0131za, o\u011fullar\u0131n\u0131za okutun.\u201d -Psikiyatr Dr. G\u00fclcan \u00d6zer&#8221;Sesi \u00e7\u0131kamayanlar\u0131n sesi, karanl\u0131kta b\u0131rak\u0131lanlara bir \u0131\u015f\u0131k; Sohaila Abdulali&#8217;nin bu sayfalara d\u00f6kt\u00fc\u011f\u00fc s\u00f6zc\u00fckler dilerim bu konuda yaz\u0131lm\u0131\u015f bir manifesto olur. Bu kitap bir kar\u015f\u0131 duru\u015ftur. Bunlar yaz\u0131ld\u0131k\u00e7a d\u00fcnya de\u011fi\u015fecek ve her \u015fey k\u00f6t\u00fc sonla bitmeden \u00f6nce \u00f6nlenecektir k\u00f6t\u00fcl\u00fck.&#8221; Karde\u015fini Do\u011furmak kitab\u0131n\u0131n yazar\u0131 B\u00fc\u015fra Sanay<\/p>\n","protected":false},"excerpt":{"rendered":"<p>Tecav\u00fcz\u00fc Konu\u015fmam\u0131z Laz\u0131m, yazar, dan\u0131\u015fman rehber, aktivist ve tecav\u00fcz ma\u011fduru Sohaila Abdulali\u2019nin cinsel sald\u0131r\u0131 hakk\u0131nda d\u00fcnya \u00e7ap\u0131ndaki tart\u0131\u015fma \u00fczerine ak\u0131ll\u0131, k\u0131\u015fk\u0131rt\u0131c\u0131, \u00e7\u0131\u011f\u0131r a\u00e7an kitab\u0131.\u201cMemlekette cinsel tacize<span class=\"excerpt-hellip\"> [\u2026]<\/span><\/p>\n","protected":false},"featured_media":0,"template":"","meta":{"_monsterinsights_skip_tracking":false,"_monsterinsights_sitenote_active":false,"_monsterinsights_sitenote_note":"","_monsterinsights_sitenote_category":0},"product_brand":[],"product_cat":[14787,13488],"product_tag":[],"class_list":{"0":"post-720694","1":"product","2":"type-product","3":"status-publish","5":"product_cat-diger-toplum-ve-insan","6":"product_cat-toplum-ve-insan","7":"pa_cilt-ciltsiz","8":"pa_tur-kitap","9":"pa_yayinevi-mundi","10":"pa_yazar-sohaila-abdulali","12":"first","13":"instock","14":"sale","15":"shipping-taxable","16":"purchasable","17":"product-type-simple"},"_links":{"self":[{"href":"https:\/\/roveyayinevi.com.tr\/index.php\/wp-json\/wp\/v2\/product\/720694","targetHints":{"allow":["GET"]}}],"collection":[{"href":"https:\/\/roveyayinevi.com.tr\/index.php\/wp-json\/wp\/v2\/product"}],"about":[{"href":"https:\/\/roveyayinevi.com.tr\/index.php\/wp-json\/wp\/v2\/types\/product"}],"wp:attachment":[{"href":"https:\/\/roveyayinevi.com.tr\/index.php\/wp-json\/wp\/v2\/media?parent=720694"}],"wp:term":[{"taxonomy":"product_brand","embeddable":true,"href":"https:\/\/roveyayinevi.com.tr\/index.php\/wp-json\/wp\/v2\/product_brand?post=720694"},{"taxonomy":"product_cat","embeddable":true,"href":"https:\/\/roveyayinevi.com.tr\/index.php\/wp-json\/wp\/v2\/product_cat?post=720694"},{"taxonomy":"product_tag","embeddable":true,"href":"https:\/\/roveyayinevi.com.tr\/index.php\/wp-json\/wp\/v2\/product_tag?post=720694"}],"curies":[{"name":"wp","href":"https:\/\/api.w.org\/{rel}","templated":true}]}}