{"id":720693,"date":"2025-08-27T18:39:35","date_gmt":"2025-08-27T15:39:35","guid":{"rendered":"https:\/\/roveyayinevi.com.tr\/index.php\/urun\/kader-sans-ve-evrimin-gelecegi\/"},"modified":"2026-04-16T02:28:43","modified_gmt":"2026-04-15T23:28:43","slug":"kader-sans-ve-evrimin-gelecegi","status":"publish","type":"product","link":"https:\/\/roveyayinevi.com.tr\/index.php\/urun\/kader-sans-ve-evrimin-gelecegi\/","title":{"rendered":"Kader, \u015eans ve Evrimin Gelece\u011fi"},"content":{"rendered":"<p>Evrimsel biyolojinin en temel sorular\u0131ndan biri evrimin ka\u00e7\u0131n\u0131lmaz m\u0131, tesad\u00fcfi mi oldu\u011fudur. Evrimin getirdi\u011fi baz\u0131 \u00e7\u00f6z\u00fcmler, farkl\u0131 zamanlarda ve farkl\u0131 t\u00fcrlerde tekrar tekrar kar\u015f\u0131m\u0131za \u00e7\u0131kar. Bazense en ufak bir mutasyon, evrim s\u00fcrecini tamamen farkl\u0131 bir mecraya s\u00fcr\u00fckler. Jonathan B. Losos, Kader, \u015eans ve Evrimin Gelece\u011fi\u2019nde, evrim biyolojisinin yan\u0131t arad\u0131\u011f\u0131 b\u00fcy\u00fcleyici sorular\u0131 ele al\u0131yor, en son ara\u015ft\u0131rmalar\u0131n verileri \u0131\u015f\u0131\u011f\u0131nda yorumlar yap\u0131yor. Ekosistemlerin korunmas\u0131, zararl\u0131 vir\u00fcs ve bakterilerle m\u00fccadele, uzayda ya\u015fam gibi konularda son derece ufuk a\u00e7\u0131c\u0131 g\u00f6r\u00fc\u015fler getiren Kader, \u015eans ve Evrimin Gelece\u011fi, evrimi kavray\u0131\u015f bi\u00e7imimizi de\u011fi\u015ftirecek.Pedram T\u00fcrko\u011flu&#8217;nun sunu\u015f yaz\u0131s\u0131 ile.<\/p>\n","protected":false},"excerpt":{"rendered":"<p>Evrimsel biyolojinin en temel sorular\u0131ndan biri evrimin ka\u00e7\u0131n\u0131lmaz m\u0131, tesad\u00fcfi mi oldu\u011fudur. Evrimin getirdi\u011fi baz\u0131 \u00e7\u00f6z\u00fcmler, farkl\u0131 zamanlarda ve farkl\u0131 t\u00fcrlerde tekrar tekrar kar\u015f\u0131m\u0131za \u00e7\u0131kar. Bazense<span class=\"excerpt-hellip\"> [\u2026]<\/span><\/p>\n","protected":false},"featured_media":0,"template":"","meta":{"_monsterinsights_skip_tracking":false,"_monsterinsights_sitenote_active":false,"_monsterinsights_sitenote_note":"","_monsterinsights_sitenote_category":0},"product_brand":[],"product_cat":[12389,12388],"product_tag":[],"class_list":{"0":"post-720693","1":"product","2":"type-product","3":"status-publish","5":"product_cat-diger-felsefe","6":"product_cat-felsefe","7":"pa_cilt-ciltsiz","8":"pa_tur-kitap","9":"pa_yayinevi-tellekt","10":"pa_yazar-jonathan-b-losos","12":"first","13":"instock","14":"sale","15":"shipping-taxable","16":"purchasable","17":"product-type-simple"},"_links":{"self":[{"href":"https:\/\/roveyayinevi.com.tr\/index.php\/wp-json\/wp\/v2\/product\/720693","targetHints":{"allow":["GET"]}}],"collection":[{"href":"https:\/\/roveyayinevi.com.tr\/index.php\/wp-json\/wp\/v2\/product"}],"about":[{"href":"https:\/\/roveyayinevi.com.tr\/index.php\/wp-json\/wp\/v2\/types\/product"}],"wp:attachment":[{"href":"https:\/\/roveyayinevi.com.tr\/index.php\/wp-json\/wp\/v2\/media?parent=720693"}],"wp:term":[{"taxonomy":"product_brand","embeddable":true,"href":"https:\/\/roveyayinevi.com.tr\/index.php\/wp-json\/wp\/v2\/product_brand?post=720693"},{"taxonomy":"product_cat","embeddable":true,"href":"https:\/\/roveyayinevi.com.tr\/index.php\/wp-json\/wp\/v2\/product_cat?post=720693"},{"taxonomy":"product_tag","embeddable":true,"href":"https:\/\/roveyayinevi.com.tr\/index.php\/wp-json\/wp\/v2\/product_tag?post=720693"}],"curies":[{"name":"wp","href":"https:\/\/api.w.org\/{rel}","templated":true}]}}