{"id":720690,"date":"2025-08-27T18:39:33","date_gmt":"2025-08-27T15:39:33","guid":{"rendered":"https:\/\/roveyayinevi.com.tr\/index.php\/urun\/koyda\/"},"modified":"2026-04-16T02:28:42","modified_gmt":"2026-04-15T23:28:42","slug":"koyda","status":"publish","type":"product","link":"https:\/\/roveyayinevi.com.tr\/index.php\/urun\/koyda\/","title":{"rendered":"Koyda"},"content":{"rendered":"<p>Yeni Zelanda\u2019da yazl\u0131k bir muhitte konaklayan Burnell\u2019lerin hayat\u0131nda s\u0131radan bir g\u00fcn\u00fc anlatan Koyda, bu geni\u015f ailedeki her bir ki\u015finin hayallerini, \u00f6zlemlerini ve kayg\u0131lar\u0131n\u0131 bir zihinden di\u011ferine ustaca sekerek, \u00e7evrelerindeki do\u011fal g\u00fczelliklerin tasvirleriyle birle\u015ftiriyor. Virginia Woolf\u2019un, \u201cK\u0131skand\u0131\u011f\u0131m tek yazar,\u201d dedi\u011fi Katherine Mansfield\u2019\u0131n reng\u00e2renk bir empresyonist tabloyu and\u0131ran uzun \u00f6yk\u00fcs\u00fc, aile hayat\u0131n\u0131 kad\u0131n g\u00f6z\u00fcnden, g\u00f6r\u00fclmemi\u015f bir d\u00fcr\u00fcstl\u00fck ve sadelikle resmeden k\u00fc\u00e7\u00fck bir ba\u015fyap\u0131t. #yenizelandamodernleri #sayfiye #kad\u0131n #ailehayat\u0131 #a\u015fk #\u00e7ocukluk #bilin\u00e7ak\u0131\u015f\u0131<\/p>\n","protected":false},"excerpt":{"rendered":"<p>Yeni Zelanda\u2019da yazl\u0131k bir muhitte konaklayan Burnell\u2019lerin hayat\u0131nda s\u0131radan bir g\u00fcn\u00fc anlatan Koyda, bu geni\u015f ailedeki her bir ki\u015finin hayallerini, \u00f6zlemlerini ve kayg\u0131lar\u0131n\u0131 bir zihinden di\u011ferine<span class=\"excerpt-hellip\"> [\u2026]<\/span><\/p>\n","protected":false},"featured_media":0,"template":"","meta":{"_monsterinsights_skip_tracking":false,"_monsterinsights_sitenote_active":false,"_monsterinsights_sitenote_note":"","_monsterinsights_sitenote_category":0},"product_brand":[],"product_cat":[12291,12711],"product_tag":[],"class_list":{"0":"post-720690","1":"product","2":"type-product","3":"status-publish","5":"product_cat-edebiyat","6":"product_cat-roman-oyku","7":"pa_cilt-ciltsiz","8":"pa_tur-kitap","9":"pa_yayinevi-can-yayinlari","10":"pa_yazar-katherine-mansfield","12":"first","13":"instock","14":"sale","15":"shipping-taxable","16":"purchasable","17":"product-type-simple"},"_links":{"self":[{"href":"https:\/\/roveyayinevi.com.tr\/index.php\/wp-json\/wp\/v2\/product\/720690","targetHints":{"allow":["GET"]}}],"collection":[{"href":"https:\/\/roveyayinevi.com.tr\/index.php\/wp-json\/wp\/v2\/product"}],"about":[{"href":"https:\/\/roveyayinevi.com.tr\/index.php\/wp-json\/wp\/v2\/types\/product"}],"wp:attachment":[{"href":"https:\/\/roveyayinevi.com.tr\/index.php\/wp-json\/wp\/v2\/media?parent=720690"}],"wp:term":[{"taxonomy":"product_brand","embeddable":true,"href":"https:\/\/roveyayinevi.com.tr\/index.php\/wp-json\/wp\/v2\/product_brand?post=720690"},{"taxonomy":"product_cat","embeddable":true,"href":"https:\/\/roveyayinevi.com.tr\/index.php\/wp-json\/wp\/v2\/product_cat?post=720690"},{"taxonomy":"product_tag","embeddable":true,"href":"https:\/\/roveyayinevi.com.tr\/index.php\/wp-json\/wp\/v2\/product_tag?post=720690"}],"curies":[{"name":"wp","href":"https:\/\/api.w.org\/{rel}","templated":true}]}}