{"id":720687,"date":"2025-08-27T18:39:30","date_gmt":"2025-08-27T15:39:30","guid":{"rendered":"https:\/\/roveyayinevi.com.tr\/index.php\/urun\/daragaci-dansi-ciltli\/"},"modified":"2026-04-16T02:28:42","modified_gmt":"2026-04-15T23:28:42","slug":"daragaci-dansi-ciltli","status":"publish","type":"product","link":"https:\/\/roveyayinevi.com.tr\/index.php\/urun\/daragaci-dansi-ciltli\/","title":{"rendered":"Dara\u011fac\u0131 Dans\u0131 (Ciltli)"},"content":{"rendered":"<p>Hi\u00e7bir Hikayede \u00d6lmeye De\u011fmezViolet, \u201cDara\u011fac\u0131 Dans\u0131\u201dn\u0131n gelmi\u015f ge\u00e7mi\u015f en b\u00fcy\u00fck hayran\u0131yd\u0131. En yak\u0131n arkada\u015flar\u0131 ve karde\u015fiyle birlikte kat\u0131ld\u0131\u011f\u0131 Comic-Con\u2019da favori karakterleriyle \u2013yani onlar\u0131 canland\u0131ran oyuncularla\u2013 tan\u0131\u015fma fikri akl\u0131n\u0131 ba\u015f\u0131ndan al\u0131yordu. Fakat kaderin onlar i\u00e7in daha b\u00fcy\u00fck planlar\u0131 vard\u0131.Korkun\u00e7 bir kazan\u0131n ard\u0131ndan, hik\u00e2ye onlar i\u00e7in ger\u00e7e\u011fe d\u00f6n\u00fc\u015ft\u00fc. Her sat\u0131r\u0131n\u0131, her sahnesini ezbere bildiklerini san\u0131yorlard\u0131 ta ki ilk be\u015f dakikada kazayla asilerin gizli silah\u0131 olan Rose\u2019un \u00f6l\u00fcm\u00fcne sebep olana kadar. Bunun \u00fczerine asiler taraf\u0131ndan tutsak al\u0131nd\u0131klar\u0131nda en b\u00fcy\u00fck arzular\u0131n\u0131n k\u00e2busa d\u00f6n\u00fc\u015ft\u00fc\u011f\u00fcn\u00fc fark ettiler.Kendi d\u00fcnyas\u0131na d\u00f6nmek isteyen Violet, Rose\u2019un ad\u0131mlar\u0131n\u0131 takip etmek ve kehaneti ger\u00e7ekle\u015ftirmek zorundayd\u0131. Ancak yap\u0131lan tek bir de\u011fi\u015fiklik, onlar\u0131 yepyeni bir sona g\u00f6t\u00fcrecekti.\u201cBu kitab\u0131 asla yeteri kadar \u00f6vmeyi ba\u015faramayaca\u011f\u0131m.\u201dLouise O\u2019Neill, Kusursuzlar\u2019\u0131n yazar\u0131\u201cBir gecede bitirdim. Kesinlikle hayranlar\u0131ndan biriyim.\u201dKiran Millwood Hargrave, M\u00fcrekkep ve Y\u0131ld\u0131zlar\u0131n K\u0131z\u0131\u2019n\u0131n yazar\u0131\u201cBiraz farkl\u0131 bir \u015feyler okumak isteyen herkese \u015fiddetle tavsiye ediyorum. \u015eimdiden benim en sevdi\u011fim romanlar\u0131n aras\u0131na girdi bile.\u201dCatherine Doyle, \u0130ntikam\u2019\u0131n yazar\u0131\u201cAk\u0131c\u0131 anlat\u0131m\u0131 ve nefes kesici kurgusu\u2026 \u0130\u00e7ine \u00e7ekilmemek i\u00e7in dikkatli olsan\u0131z iyi olur.\u201dThe Bookseller\u201cAnna Day \u00f6yle bir hik\u00e2ye kurguluyor ki d\u00fcnyaya bak\u0131\u015f a\u00e7\u0131n\u0131z\u0131 sorgulayacak, kahkahalara bo\u011fulacak, gerilimden t\u0131rnaklar\u0131n\u0131z\u0131 kemirecek ve her sayfada karakterlere bir kez daha \u00e2\u015f\u0131k olacaks\u0131n\u0131z.\u201dJames Dashner\u201cElimden b\u0131rakamad\u0131m ve tekrar okumak i\u00e7in sab\u0131rs\u0131zlan\u0131yorum.\u201dMelinda Salisbury\u201cMacera, dostluk, aile ve tabii ki hayranl\u0131k \u00fczerine olan bu muhte\u015fem kitaba bay\u0131ld\u0131m.\u201dKatherine Webber\u201cHayranl\u0131\u011f\u0131n g\u00fcc\u00fcnden ka\u00e7amazs\u0131n\u0131z.\u201dMaggie Harcourt\u201cAnna Day, nefes kesici bir atmosfer yarat\u0131yor.\u201dThe Bookbag\u201c\u0130nand\u0131r\u0131c\u0131 kurgusu, co\u015fkulu anlat\u0131c\u0131s\u0131 ve halihaz\u0131rda \u00e7ok sevilen g\u00fcn\u00fcm\u00fcz hayranlar\u0131yla ba\u011flant\u0131s\u0131 sayesinde kusursuz bir okuma sunuyor.\u201dUnited By Pop\u201cGen\u00e7 Yeti\u015fkin t\u00fcr\u00fcn\u00fcn s\u0131n\u0131rlar\u0131n\u0131 zorluyor.\u201dSparkle Reads\u201cHik\u00e2ye t\u00fcm ge\u00e7i\u015fleri ve \u015fa\u015f\u0131rtmacalar\u0131yla o kadar girift, komplike ve hayranl\u0131k verici ki elimden b\u0131rakamad\u0131m.\u201dBook Nest\u201cDara\u011fac\u0131 Dans\u0131, pek \u00e7ok klasik distopya \u00f6\u011fesini ve hayran k\u00fclt\u00fcr\u00fcn\u00fc alt\u00fcst etme konusunda muhte\u015fem bir i\u015f \u00e7\u0131karm\u0131\u015f.\u201dBitchin Fiction<\/p>\n","protected":false},"excerpt":{"rendered":"<p>Hi\u00e7bir Hikayede \u00d6lmeye De\u011fmezViolet, \u201cDara\u011fac\u0131 Dans\u0131\u201dn\u0131n gelmi\u015f ge\u00e7mi\u015f en b\u00fcy\u00fck hayran\u0131yd\u0131. En yak\u0131n arkada\u015flar\u0131 ve karde\u015fiyle birlikte kat\u0131ld\u0131\u011f\u0131 Comic-Con\u2019da favori karakterleriyle \u2013yani onlar\u0131 canland\u0131ran oyuncularla\u2013 tan\u0131\u015fma<span class=\"excerpt-hellip\"> [\u2026]<\/span><\/p>\n","protected":false},"featured_media":0,"template":"","meta":{"_monsterinsights_skip_tracking":false,"_monsterinsights_sitenote_active":false,"_monsterinsights_sitenote_note":"","_monsterinsights_sitenote_category":0},"product_brand":[],"product_cat":[12540,12291],"product_tag":[],"class_list":{"0":"post-720687","1":"product","2":"type-product","3":"status-publish","5":"product_cat-bilim-kurgu","6":"product_cat-edebiyat","7":"pa_cilt-ciltli","8":"pa_tur-kitap","9":"pa_yayinevi-yabanci-yayinevi","10":"pa_yazar-anna-day","12":"first","13":"instock","14":"sale","15":"shipping-taxable","16":"purchasable","17":"product-type-simple"},"_links":{"self":[{"href":"https:\/\/roveyayinevi.com.tr\/index.php\/wp-json\/wp\/v2\/product\/720687","targetHints":{"allow":["GET"]}}],"collection":[{"href":"https:\/\/roveyayinevi.com.tr\/index.php\/wp-json\/wp\/v2\/product"}],"about":[{"href":"https:\/\/roveyayinevi.com.tr\/index.php\/wp-json\/wp\/v2\/types\/product"}],"wp:attachment":[{"href":"https:\/\/roveyayinevi.com.tr\/index.php\/wp-json\/wp\/v2\/media?parent=720687"}],"wp:term":[{"taxonomy":"product_brand","embeddable":true,"href":"https:\/\/roveyayinevi.com.tr\/index.php\/wp-json\/wp\/v2\/product_brand?post=720687"},{"taxonomy":"product_cat","embeddable":true,"href":"https:\/\/roveyayinevi.com.tr\/index.php\/wp-json\/wp\/v2\/product_cat?post=720687"},{"taxonomy":"product_tag","embeddable":true,"href":"https:\/\/roveyayinevi.com.tr\/index.php\/wp-json\/wp\/v2\/product_tag?post=720687"}],"curies":[{"name":"wp","href":"https:\/\/api.w.org\/{rel}","templated":true}]}}