{"id":720686,"date":"2025-08-27T18:39:29","date_gmt":"2025-08-27T15:39:29","guid":{"rendered":"https:\/\/roveyayinevi.com.tr\/index.php\/urun\/komsum-bay-tesla\/"},"modified":"2026-04-16T02:28:42","modified_gmt":"2026-04-15T23:28:42","slug":"komsum-bay-tesla","status":"publish","type":"product","link":"https:\/\/roveyayinevi.com.tr\/index.php\/urun\/komsum-bay-tesla\/","title":{"rendered":"Kom\u015fum Bay Tesla"},"content":{"rendered":"<p>Andy ve ailesi, yeni bir eve ta\u015f\u0131nm\u0131\u015ft\u0131. Sessiz sakin bu mahalledeki b\u00fct\u00fcn evler birbirine benziyordu, biri d\u0131\u015f\u0131nda. Yan kom\u015fular\u0131n\u0131n bah\u00e7esinde y\u00fckselen, mantar \u015feklindeki demirden kule, b\u00fcy\u00fck bir merak konusuydu. Bir g\u00fcn yanl\u0131\u015fl\u0131kla topu u\u00e7up gizemli kom\u015fular\u0131n\u0131n cam\u0131n\u0131 k\u0131rd\u0131\u011f\u0131nda, Andy o metal kulenin ne oldu\u011funu \u00f6\u011frenmekle kalmayacak, kendisini \u00fcnl\u00fc mucitler Nikola Tesla ve Thomas Edison\u2019la birlikte benzersiz bir maceran\u0131n i\u00e7inde bulacakt\u0131.\u00dcnl\u00fc bilim insanlar\u0131 ve mucitler Nikola Tesla ile Thomas Edison, g\u00fcn\u00fcm\u00fczde ya\u015fasalard\u0131 nas\u0131l olurdu? Ge\u00e7mi\u015fte bu ikili aras\u0131nda ger\u00e7ekle\u015fen bir anla\u015fmazl\u0131k \u00fczerine kurgulanan Kom\u015fum Bay Tesla, hem soluksuz okunacak bir ser\u00fcven hem de i\u00e7inizi \u0131s\u0131tacak bir arkada\u015fl\u0131k \u00f6yk\u00fcs\u00fc.<\/p>\n","protected":false},"excerpt":{"rendered":"<p>Andy ve ailesi, yeni bir eve ta\u015f\u0131nm\u0131\u015ft\u0131. Sessiz sakin bu mahalledeki b\u00fct\u00fcn evler birbirine benziyordu, biri d\u0131\u015f\u0131nda. Yan kom\u015fular\u0131n\u0131n bah\u00e7esinde y\u00fckselen, mantar \u015feklindeki demirden kule, b\u00fcy\u00fck<span class=\"excerpt-hellip\"> [\u2026]<\/span><\/p>\n","protected":false},"featured_media":0,"template":"","meta":{"_monsterinsights_skip_tracking":false,"_monsterinsights_sitenote_active":false,"_monsterinsights_sitenote_note":"","_monsterinsights_sitenote_category":0},"product_brand":[],"product_cat":[12274,12518],"product_tag":[],"class_list":{"0":"post-720686","1":"product","2":"type-product","3":"status-publish","5":"product_cat-cocuk-ve-genclik-kitaplari","6":"product_cat-okul-oncesi-kitaplar","7":"pa_cilt-ciltsiz","8":"pa_tur-kitap","9":"pa_yayinevi-ithaki-yayinlari","10":"pa_yazar-nur-muslu-tiftikci","12":"first","13":"instock","14":"sale","15":"shipping-taxable","16":"purchasable","17":"product-type-simple"},"_links":{"self":[{"href":"https:\/\/roveyayinevi.com.tr\/index.php\/wp-json\/wp\/v2\/product\/720686","targetHints":{"allow":["GET"]}}],"collection":[{"href":"https:\/\/roveyayinevi.com.tr\/index.php\/wp-json\/wp\/v2\/product"}],"about":[{"href":"https:\/\/roveyayinevi.com.tr\/index.php\/wp-json\/wp\/v2\/types\/product"}],"wp:attachment":[{"href":"https:\/\/roveyayinevi.com.tr\/index.php\/wp-json\/wp\/v2\/media?parent=720686"}],"wp:term":[{"taxonomy":"product_brand","embeddable":true,"href":"https:\/\/roveyayinevi.com.tr\/index.php\/wp-json\/wp\/v2\/product_brand?post=720686"},{"taxonomy":"product_cat","embeddable":true,"href":"https:\/\/roveyayinevi.com.tr\/index.php\/wp-json\/wp\/v2\/product_cat?post=720686"},{"taxonomy":"product_tag","embeddable":true,"href":"https:\/\/roveyayinevi.com.tr\/index.php\/wp-json\/wp\/v2\/product_tag?post=720686"}],"curies":[{"name":"wp","href":"https:\/\/api.w.org\/{rel}","templated":true}]}}