{"id":720685,"date":"2025-08-27T18:39:28","date_gmt":"2025-08-27T15:39:28","guid":{"rendered":"https:\/\/roveyayinevi.com.tr\/index.php\/urun\/kiyamet-polisi\/"},"modified":"2026-04-16T02:28:42","modified_gmt":"2026-04-15T23:28:42","slug":"kiyamet-polisi","status":"publish","type":"product","link":"https:\/\/roveyayinevi.com.tr\/index.php\/urun\/kiyamet-polisi\/","title":{"rendered":"K\u0131yamet Polisi"},"content":{"rendered":"<p>\u201c\u0130nsanlar\u0131n bu felaketle y\u00fczle\u015fmekteki beceriksizli\u011fi, felaketin kendisinden daha da beter.\u201dD\u00fcnyan\u0131n sonuna alt\u0131 ay kald\u0131. Uzaydaki k\u00fc\u00e7\u00fck mavi noktaya, yery\u00fcz\u00fcne, d\u00fcnyam\u0131za, 2011GV1 isimli bir asteroit \u00e7arpacak ve ya\u015fam sona erecek. Peki, bu kadar k\u0131sa s\u00fcrede \u00f6leceksek, cinayetleri \u00e7\u00f6zmenin ne anlam\u0131 var? \u0130\u00e7ine kapan\u0131k bir sigortac\u0131n\u0131n \u015f\u00fcpheli intihar\u0131n\u0131 ara\u015ft\u0131rmaya ba\u015flayan Dedektif Palace, ekonominin iflasa ko\u015ftu\u011fu, camilerin, kiliselerin, sinagoglar\u0131n dolup ta\u015ft\u0131\u011f\u0131, komplo teorilerinin havada u\u00e7tu\u011fu, \u00e7aresizli\u011fin ink\u00e2rla birbirine kar\u0131\u015ft\u0131\u011f\u0131 b\u00f6yle bir d\u00fcnyada, her hafta d\u00fczinelerce intihar\u0131n ya\u015fand\u0131\u011f\u0131 bir \u015fehirde akl\u0131n\u0131 korumaya u\u011fra\u015f\u0131yor. T\u00fcm bunlar\u0131n bir anlam\u0131 olmal\u0131. De\u011fil mi?Ben H. Winters, Edgar ve Philip K. Dick \u00f6d\u00fcllerine sahip K\u0131yamet Polisi \u00fc\u00e7lemesinde, insanlar\u0131n y\u0131\u011f\u0131nlar halinde istifa edip iyi k\u00f6t\u00fc t\u00fcm arzular\u0131n\u0131n pe\u015fine d\u00fc\u015ft\u00fc\u011f\u00fc bir d\u00fcnyada mesle\u011fini umursayan nadir ki\u015filerden birini, hayat\u0131 boyunca d\u00fc\u015fledi\u011fi i\u015fi insanl\u0131k tarihinin en k\u00f6t\u00fc zaman\u0131nda elde eden Hank Palace\u2019\u0131 anlat\u0131rken, \u201ckatil kim\u201d sorusunun \u00f6tesine ad\u0131m ad\u0131yor. Medeniyetin temel ta\u015flar\u0131 nelerdir, hayat\u0131n de\u011feri nedir, say\u0131l\u0131 g\u00fcn\u00fcm\u00fcz\u00fcn oldu\u011funu bilsek, ger\u00e7ekten ama ger\u00e7ekten ne yapard\u0131k gibi sorular\u0131n cevaplar\u0131n\u0131 ar\u0131yor.Polisiyeyle bilimkurgunun birle\u015fti\u011fi o nefis noktada duran K\u0131yamet Polisi, \u0131\u015f\u0131\u011f\u0131n t\u00fckeni\u015fine \u00f6fkeyle ba\u011f\u0131ran, en b\u00fcy\u00fck muammay\u0131, insan\u0131 \u00e7\u00f6zmeye \u00e7al\u0131\u015fan acayip bir roman.\u201cWinters i\u00e7in as\u0131l g\u00fczellik, olay \u00f6rg\u00fcs\u00fcn\u00fcn karamsar damar\u0131nda de\u011fil ayr\u0131nt\u0131larda sakl\u0131.\u201dKirkus Reviews\u201cBu ufuk a\u00e7an polisiyeye, ilgin\u00e7 mek\u00e2nlarda ge\u00e7en su\u00e7 hik\u00e2yelerini sevenler ve k\u0131yamet hik\u00e2yelerinde farkl\u0131 bir bak\u0131\u015f a\u00e7\u0131s\u0131 arayan okurlar bay\u0131lacak.\u201dLibrary Journal\u201c\u0130lgiyi canl\u0131 tutan ters k\u00f6\u015feleri, sevilesi karakterleri ve h\u00fcz\u00fcnl\u00fc g\u00fczelli\u011fiyle, K\u0131yamet Polisi nadir bir m\u00fccevher.\u201dSan Fransisco Book Review.\u201cMedeniyete, topluma, \u00e7aresizli\u011fe ve umuda dair b\u00fcy\u00fck sorular soran bir roman.\u201dio9\u201cWinters, Edgar ve Philip K. Dick \u00f6d\u00fcllerine sahip \u00fc\u00e7lemesinde klasik bir bilimkurgu fikrini \u2013bir asteroidin D\u00fcnya\u2019ya \u00e7arp\u0131\u015f\u0131ndan \u00f6nceki son aylar\u0131\u2013 al\u0131p polisiye edebiyat\u0131n gelenekleriyle birle\u015ftiriyor, b\u00f6ylelikle fazlas\u0131yla s\u00fcratli ve dokunakl\u0131 bir k\u0131yamet senaryosu koyuyor ortaya.\u201dSan Fransisco Chronicle<\/p>\n","protected":false},"excerpt":{"rendered":"<p>\u201c\u0130nsanlar\u0131n bu felaketle y\u00fczle\u015fmekteki beceriksizli\u011fi, felaketin kendisinden daha da beter.\u201dD\u00fcnyan\u0131n sonuna alt\u0131 ay kald\u0131. Uzaydaki k\u00fc\u00e7\u00fck mavi noktaya, yery\u00fcz\u00fcne, d\u00fcnyam\u0131za, 2011GV1 isimli bir asteroit \u00e7arpacak ve<span class=\"excerpt-hellip\"> [\u2026]<\/span><\/p>\n","protected":false},"featured_media":0,"template":"","meta":{"_monsterinsights_skip_tracking":false,"_monsterinsights_sitenote_active":false,"_monsterinsights_sitenote_note":"","_monsterinsights_sitenote_category":0},"product_brand":[],"product_cat":[12291,12711],"product_tag":[],"class_list":{"0":"post-720685","1":"product","2":"type-product","3":"status-publish","5":"product_cat-edebiyat","6":"product_cat-roman-oyku","7":"pa_cilt-ciltsiz","8":"pa_tur-kitap","9":"pa_yayinevi-ithaki-yayinlari","10":"pa_yazar-ben-h-winters","12":"first","13":"instock","14":"sale","15":"shipping-taxable","16":"purchasable","17":"product-type-simple"},"_links":{"self":[{"href":"https:\/\/roveyayinevi.com.tr\/index.php\/wp-json\/wp\/v2\/product\/720685","targetHints":{"allow":["GET"]}}],"collection":[{"href":"https:\/\/roveyayinevi.com.tr\/index.php\/wp-json\/wp\/v2\/product"}],"about":[{"href":"https:\/\/roveyayinevi.com.tr\/index.php\/wp-json\/wp\/v2\/types\/product"}],"wp:attachment":[{"href":"https:\/\/roveyayinevi.com.tr\/index.php\/wp-json\/wp\/v2\/media?parent=720685"}],"wp:term":[{"taxonomy":"product_brand","embeddable":true,"href":"https:\/\/roveyayinevi.com.tr\/index.php\/wp-json\/wp\/v2\/product_brand?post=720685"},{"taxonomy":"product_cat","embeddable":true,"href":"https:\/\/roveyayinevi.com.tr\/index.php\/wp-json\/wp\/v2\/product_cat?post=720685"},{"taxonomy":"product_tag","embeddable":true,"href":"https:\/\/roveyayinevi.com.tr\/index.php\/wp-json\/wp\/v2\/product_tag?post=720685"}],"curies":[{"name":"wp","href":"https:\/\/api.w.org\/{rel}","templated":true}]}}