{"id":720680,"date":"2025-08-27T18:39:24","date_gmt":"2025-08-27T15:39:24","guid":{"rendered":"https:\/\/roveyayinevi.com.tr\/index.php\/urun\/muhabbet-olsun\/"},"modified":"2026-04-16T02:28:42","modified_gmt":"2026-04-15T23:28:42","slug":"muhabbet-olsun","status":"publish","type":"product","link":"https:\/\/roveyayinevi.com.tr\/index.php\/urun\/muhabbet-olsun\/","title":{"rendered":"Muhabbet Olsun"},"content":{"rendered":"<p>\u201c\u015eiirler, \u015fairlerinin birikimlerinden, deneyimlerinden, sevin\u00e7lerinden, ac\u0131lar\u0131ndan s\u00fcz\u00fcl\u00fcp sese, s\u00f6ze, dizelere d\u00f6n\u00fc\u015f\u00fcrler. Bu y\u00f6nleriyle onlar\u0131 de\u011fi\u015fik yaylalarda yeti\u015fen \u00e7i\u00e7ekler gibi g\u00f6rebiliriz. Farkl\u0131 g\u00fczelliklerle, renklerle, tatlarla ula\u015f\u0131rlar okurlar\u0131na. Mest edici kokularla, bazen dikenlerle gelirler. Kimileri renk renk g\u00fcller gibidir; kat kat yapraklar\u0131 da, s\u00f6ylemek istedikleri de biraz gizlidir. Kimileri nazl\u0131d\u0131r, kolay ele ge\u00e7mez, her okuyan farkl\u0131 anlam \u00e7\u0131kar\u0131r; her okuyan farkl\u0131 tat al\u0131r. Kimileri de a\u00e7\u0131k a\u00e7\u0131k s\u00f6yler ne s\u00f6yleyecekse\u2026\u015eair bu kitapta s\u00f6ze her ne kadar \u201cMuhabbet Olsun\u201d diyerek ba\u015flam\u0131\u015f olsa da, duyarl\u0131 y\u00fcre\u011fini harekete ge\u00e7iren her co\u015fkuyu, her sitemi, her itiraz\u0131 da s\u0131ras\u0131 geldik\u00e7e dizelere d\u00f6km\u00fc\u015ft\u00fcr.Kendi duygu ve d\u00fc\u015f\u00fcnce d\u00fcnyas\u0131ndan bir se\u00e7ki olu\u015fturmu\u015f, diyeceklerini demi\u015f, siz \u015fiir dostlar\u0131n\u0131n be\u011fenilerine sunmu\u015ftur. S\u00f6z s\u0131ras\u0131 sizdedir.\u201d<\/p>\n","protected":false},"excerpt":{"rendered":"<p>\u201c\u015eiirler, \u015fairlerinin birikimlerinden, deneyimlerinden, sevin\u00e7lerinden, ac\u0131lar\u0131ndan s\u00fcz\u00fcl\u00fcp sese, s\u00f6ze, dizelere d\u00f6n\u00fc\u015f\u00fcrler. Bu y\u00f6nleriyle onlar\u0131 de\u011fi\u015fik yaylalarda yeti\u015fen \u00e7i\u00e7ekler gibi g\u00f6rebiliriz. Farkl\u0131 g\u00fczelliklerle, renklerle, tatlarla ula\u015f\u0131rlar okurlar\u0131na.<span class=\"excerpt-hellip\"> [\u2026]<\/span><\/p>\n","protected":false},"featured_media":0,"template":"","meta":{"_monsterinsights_skip_tracking":false,"_monsterinsights_sitenote_active":false,"_monsterinsights_sitenote_note":"","_monsterinsights_sitenote_category":0},"product_brand":[],"product_cat":[12291,12509],"product_tag":[],"class_list":{"0":"post-720680","1":"product","2":"type-product","3":"status-publish","5":"product_cat-edebiyat","6":"product_cat-siir","7":"pa_cilt-ciltsiz","8":"pa_tur-kitap","9":"pa_yayinevi-elpis-yayinlari","10":"pa_yazar-sahbettin-ali","12":"first","13":"instock","14":"sale","15":"shipping-taxable","16":"purchasable","17":"product-type-simple"},"_links":{"self":[{"href":"https:\/\/roveyayinevi.com.tr\/index.php\/wp-json\/wp\/v2\/product\/720680","targetHints":{"allow":["GET"]}}],"collection":[{"href":"https:\/\/roveyayinevi.com.tr\/index.php\/wp-json\/wp\/v2\/product"}],"about":[{"href":"https:\/\/roveyayinevi.com.tr\/index.php\/wp-json\/wp\/v2\/types\/product"}],"wp:attachment":[{"href":"https:\/\/roveyayinevi.com.tr\/index.php\/wp-json\/wp\/v2\/media?parent=720680"}],"wp:term":[{"taxonomy":"product_brand","embeddable":true,"href":"https:\/\/roveyayinevi.com.tr\/index.php\/wp-json\/wp\/v2\/product_brand?post=720680"},{"taxonomy":"product_cat","embeddable":true,"href":"https:\/\/roveyayinevi.com.tr\/index.php\/wp-json\/wp\/v2\/product_cat?post=720680"},{"taxonomy":"product_tag","embeddable":true,"href":"https:\/\/roveyayinevi.com.tr\/index.php\/wp-json\/wp\/v2\/product_tag?post=720680"}],"curies":[{"name":"wp","href":"https:\/\/api.w.org\/{rel}","templated":true}]}}