{"id":720678,"date":"2025-08-27T18:39:22","date_gmt":"2025-08-27T15:39:22","guid":{"rendered":"https:\/\/roveyayinevi.com.tr\/index.php\/urun\/gaston-artik-kiskanmiyor-gastonun-duygulari\/"},"modified":"2026-04-16T02:28:42","modified_gmt":"2026-04-15T23:28:42","slug":"gaston-artik-kiskanmiyor-gastonun-duygulari","status":"publish","type":"product","link":"https:\/\/roveyayinevi.com.tr\/index.php\/urun\/gaston-artik-kiskanmiyor-gastonun-duygulari\/","title":{"rendered":"Gaston Art\u0131k K\u0131skanm\u0131yor &#8211; Gaston&#8217;un Duygular\u0131"},"content":{"rendered":"<p>Gaston, k\u00fc\u00e7\u00fck bir tek boynuzlu at.G\u00f6kku\u015fa\u011f\u0131 gibi rengarenk yelesi, duygular\u0131na g\u00f6re renk de\u011fi\u015ftiriyor!Gaston; annesini, yata\u011f\u0131n\u0131 ve pastas\u0131n\u0131 kuzeniyle payla\u015fmak istemiyor. \u00c7\u00fcnk\u00fc kuzeni Lili\u2019yi birazc\u0131k k\u0131skan\u0131yor. Sen de Gaston\u2019un k\u0131skan\u00e7l\u0131ktan nas\u0131l kurtulaca\u011f\u0131n\u0131 bilmek ister misin?1 Gaston\u2019un Duygular\u0131 + 1 Nefes Egzersizi = 0 K\u0131skan\u00e7l\u0131k!Olumsuz duygular\u0131m\u0131zla, evde yapabilece\u011fimiz basit nefes egzersizleri sayesinde ba\u015fa \u00e7\u0131kman\u0131n yollar\u0131n\u0131 anlatan Gaston\u2019un Duygular\u0131 dizisine \u00e7ocuklar bay\u0131lacak.<\/p>\n","protected":false},"excerpt":{"rendered":"<p>Gaston, k\u00fc\u00e7\u00fck bir tek boynuzlu at.G\u00f6kku\u015fa\u011f\u0131 gibi rengarenk yelesi, duygular\u0131na g\u00f6re renk de\u011fi\u015ftiriyor!Gaston; annesini, yata\u011f\u0131n\u0131 ve pastas\u0131n\u0131 kuzeniyle payla\u015fmak istemiyor. \u00c7\u00fcnk\u00fc kuzeni Lili\u2019yi birazc\u0131k k\u0131skan\u0131yor. Sen<span class=\"excerpt-hellip\"> [\u2026]<\/span><\/p>\n","protected":false},"featured_media":0,"template":"","meta":{"_monsterinsights_skip_tracking":false,"_monsterinsights_sitenote_active":false,"_monsterinsights_sitenote_note":"","_monsterinsights_sitenote_category":0},"product_brand":[],"product_cat":[12274,12284],"product_tag":[],"class_list":{"0":"post-720678","1":"product","2":"type-product","3":"status-publish","5":"product_cat-cocuk-ve-genclik-kitaplari","6":"product_cat-hikayeler","7":"pa_cilt-ciltsiz","8":"pa_tur-kitap","9":"pa_yayinevi-1001-cicek-kitaplar","10":"pa_yazar-aurelie-chien-chow-chine","12":"first","13":"instock","14":"sale","15":"shipping-taxable","16":"purchasable","17":"product-type-simple"},"_links":{"self":[{"href":"https:\/\/roveyayinevi.com.tr\/index.php\/wp-json\/wp\/v2\/product\/720678","targetHints":{"allow":["GET"]}}],"collection":[{"href":"https:\/\/roveyayinevi.com.tr\/index.php\/wp-json\/wp\/v2\/product"}],"about":[{"href":"https:\/\/roveyayinevi.com.tr\/index.php\/wp-json\/wp\/v2\/types\/product"}],"wp:attachment":[{"href":"https:\/\/roveyayinevi.com.tr\/index.php\/wp-json\/wp\/v2\/media?parent=720678"}],"wp:term":[{"taxonomy":"product_brand","embeddable":true,"href":"https:\/\/roveyayinevi.com.tr\/index.php\/wp-json\/wp\/v2\/product_brand?post=720678"},{"taxonomy":"product_cat","embeddable":true,"href":"https:\/\/roveyayinevi.com.tr\/index.php\/wp-json\/wp\/v2\/product_cat?post=720678"},{"taxonomy":"product_tag","embeddable":true,"href":"https:\/\/roveyayinevi.com.tr\/index.php\/wp-json\/wp\/v2\/product_tag?post=720678"}],"curies":[{"name":"wp","href":"https:\/\/api.w.org\/{rel}","templated":true}]}}