{"id":720677,"date":"2025-08-27T18:39:21","date_gmt":"2025-08-27T15:39:21","guid":{"rendered":"https:\/\/roveyayinevi.com.tr\/index.php\/urun\/gaston-artik-uzgun-degil\/"},"modified":"2025-11-06T05:35:01","modified_gmt":"2025-11-06T02:35:01","slug":"gaston-artik-uzgun-degil","status":"publish","type":"product","link":"https:\/\/roveyayinevi.com.tr\/index.php\/urun\/gaston-artik-uzgun-degil\/","title":{"rendered":"Gaston Art\u0131k \u00dczg\u00fcn De\u011fil"},"content":{"rendered":"<p>Gaston, k\u00fc\u00e7\u00fck bir tek boynuzlu at.G\u00f6kku\u015fa\u011f\u0131 gibi rengarenk yelesi, duygular\u0131na g\u00f6re renk de\u011fi\u015ftiriyor!Gaston, arkada\u015flar\u0131 onun istedi\u011fi oyunu oynamad\u0131\u011f\u0131nda \u00e7ok \u00fcz\u00fcl\u00fcyor. Sen de Gaston\u2019un \u00fcz\u00fcnt\u00fcden nas\u0131l kurtulaca\u011f\u0131n\u0131 bilmek ister misin?1 Gaston\u2019un Duygular\u0131 + 1 Nefes Egzersizi = 0 \u00dcz\u00fcnt\u00fc!Olumsuz duygular\u0131m\u0131zla, evde yapabilece\u011fimiz basit nefes egzersizleri sayesinde ba\u015fa \u00e7\u0131kman\u0131n yollar\u0131n\u0131 anlatan Gaston\u2019un Duygular\u0131 dizisine \u00e7ocuklar bay\u0131lacak.<\/p>\n","protected":false},"excerpt":{"rendered":"<p>Gaston, k\u00fc\u00e7\u00fck bir tek boynuzlu at.G\u00f6kku\u015fa\u011f\u0131 gibi rengarenk yelesi, duygular\u0131na g\u00f6re renk de\u011fi\u015ftiriyor!Gaston, arkada\u015flar\u0131 onun istedi\u011fi oyunu oynamad\u0131\u011f\u0131nda \u00e7ok \u00fcz\u00fcl\u00fcyor. Sen de Gaston\u2019un \u00fcz\u00fcnt\u00fcden nas\u0131l kurtulaca\u011f\u0131n\u0131<span class=\"excerpt-hellip\"> [\u2026]<\/span><\/p>\n","protected":false},"featured_media":0,"template":"","meta":{"_monsterinsights_skip_tracking":false,"_monsterinsights_sitenote_active":false,"_monsterinsights_sitenote_note":"","_monsterinsights_sitenote_category":0},"product_brand":[],"product_cat":[12274,12284],"product_tag":[],"class_list":{"0":"post-720677","1":"product","2":"type-product","3":"status-publish","5":"product_cat-cocuk-ve-genclik-kitaplari","6":"product_cat-hikayeler","7":"pa_cilt-ciltsiz","8":"pa_tur-kitap","9":"pa_yayinevi-1001-cicek-kitaplar","10":"pa_yazar-aurelie-chien-chow-chine","12":"first","13":"instock","14":"sale","15":"shipping-taxable","16":"purchasable","17":"product-type-simple"},"_links":{"self":[{"href":"https:\/\/roveyayinevi.com.tr\/index.php\/wp-json\/wp\/v2\/product\/720677","targetHints":{"allow":["GET"]}}],"collection":[{"href":"https:\/\/roveyayinevi.com.tr\/index.php\/wp-json\/wp\/v2\/product"}],"about":[{"href":"https:\/\/roveyayinevi.com.tr\/index.php\/wp-json\/wp\/v2\/types\/product"}],"wp:attachment":[{"href":"https:\/\/roveyayinevi.com.tr\/index.php\/wp-json\/wp\/v2\/media?parent=720677"}],"wp:term":[{"taxonomy":"product_brand","embeddable":true,"href":"https:\/\/roveyayinevi.com.tr\/index.php\/wp-json\/wp\/v2\/product_brand?post=720677"},{"taxonomy":"product_cat","embeddable":true,"href":"https:\/\/roveyayinevi.com.tr\/index.php\/wp-json\/wp\/v2\/product_cat?post=720677"},{"taxonomy":"product_tag","embeddable":true,"href":"https:\/\/roveyayinevi.com.tr\/index.php\/wp-json\/wp\/v2\/product_tag?post=720677"}],"curies":[{"name":"wp","href":"https:\/\/api.w.org\/{rel}","templated":true}]}}