{"id":720675,"date":"2025-08-27T18:39:20","date_gmt":"2025-08-27T15:39:20","guid":{"rendered":"https:\/\/roveyayinevi.com.tr\/index.php\/urun\/muminlerin-emiri-hz-ali\/"},"modified":"2026-04-16T02:28:42","modified_gmt":"2026-04-15T23:28:42","slug":"muminlerin-emiri-hz-ali","status":"publish","type":"product","link":"https:\/\/roveyayinevi.com.tr\/index.php\/urun\/muminlerin-emiri-hz-ali\/","title":{"rendered":"M\u00fcminlerin Emiri Hz. Ali"},"content":{"rendered":"<p>Abd\u00fclbaki G\u00f6lp\u0131narl\u0131, M\u00fcminlerin Emini Hz. Ali eseriyle tarafs\u0131z bir biyografi sunuyor. \u00d6nce Hz. Ali\u2019nin, peygamberin zaman\u0131ndaki ve sonraki hayat\u0131n\u0131, kaynaklara ve tan\u0131klar\u0131n anlat\u0131lar\u0131na dayanarak aktar\u0131yor. Ondan sonra da onun bir\u00e7ok cephelerini, ger\u00e7ek vesikalar\u0131 ve kendi s\u00f6zlerini de\u011ferlendirerek inceliyor. G\u00f6lp\u0131narl\u0131\u2019n\u0131n yetkin kaleminden \u00e7\u0131kan bu inceleme \u015f\u00fcphesiz ki okuyucular\u0131na, \u015fimdiye dek bildiklerinden, duyduklar\u0131ndan fazla bir \u015feyler sunacakt\u0131r. Bu eser, bir ger\u00e7e\u011fin tarafs\u0131z hikayesi, hadiselerin ger\u00e7ek aksi olacak. Bu eser tarihi roman \u00fcslubuyla yaz\u0131lm\u0131\u015f olsa da tarihi roman de\u011fil, ancak tarihi bir tefrikad\u0131r. Sayfa sayfa Hz. Ali\u2019nin hayat\u0131 g\u00f6zlere g\u00f6r\u00fcnecek, yaz\u0131 \u015fekline b\u00fcr\u00fcnecektir.<\/p>\n","protected":false},"excerpt":{"rendered":"<p>Abd\u00fclbaki G\u00f6lp\u0131narl\u0131, M\u00fcminlerin Emini Hz. Ali eseriyle tarafs\u0131z bir biyografi sunuyor. \u00d6nce Hz. Ali\u2019nin, peygamberin zaman\u0131ndaki ve sonraki hayat\u0131n\u0131, kaynaklara ve tan\u0131klar\u0131n anlat\u0131lar\u0131na dayanarak aktar\u0131yor. Ondan<span class=\"excerpt-hellip\"> [\u2026]<\/span><\/p>\n","protected":false},"featured_media":0,"template":"","meta":{"_monsterinsights_skip_tracking":false,"_monsterinsights_sitenote_active":false,"_monsterinsights_sitenote_note":"","_monsterinsights_sitenote_category":0},"product_brand":[],"product_cat":[18094,12718,12719],"product_tag":[],"class_list":{"0":"post-720675","1":"product","2":"type-product","3":"status-publish","5":"product_cat-biyografi-otobiyografi-islam","6":"product_cat-din","7":"product_cat-islam","8":"pa_cilt-ciltsiz","9":"pa_tur-kitap","10":"pa_yayinevi-kapi-yayinlari","11":"pa_yazar-abdulbaki-golpinarli","13":"first","14":"instock","15":"sale","16":"shipping-taxable","17":"purchasable","18":"product-type-simple"},"_links":{"self":[{"href":"https:\/\/roveyayinevi.com.tr\/index.php\/wp-json\/wp\/v2\/product\/720675","targetHints":{"allow":["GET"]}}],"collection":[{"href":"https:\/\/roveyayinevi.com.tr\/index.php\/wp-json\/wp\/v2\/product"}],"about":[{"href":"https:\/\/roveyayinevi.com.tr\/index.php\/wp-json\/wp\/v2\/types\/product"}],"wp:attachment":[{"href":"https:\/\/roveyayinevi.com.tr\/index.php\/wp-json\/wp\/v2\/media?parent=720675"}],"wp:term":[{"taxonomy":"product_brand","embeddable":true,"href":"https:\/\/roveyayinevi.com.tr\/index.php\/wp-json\/wp\/v2\/product_brand?post=720675"},{"taxonomy":"product_cat","embeddable":true,"href":"https:\/\/roveyayinevi.com.tr\/index.php\/wp-json\/wp\/v2\/product_cat?post=720675"},{"taxonomy":"product_tag","embeddable":true,"href":"https:\/\/roveyayinevi.com.tr\/index.php\/wp-json\/wp\/v2\/product_tag?post=720675"}],"curies":[{"name":"wp","href":"https:\/\/api.w.org\/{rel}","templated":true}]}}