{"id":720672,"date":"2025-08-27T18:39:17","date_gmt":"2025-08-27T15:39:17","guid":{"rendered":"https:\/\/roveyayinevi.com.tr\/index.php\/urun\/gokyuzu-bulusmasi-akil-almaz-maceralar-3\/"},"modified":"2025-10-14T05:28:42","modified_gmt":"2025-10-14T02:28:42","slug":"gokyuzu-bulusmasi-akil-almaz-maceralar-3","status":"publish","type":"product","link":"https:\/\/roveyayinevi.com.tr\/index.php\/urun\/gokyuzu-bulusmasi-akil-almaz-maceralar-3\/","title":{"rendered":"G\u00f6ky\u00fcz\u00fc Bulu\u015fmas\u0131 &#8211; Ak\u0131l Almaz Maceralar 3"},"content":{"rendered":"<p>Zil \u00e7alm\u0131\u015ft\u0131. Sami okulda me\u015fhur bile olmu\u015ftu.\u00d6\u011fretmeni onu v e Mesut\u2019u yan\u0131na \u00e7a\u011f\u0131rd\u0131. Bu olay\u0131 bir proje h\u00e2line getirmelerini teklif etti. B\u00f6ylece bu ilgin\u00e7 hadise bir bilimsel \u00e7al\u0131\u015fma olabilirdi. Fakat bunun i\u00e7in projeye Ali\u2019nin de kat\u0131lmas\u0131 gerekiyordu.Sonu\u00e7ta bu i\u015fin fikir babas\u0131 bizim Ali\u2019ydi\u2026<\/p>\n","protected":false},"excerpt":{"rendered":"<p>Zil \u00e7alm\u0131\u015ft\u0131. Sami okulda me\u015fhur bile olmu\u015ftu.\u00d6\u011fretmeni onu v e Mesut\u2019u yan\u0131na \u00e7a\u011f\u0131rd\u0131. Bu olay\u0131 bir proje h\u00e2line getirmelerini teklif etti. B\u00f6ylece bu ilgin\u00e7 hadise bir<span class=\"excerpt-hellip\"> [\u2026]<\/span><\/p>\n","protected":false},"featured_media":0,"template":"","meta":{"_monsterinsights_skip_tracking":false,"_monsterinsights_sitenote_active":false,"_monsterinsights_sitenote_note":"","_monsterinsights_sitenote_category":0},"product_brand":[],"product_cat":[12274,12284],"product_tag":[],"class_list":{"0":"post-720672","1":"product","2":"type-product","3":"status-publish","5":"product_cat-cocuk-ve-genclik-kitaplari","6":"product_cat-hikayeler","7":"pa_cilt-ciltsiz","8":"pa_tur-kitap","9":"pa_yayinevi-mavi-kirpi-yayinlari","10":"pa_yazar-yusuf-pazarci","12":"first","13":"instock","14":"sale","15":"shipping-taxable","16":"purchasable","17":"product-type-simple"},"_links":{"self":[{"href":"https:\/\/roveyayinevi.com.tr\/index.php\/wp-json\/wp\/v2\/product\/720672","targetHints":{"allow":["GET"]}}],"collection":[{"href":"https:\/\/roveyayinevi.com.tr\/index.php\/wp-json\/wp\/v2\/product"}],"about":[{"href":"https:\/\/roveyayinevi.com.tr\/index.php\/wp-json\/wp\/v2\/types\/product"}],"wp:attachment":[{"href":"https:\/\/roveyayinevi.com.tr\/index.php\/wp-json\/wp\/v2\/media?parent=720672"}],"wp:term":[{"taxonomy":"product_brand","embeddable":true,"href":"https:\/\/roveyayinevi.com.tr\/index.php\/wp-json\/wp\/v2\/product_brand?post=720672"},{"taxonomy":"product_cat","embeddable":true,"href":"https:\/\/roveyayinevi.com.tr\/index.php\/wp-json\/wp\/v2\/product_cat?post=720672"},{"taxonomy":"product_tag","embeddable":true,"href":"https:\/\/roveyayinevi.com.tr\/index.php\/wp-json\/wp\/v2\/product_tag?post=720672"}],"curies":[{"name":"wp","href":"https:\/\/api.w.org\/{rel}","templated":true}]}}