{"id":720668,"date":"2025-08-27T18:39:14","date_gmt":"2025-08-27T15:39:14","guid":{"rendered":"https:\/\/roveyayinevi.com.tr\/index.php\/urun\/fil-mil-karga-marga-ceviz-meviz-selimin-renkli-dunyasi-3-sinif-okuma-kitabi\/"},"modified":"2026-04-16T02:28:42","modified_gmt":"2026-04-15T23:28:42","slug":"fil-mil-karga-marga-ceviz-meviz-selimin-renkli-dunyasi-3-sinif-okuma-kitabi","status":"publish","type":"product","link":"https:\/\/roveyayinevi.com.tr\/index.php\/urun\/fil-mil-karga-marga-ceviz-meviz-selimin-renkli-dunyasi-3-sinif-okuma-kitabi\/","title":{"rendered":"Fil Mil; Karga Marga; Ceviz Meviz &#8211; Selim\u2019in Renkli D\u00fcnyas\u0131 \/ 3. S\u0131n\u0131f Okuma Kitab\u0131"},"content":{"rendered":"<p>\u00c7at! Pat! O da ne? Birileri ta\u015f at\u0131yor san\u0131r\u0131m. Hay\u0131r, hay\u0131r. Ta\u015f de\u011filmi\u015f. Bizim haylaz kargalar yine ceviz k\u0131rmaya \u00e7al\u0131\u015f\u0131yorlar.Hasan amcan\u0131n balkonunda olanlar\u0131 bir bilseniz! Hadi gelin size de anlatay\u0131m. Tombul fillerle ba\u015flay\u0131p ceviz k\u0131ran kargalara; oradan da hatam\u0131z\u0131 anlamaya kadar pek \u00e7ok \u015fey anlataca\u011f\u0131m. Herkes dinlesin l\u00fctfen!<\/p>\n","protected":false},"excerpt":{"rendered":"<p>\u00c7at! Pat! O da ne? Birileri ta\u015f at\u0131yor san\u0131r\u0131m. Hay\u0131r, hay\u0131r. Ta\u015f de\u011filmi\u015f. Bizim haylaz kargalar yine ceviz k\u0131rmaya \u00e7al\u0131\u015f\u0131yorlar.Hasan amcan\u0131n balkonunda olanlar\u0131 bir bilseniz! Hadi<span class=\"excerpt-hellip\"> [\u2026]<\/span><\/p>\n","protected":false},"featured_media":0,"template":"","meta":{"_monsterinsights_skip_tracking":false,"_monsterinsights_sitenote_active":false,"_monsterinsights_sitenote_note":"","_monsterinsights_sitenote_category":0},"product_brand":[],"product_cat":[12274,12284],"product_tag":[],"class_list":{"0":"post-720668","1":"product","2":"type-product","3":"status-publish","5":"product_cat-cocuk-ve-genclik-kitaplari","6":"product_cat-hikayeler","7":"pa_cilt-ciltsiz","8":"pa_tur-kitap","9":"pa_yayinevi-mavi-kirpi-yayinlari","10":"pa_yazar-serpil-kaya","12":"first","13":"instock","14":"sale","15":"shipping-taxable","16":"purchasable","17":"product-type-simple"},"_links":{"self":[{"href":"https:\/\/roveyayinevi.com.tr\/index.php\/wp-json\/wp\/v2\/product\/720668","targetHints":{"allow":["GET"]}}],"collection":[{"href":"https:\/\/roveyayinevi.com.tr\/index.php\/wp-json\/wp\/v2\/product"}],"about":[{"href":"https:\/\/roveyayinevi.com.tr\/index.php\/wp-json\/wp\/v2\/types\/product"}],"wp:attachment":[{"href":"https:\/\/roveyayinevi.com.tr\/index.php\/wp-json\/wp\/v2\/media?parent=720668"}],"wp:term":[{"taxonomy":"product_brand","embeddable":true,"href":"https:\/\/roveyayinevi.com.tr\/index.php\/wp-json\/wp\/v2\/product_brand?post=720668"},{"taxonomy":"product_cat","embeddable":true,"href":"https:\/\/roveyayinevi.com.tr\/index.php\/wp-json\/wp\/v2\/product_cat?post=720668"},{"taxonomy":"product_tag","embeddable":true,"href":"https:\/\/roveyayinevi.com.tr\/index.php\/wp-json\/wp\/v2\/product_tag?post=720668"}],"curies":[{"name":"wp","href":"https:\/\/api.w.org\/{rel}","templated":true}]}}