{"id":720660,"date":"2025-08-27T18:39:07","date_gmt":"2025-08-27T15:39:07","guid":{"rendered":"https:\/\/roveyayinevi.com.tr\/index.php\/urun\/iran-dusunce-tarihi\/"},"modified":"2026-04-16T02:28:42","modified_gmt":"2026-04-15T23:28:42","slug":"iran-dusunce-tarihi","status":"publish","type":"product","link":"https:\/\/roveyayinevi.com.tr\/index.php\/urun\/iran-dusunce-tarihi\/","title":{"rendered":"\u0130ran D\u00fc\u015f\u00fcnce Tarihi"},"content":{"rendered":"<p>\u0130ran co\u011frafyas\u0131 uzun tarihi boyunca \u00f6zellikle de \u0130slam sonras\u0131 d\u00f6nemde k\u00fclt\u00fcr ve d\u00fc\u015f\u00fcnce alan\u0131nda b\u00fcy\u00fck isimlere ve \u00f6nemli d\u00fc\u015f\u00fcnce ekollerine ev sahipli\u011fi yapm\u0131\u015ft\u0131r. Ba\u015fta Fars\u00e7a ve \u0130ngilizce gelmek \u00fczere yabanc\u0131 dillerde ayr\u0131nt\u0131l\u0131 \u00e7al\u0131\u015fmalara konu olan bu tarihsel s\u00fcreci ele alan yeterli say\u0131da T\u00fcrk\u00e7e kayna\u011f\u0131n bulunmad\u0131\u011f\u0131 g\u00f6r\u00fclmektedir. Elinizdeki kitap, bu bo\u015flu\u011fun doldurulmas\u0131na katk\u0131da bulunmay\u0131 ama\u00e7lamaktad\u0131r. Kitap, bir \u00f6l\u00e7\u00fcde s\u00fcreklilik i\u00e7eren s\u00f6z konusu tarihsel s\u00fcreci ilmi bir surette ortaya koymadan \u0130ran\u2019a ili\u015fkin yap\u0131lacak di\u011fer \u00e7al\u0131\u015fmalar\u0131n eksik kalaca\u011f\u0131 kanaatini ortaya \u00e7\u0131karm\u0131\u015ft\u0131r. Elinizdeki kitapta alan\u0131nda de\u011ferli \u00e7al\u0131\u015fmalara sahip yerli ve yabanc\u0131 akademisyenlerin kaleme ald\u0131\u011f\u0131 b\u00f6l\u00fcmlerde \u0130slam tarihinin bu \u00f6nemli ve \u00f6zg\u00fcn miras\u0131 incelenmi\u015ftir. \u0130RAM taraf\u0131ndan yay\u0131mlanan ve daha \u00f6nce yap\u0131lm\u0131\u015f \u00e7al\u0131\u015fmalar\u0131n birikimine dayanan bu eserin sonraki \u00e7al\u0131\u015fmalara katk\u0131 vermesini umuyoruz.<\/p>\n","protected":false},"excerpt":{"rendered":"<p>\u0130ran co\u011frafyas\u0131 uzun tarihi boyunca \u00f6zellikle de \u0130slam sonras\u0131 d\u00f6nemde k\u00fclt\u00fcr ve d\u00fc\u015f\u00fcnce alan\u0131nda b\u00fcy\u00fck isimlere ve \u00f6nemli d\u00fc\u015f\u00fcnce ekollerine ev sahipli\u011fi yapm\u0131\u015ft\u0131r. Ba\u015fta Fars\u00e7a ve<span class=\"excerpt-hellip\"> [\u2026]<\/span><\/p>\n","protected":false},"featured_media":0,"template":"","meta":{"_monsterinsights_skip_tracking":false,"_monsterinsights_sitenote_active":false,"_monsterinsights_sitenote_note":"","_monsterinsights_sitenote_category":0},"product_brand":[],"product_cat":[12388,14717],"product_tag":[],"class_list":{"0":"post-720660","1":"product","2":"type-product","3":"status-publish","5":"product_cat-felsefe","6":"product_cat-felsefe-tarihi","7":"pa_cilt-ciltsiz","8":"pa_tur-kitap","9":"pa_yayinevi-iram-yayinlari","10":"pa_yazar-hakki-uygur-abdulla-rexhepi","12":"first","13":"instock","14":"sale","15":"shipping-taxable","16":"purchasable","17":"product-type-simple"},"_links":{"self":[{"href":"https:\/\/roveyayinevi.com.tr\/index.php\/wp-json\/wp\/v2\/product\/720660","targetHints":{"allow":["GET"]}}],"collection":[{"href":"https:\/\/roveyayinevi.com.tr\/index.php\/wp-json\/wp\/v2\/product"}],"about":[{"href":"https:\/\/roveyayinevi.com.tr\/index.php\/wp-json\/wp\/v2\/types\/product"}],"wp:attachment":[{"href":"https:\/\/roveyayinevi.com.tr\/index.php\/wp-json\/wp\/v2\/media?parent=720660"}],"wp:term":[{"taxonomy":"product_brand","embeddable":true,"href":"https:\/\/roveyayinevi.com.tr\/index.php\/wp-json\/wp\/v2\/product_brand?post=720660"},{"taxonomy":"product_cat","embeddable":true,"href":"https:\/\/roveyayinevi.com.tr\/index.php\/wp-json\/wp\/v2\/product_cat?post=720660"},{"taxonomy":"product_tag","embeddable":true,"href":"https:\/\/roveyayinevi.com.tr\/index.php\/wp-json\/wp\/v2\/product_tag?post=720660"}],"curies":[{"name":"wp","href":"https:\/\/api.w.org\/{rel}","templated":true}]}}