{"id":720659,"date":"2025-08-27T18:39:07","date_gmt":"2025-08-27T15:39:07","guid":{"rendered":"https:\/\/roveyayinevi.com.tr\/index.php\/urun\/donusum-sembolleri\/"},"modified":"2026-04-16T02:28:42","modified_gmt":"2026-04-15T23:28:42","slug":"donusum-sembolleri","status":"publish","type":"product","link":"https:\/\/roveyayinevi.com.tr\/index.php\/urun\/donusum-sembolleri\/","title":{"rendered":"D\u00f6n\u00fc\u015f\u00fcm Sembolleri"},"content":{"rendered":"<p>Jung ilk kez 1912 y\u0131l\u0131nda yay\u0131mlad\u0131\u011f\u0131 Libidonun Sembolleri ve D\u00f6n\u00fc\u015f\u00fcmleri\u2019yle, Freud\u2019un psikanalitik ekol\u00fcnden kopu\u015funu ilan etti. Kitap, \u00e7ok ge\u00e7meden onun en bilinen ve en etkili \u00e7al\u0131\u015fmas\u0131 haline geldi. Teorisinin geli\u015fiminde, ge\u00e7i\u015f halindeki bir durumu temsil etti\u011fi i\u00e7in, uzun y\u0131llar boyunca eserini yeniden d\u00fczenlemek isteyen Jung, bu iste\u011fini ancak 1952 y\u0131l\u0131nda ger\u00e7ekle\u015ftirebildi. Jung\u2019un kendi s\u00f6zleriyle D\u00f6n\u00fc\u015f\u00fcm Sembolleri, \u201c\u015fizofreninin prodromal evrelerinin pratik bir anlay\u0131\u015f\u0131 \u00fczerine geni\u015fletilmi\u015f yeni bir yorumdur. Vakan\u0131n belirtileri, sembolik paraleller labirentinde, yani \u00f6rnek te\u015fkil eden durumun anlam\u0131n\u0131 saptamak istiyorsak mutlaka gerekli olan ayr\u0131nt\u0131lar aras\u0131nda, bize yol g\u00f6stermek i\u00e7in Ariadne ipini olu\u015fturur.\u201d Jung, bu paralelliklerin izlenmesinde disiplinleraras\u0131 bir yol \u00e7izerek dinden, mitolojiden, etnolojiden, sanattan ve psikiyatriden yararlan\u0131r. Bat\u0131dan ve Do\u011fudan bir\u00e7ok eseri ele al\u0131r. \u0130mge, sembol ve mit aras\u0131ndaki ili\u015fkileri saptar; r\u00fcyalar, masallar, efsaneler ve fantezi g\u00f6r\u00fcnt\u00fclerinin arketiplere dayanan nedenlerini a\u00e7\u0131klay\u0131p yorumlar.<\/p>\n","protected":false},"excerpt":{"rendered":"<p>Jung ilk kez 1912 y\u0131l\u0131nda yay\u0131mlad\u0131\u011f\u0131 Libidonun Sembolleri ve D\u00f6n\u00fc\u015f\u00fcmleri\u2019yle, Freud\u2019un psikanalitik ekol\u00fcnden kopu\u015funu ilan etti. Kitap, \u00e7ok ge\u00e7meden onun en bilinen ve en etkili \u00e7al\u0131\u015fmas\u0131<span class=\"excerpt-hellip\"> [\u2026]<\/span><\/p>\n","protected":false},"featured_media":0,"template":"","meta":{"_monsterinsights_skip_tracking":false,"_monsterinsights_sitenote_active":false,"_monsterinsights_sitenote_note":"","_monsterinsights_sitenote_category":0},"product_brand":[],"product_cat":[12389,12388],"product_tag":[],"class_list":{"0":"post-720659","1":"product","2":"type-product","3":"status-publish","5":"product_cat-diger-felsefe","6":"product_cat-felsefe","7":"pa_cilt-ciltsiz","8":"pa_tur-kitap","9":"pa_yayinevi-alfa-yayinlari","10":"pa_yazar-carl-gustav-jung","12":"first","13":"instock","14":"sale","15":"shipping-taxable","16":"purchasable","17":"product-type-simple"},"_links":{"self":[{"href":"https:\/\/roveyayinevi.com.tr\/index.php\/wp-json\/wp\/v2\/product\/720659","targetHints":{"allow":["GET"]}}],"collection":[{"href":"https:\/\/roveyayinevi.com.tr\/index.php\/wp-json\/wp\/v2\/product"}],"about":[{"href":"https:\/\/roveyayinevi.com.tr\/index.php\/wp-json\/wp\/v2\/types\/product"}],"wp:attachment":[{"href":"https:\/\/roveyayinevi.com.tr\/index.php\/wp-json\/wp\/v2\/media?parent=720659"}],"wp:term":[{"taxonomy":"product_brand","embeddable":true,"href":"https:\/\/roveyayinevi.com.tr\/index.php\/wp-json\/wp\/v2\/product_brand?post=720659"},{"taxonomy":"product_cat","embeddable":true,"href":"https:\/\/roveyayinevi.com.tr\/index.php\/wp-json\/wp\/v2\/product_cat?post=720659"},{"taxonomy":"product_tag","embeddable":true,"href":"https:\/\/roveyayinevi.com.tr\/index.php\/wp-json\/wp\/v2\/product_tag?post=720659"}],"curies":[{"name":"wp","href":"https:\/\/api.w.org\/{rel}","templated":true}]}}