{"id":720658,"date":"2025-08-27T18:39:06","date_gmt":"2025-08-27T15:39:06","guid":{"rendered":"https:\/\/roveyayinevi.com.tr\/index.php\/urun\/hannibal\/"},"modified":"2026-04-16T02:28:42","modified_gmt":"2026-04-15T23:28:42","slug":"hannibal","status":"publish","type":"product","link":"https:\/\/roveyayinevi.com.tr\/index.php\/urun\/hannibal\/","title":{"rendered":"Hannibal"},"content":{"rendered":"<p>Efsane ve Ger\u00e7ekler Aras\u0131nda Tarihin En Gizemli Komutan\u0131..Hangi Hannibal efsane, hangisi ger\u00e7ek? M\u00d6 208 y\u0131l\u0131nda \u00fcnl\u00fc Alpleri ge\u00e7i\u015fi nas\u0131l ger\u00e7ekle\u015fti? Tarihin en dikkat \u00e7eken komutanlar\u0131ndan biri olmas\u0131n\u0131n sebepleri nelerdi? Ni\u00e7in kendisini alt edenlerden daha me\u015fhurdu? Strateji ve taktik dehas\u0131 m\u0131 yoksa kumarbaz ve \u015fansl\u0131 m\u0131? D\u00fcnya asker\u00ee tarihinde Hannibal ve icraatlar\u0131 nas\u0131l yorumlan\u0131yor?Stanford \u00dcniversitesi\u2019nde be\u015fer\u00ee bilimler, arkeoloji, mitoloji ve sanat dersleri veren Patrick Hunt, gen\u00e7li\u011finden beri hayal g\u00fcc\u00fcnde geni\u015f yer edinen Hannibal efsanesinin pe\u015fine d\u00fc\u015ft\u00fc\u011f\u00fc bu eserini, uzun y\u0131llar boyunca \u00fc\u00e7 k\u0131tada onun ayak izlerini takip ederek olu\u015fturdu. Antik kaynaklar ve arkeolojik saha ara\u015ft\u0131rmalar\u0131 e\u015fli\u011finde ilerleyen sayfalarda Hannibal\u2019\u0131n ola\u011fan\u00fcst\u00fc zorluklara kar\u015f\u0131 verdi\u011fi taktiksel kar\u015f\u0131l\u0131klar\u0131n de\u011fi\u015fkenli\u011fi ortaya \u00e7\u0131k\u0131yor. Bu da binlerce y\u0131ll\u0131k d\u00f6nemde Hannibal\u2019in neden b\u00fcy\u00fck bir muamma oldu\u011funu ve hakikatle efsanenin nas\u0131l birbirine kar\u0131\u015ft\u0131\u011f\u0131n\u0131 g\u00f6zler \u00f6n\u00fcne seriyor.Kitap, Hannibal\u2019in gen\u00e7lik d\u00f6nemiyle ve yemin t\u00f6reniyle a\u00e7\u0131l\u0131yor. Hannibal\u2019in ad\u0131m ad\u0131m ge\u00e7ti\u011fi \u0130spanya, Pireneler ve Alpler aras\u0131nda ya\u015fanan co\u011frafi ve iklimsel zorluklar\u0131n yan\u0131 s\u0131ra pusular da kitab\u0131n heyecan\u0131n\u0131 \u00e7ok \u00fcst seviyede tutuyor. Alplerin zirvesinden Apeninler ve Arno batakl\u0131klar\u0131na, Roma zaferinden Zama Muharebesi\u2019ne do\u011fru adeta bir roman gibi s\u00fcr\u00fckleyici bi\u00e7imde ilerleyen kitap, Hannibal\u2019\u0131n s\u00fcrg\u00fcn\u00fcyle ve miras\u0131yla son buluyor.D\u00fcnya kitap ele\u015ftirmenleri taraf\u0131ndan hayranl\u0131kla tarif edilen Hannibal\u2019in Samet \u00d6zg\u00fcler \u00e7evirisiyle tarih okurlar\u0131 i\u00e7in de unutulmaz olaca\u011f\u0131n\u0131 d\u00fc\u015f\u00fcn\u00fcyoruz\u2026<\/p>\n","protected":false},"excerpt":{"rendered":"<p>Efsane ve Ger\u00e7ekler Aras\u0131nda Tarihin En Gizemli Komutan\u0131..Hangi Hannibal efsane, hangisi ger\u00e7ek? M\u00d6 208 y\u0131l\u0131nda \u00fcnl\u00fc Alpleri ge\u00e7i\u015fi nas\u0131l ger\u00e7ekle\u015fti? Tarihin en dikkat \u00e7eken komutanlar\u0131ndan biri<span class=\"excerpt-hellip\"> [\u2026]<\/span><\/p>\n","protected":false},"featured_media":0,"template":"","meta":{"_monsterinsights_skip_tracking":false,"_monsterinsights_sitenote_active":false,"_monsterinsights_sitenote_note":"","_monsterinsights_sitenote_category":0},"product_brand":[],"product_cat":[12305,12304],"product_tag":[],"class_list":{"0":"post-720658","1":"product","2":"type-product","3":"status-publish","5":"product_cat-dunya-tarihi","6":"product_cat-tarih","7":"pa_cilt-ciltsiz","8":"pa_tur-kitap","9":"pa_yayinevi-kronik-kitap","10":"pa_yazar-patrick-n-hunt","12":"first","13":"instock","14":"sale","15":"shipping-taxable","16":"purchasable","17":"product-type-simple"},"_links":{"self":[{"href":"https:\/\/roveyayinevi.com.tr\/index.php\/wp-json\/wp\/v2\/product\/720658","targetHints":{"allow":["GET"]}}],"collection":[{"href":"https:\/\/roveyayinevi.com.tr\/index.php\/wp-json\/wp\/v2\/product"}],"about":[{"href":"https:\/\/roveyayinevi.com.tr\/index.php\/wp-json\/wp\/v2\/types\/product"}],"wp:attachment":[{"href":"https:\/\/roveyayinevi.com.tr\/index.php\/wp-json\/wp\/v2\/media?parent=720658"}],"wp:term":[{"taxonomy":"product_brand","embeddable":true,"href":"https:\/\/roveyayinevi.com.tr\/index.php\/wp-json\/wp\/v2\/product_brand?post=720658"},{"taxonomy":"product_cat","embeddable":true,"href":"https:\/\/roveyayinevi.com.tr\/index.php\/wp-json\/wp\/v2\/product_cat?post=720658"},{"taxonomy":"product_tag","embeddable":true,"href":"https:\/\/roveyayinevi.com.tr\/index.php\/wp-json\/wp\/v2\/product_tag?post=720658"}],"curies":[{"name":"wp","href":"https:\/\/api.w.org\/{rel}","templated":true}]}}