{"id":720656,"date":"2025-08-27T18:39:05","date_gmt":"2025-08-27T15:39:05","guid":{"rendered":"https:\/\/roveyayinevi.com.tr\/index.php\/urun\/kan-kirmizi-karlar\/"},"modified":"2026-04-16T02:28:42","modified_gmt":"2026-04-15T23:28:42","slug":"kan-kirmizi-karlar","status":"publish","type":"product","link":"https:\/\/roveyayinevi.com.tr\/index.php\/urun\/kan-kirmizi-karlar\/","title":{"rendered":"Kan K\u0131rm\u0131z\u0131 Karlar"},"content":{"rendered":"<p>\u0130kinci D\u00fcnya Sava\u015f\u0131&#8217;n\u0131n Kan K\u0131rm\u0131z\u0131 Hatt\u0131: Stalingard&#8230;\u0130kinci D\u00fcnya Sava\u015f\u0131\u2019n\u0131n en zorlu cephe hatt\u0131: Stalingrad\u2026 Cehennem gibi kaynayan g\u00fcne\u015fin alt\u0131nda, diz boyu \u00e7amurun i\u00e7inde, kar f\u0131rt\u0131nas\u0131n\u0131n ortas\u0131nda, so\u011fuktan donmu\u015f topra\u011f\u0131n \u00fczerinde ve karlara batm\u0131\u015f h\u00e2lde sava\u015fan askerler\u2026 Bir a\u011f\u0131r makineli t\u00fcfek ni\u015fanc\u0131s\u0131n\u0131n t\u00fcm ya\u015fananlar\u0131n merkezinde tuttu\u011fu notlar\u202619 ya\u015f\u0131nda Nazi Almanyas\u0131\u2019n\u0131n silahl\u0131 kuvvetleri Wehrmacht\u2019a kat\u0131lan G\u00fcnter K. Koschorrek, Do\u011fu Prusya\u2019da s\u0131k\u0131 bir e\u011fitimden ge\u00e7erek Stalingrad\u2019a konu\u015fland\u0131r\u0131lacak olan 24\u2019\u00fcnc\u00fc Panzer T\u00fcmeni\u2019ne al\u0131nd\u0131. Muharebe hayat\u0131n\u0131n b\u00fcy\u00fck bir k\u0131sm\u0131n\u0131 makineli t\u00fcfek ni\u015fanc\u0131s\u0131 olarak ge\u00e7irdi. Muharebelerde sergiledi\u011fi \u00fcst\u00fcn cesaret ve \u00f6zveriden dolay\u0131 2. S\u0131n\u0131f Demir Ha\u00e7 Ni\u015fan\u0131, Bronz Yak\u0131n Muharebe Br\u00f6vesi ve Alt\u0131n Gazi Br\u00f6vesi ile taltif edildi. Her ne kadar b\u00fcy\u00fck oranda Stalingrad ve \u00e7evresinde g\u00f6rev yapsa da ac\u0131 tecr\u00fcbelerle dolu geri \u00e7ekili\u015f s\u00fcrecinde \u0130talya\u2019n\u0131n kana bulanm\u0131\u015f do\u011fas\u0131na, Romanya ve Danimarka\u2019ya, nihayet d\u00f6nemin \u00c7ekoslovakya\u2019s\u0131na savruldu. Say\u0131s\u0131z kez \u00f6l\u00fcmle burun buruna gelmesine ve alt\u0131 kez yaralanmas\u0131na ra\u011fmen hayata s\u0131k\u0131 s\u0131k\u0131ya tutundu, sava\u015fmaya devam etti.S\u0131radan bir asker (Landser) olarak ba\u015fta Rus Cephesi olmak \u00fczere g\u00f6rev yapt\u0131\u011f\u0131 farkl\u0131 noktalarda edindi\u011fi t\u00fcm \u015fahsi tecr\u00fcbelerini Kan K\u0131rm\u0131z\u0131 Karlar ad\u0131yla kitapla\u015ft\u0131ran Koschorrek, eserinin g\u00fcvenilir bir kaynak oldu\u011funu \u00f6zellikle vurguluyor. Sava\u015f\u0131n b\u00fcy\u00fck k\u0131sm\u0131n\u0131 Rus topraklar\u0131ndaki avc\u0131 \u00e7ukurlar\u0131nda ge\u00e7iren ve bu \u00e7ukurlar\u0131 yaln\u0131zca d\u00fc\u015fmanla \u00e7arp\u0131\u015f\u0131rken terk eden say\u0131s\u0131z ismi me\u00e7hul askeri de takdirle an\u0131yor. Stalingrad\u2019da ya\u015fananlar, korku ve nefret y\u00fckl\u00fc g\u00f6zya\u015flar\u0131, ka\u00e7\u0131\u015flar, idamlar, \u00f6l\u00fclerin \u00fczerine \u00e7\u00f6ken akbabalar ve muharebe alanlar\u0131na dair daha pek \u00e7ok detay, bu kitapta roman ak\u0131c\u0131l\u0131\u011f\u0131nda anlat\u0131l\u0131yor.Stalingrad\u2019dan Teslimiyete Bir Alman Makineli T\u00fcfek Ni\u015fanc\u0131s\u0131n\u0131n An\u0131lar\u0131, \u0130kinci D\u00fcnya Sava\u015f\u0131\u2019ndan 75 y\u0131l sonra \u00fcslubuyla, g\u00f6rselleriyle ve haritalar\u0131yla o g\u00fcnleri yeniden ya\u015fat\u0131yor\u2026<\/p>\n","protected":false},"excerpt":{"rendered":"<p>\u0130kinci D\u00fcnya Sava\u015f\u0131&#8217;n\u0131n Kan K\u0131rm\u0131z\u0131 Hatt\u0131: Stalingard&#8230;\u0130kinci D\u00fcnya Sava\u015f\u0131\u2019n\u0131n en zorlu cephe hatt\u0131: Stalingrad\u2026 Cehennem gibi kaynayan g\u00fcne\u015fin alt\u0131nda, diz boyu \u00e7amurun i\u00e7inde, kar f\u0131rt\u0131nas\u0131n\u0131n ortas\u0131nda,<span class=\"excerpt-hellip\"> [\u2026]<\/span><\/p>\n","protected":false},"featured_media":0,"template":"","meta":{"_monsterinsights_skip_tracking":false,"_monsterinsights_sitenote_active":false,"_monsterinsights_sitenote_note":"","_monsterinsights_sitenote_category":0},"product_brand":[],"product_cat":[12370,12304],"product_tag":[],"class_list":{"0":"post-720656","1":"product","2":"type-product","3":"status-publish","5":"product_cat-arastirma-inceleme","6":"product_cat-tarih","7":"pa_cilt-ciltsiz","8":"pa_tur-kitap","9":"pa_yayinevi-kronik-kitap","10":"pa_yazar-gunter-k-koschorrek","12":"first","13":"instock","14":"sale","15":"shipping-taxable","16":"purchasable","17":"product-type-simple"},"_links":{"self":[{"href":"https:\/\/roveyayinevi.com.tr\/index.php\/wp-json\/wp\/v2\/product\/720656","targetHints":{"allow":["GET"]}}],"collection":[{"href":"https:\/\/roveyayinevi.com.tr\/index.php\/wp-json\/wp\/v2\/product"}],"about":[{"href":"https:\/\/roveyayinevi.com.tr\/index.php\/wp-json\/wp\/v2\/types\/product"}],"wp:attachment":[{"href":"https:\/\/roveyayinevi.com.tr\/index.php\/wp-json\/wp\/v2\/media?parent=720656"}],"wp:term":[{"taxonomy":"product_brand","embeddable":true,"href":"https:\/\/roveyayinevi.com.tr\/index.php\/wp-json\/wp\/v2\/product_brand?post=720656"},{"taxonomy":"product_cat","embeddable":true,"href":"https:\/\/roveyayinevi.com.tr\/index.php\/wp-json\/wp\/v2\/product_cat?post=720656"},{"taxonomy":"product_tag","embeddable":true,"href":"https:\/\/roveyayinevi.com.tr\/index.php\/wp-json\/wp\/v2\/product_tag?post=720656"}],"curies":[{"name":"wp","href":"https:\/\/api.w.org\/{rel}","templated":true}]}}