{"id":720655,"date":"2025-08-27T18:39:04","date_gmt":"2025-08-27T15:39:04","guid":{"rendered":"https:\/\/roveyayinevi.com.tr\/index.php\/urun\/karakoyunlular-akkoyunlular\/"},"modified":"2026-04-16T02:28:42","modified_gmt":"2026-04-15T23:28:42","slug":"karakoyunlular-akkoyunlular","status":"publish","type":"product","link":"https:\/\/roveyayinevi.com.tr\/index.php\/urun\/karakoyunlular-akkoyunlular\/","title":{"rendered":"Karakoyunlular Akkoyunlular"},"content":{"rendered":"<p>\u0130ki T\u00fcrkmen Hanedan\u0131: Karakoyunlular ve Akkoyunlular14. y\u00fczy\u0131l ortalar\u0131na do\u011fru \u0130ran ve Do\u011fu Anadolu\u2019nun do\u011fusunda siyasi hayat\u0131na ba\u015flayan iki devlet: Karakoyunlular ve Akkoyunlular\u2026 Onlar\u0131n m\u00fccadelelerini sadece siyasi olarak de\u011ferlendirmek, bu iki T\u00fcrkmen a\u015firetinin T\u00fcrk tarihine yapt\u0131\u011f\u0131 katk\u0131y\u0131 kavrama noktas\u0131nda yetersiz kalacakt\u0131r. Karakoyunlu ve Akkoyunlu m\u00fccadeleleri sadece iki a\u015firetin m\u00fccadelesi olarak yorumlanmamal\u0131, Anadolu ve \u0130ran co\u011frafyas\u0131n\u0131n T\u00fcrkle\u015fmesinin h\u0131zlanmas\u0131 a\u00e7\u0131s\u0131ndan da olduk\u00e7a kritik bir yere sahip oldu\u011fu muhakkak g\u00f6z \u00f6n\u00fcnde bulundurulmal\u0131d\u0131r.Her ikisi de O\u011fuz boyunun farkl\u0131 a\u015firetlerinden olu\u015fuyordu ve \u0130lhanl\u0131 Devleti\u2019nin b\u00f6lgedeki h\u00e2kimiyetini kaybetmesiyle ortaya \u00e7\u0131km\u0131\u015flard\u0131. Anadolu topraklar\u0131nda Osmanl\u0131 Devleti, Kad\u0131 Burh\u00e2nedd\u00een, Mutahharten, Meml\u00fbkler ve di\u011fer beylikler aras\u0131nda h\u00e2kimiyet m\u00fccadeleleri devam ederken Karakoyunlular ve Akkoyunlular ya\u015fam sahalar\u0131n\u0131 geni\u015fletme \u00e7abalar\u0131na devam etmi\u015flerdi. Onlar\u0131n h\u00e2kimiyetleri neticesinde bir\u00e7ok T\u00fcrkmen a\u015firet b\u00f6lgeye yerle\u015fmi\u015f ve hatta bunlar\u0131n bakiyeleri taraf\u0131ndan \u0130ran\u2019da Safev\u00ee Devleti kurulmu\u015ftu. Bug\u00fcn I\u011fd\u0131r ve Kars ba\u015fta olmak \u00fczere Do\u011fu Anadolu\u2019nun bir k\u0131sm\u0131nda, \u0130ran ve Azerbaycan\u2019da kullan\u0131lan Azer\u00eece denilen do\u011fu O\u011fuz veya T\u00fcrkmen leh\u00e7esi, bu iki siyasi olu\u015fumdan kalan miraslardand\u0131r.Muhsin Behr\u00e2mnej\u00e2d bu eserini, \u0130ran\u2019da Kitab-\u0131 Diyarbekriyye, Tarih-i \u00c2lem \u00c2r\u00e2-i Emin\u00ee ve Cev\u00e2hir\u00fc\u2019l-Ahb\u00e2r gibi d\u00f6nemin en \u00f6nemli kaynaklar\u0131n\u0131 dikkate alarak haz\u0131rlam\u0131\u015ft\u0131r. Serdar G\u00fcndo\u011fdu ile Ali \u0130\u00e7er, terc\u00fcmeleriyle ve notlar\u0131yla eseri T\u00fcrk okuruna sunmak i\u00e7in son h\u00e2line getirmi\u015ftir.Karakoyunlular \u2013 Akkoyunlular bu devletlerin siyasi te\u015fekk\u00fclleri konusunda sade, k\u0131sa ve birinci el kaynaklara dayanan \u00e7al\u0131\u015fma ihtiyac\u0131n\u0131 kar\u015f\u0131lama noktas\u0131nda vazge\u00e7ilmez bir ba\u015fucu eseri olacakt\u0131r.<\/p>\n","protected":false},"excerpt":{"rendered":"<p>\u0130ki T\u00fcrkmen Hanedan\u0131: Karakoyunlular ve Akkoyunlular14. y\u00fczy\u0131l ortalar\u0131na do\u011fru \u0130ran ve Do\u011fu Anadolu\u2019nun do\u011fusunda siyasi hayat\u0131na ba\u015flayan iki devlet: Karakoyunlular ve Akkoyunlular\u2026 Onlar\u0131n m\u00fccadelelerini sadece siyasi<span class=\"excerpt-hellip\"> [\u2026]<\/span><\/p>\n","protected":false},"featured_media":0,"template":"","meta":{"_monsterinsights_skip_tracking":false,"_monsterinsights_sitenote_active":false,"_monsterinsights_sitenote_note":"","_monsterinsights_sitenote_category":0},"product_brand":[],"product_cat":[12370,12304],"product_tag":[],"class_list":{"0":"post-720655","1":"product","2":"type-product","3":"status-publish","5":"product_cat-arastirma-inceleme","6":"product_cat-tarih","7":"pa_cilt-ciltsiz","8":"pa_tur-kitap","9":"pa_yayinevi-kronik-kitap","10":"pa_yazar-muhsin-behram-nejad","12":"first","13":"instock","14":"sale","15":"shipping-taxable","16":"purchasable","17":"product-type-simple"},"_links":{"self":[{"href":"https:\/\/roveyayinevi.com.tr\/index.php\/wp-json\/wp\/v2\/product\/720655","targetHints":{"allow":["GET"]}}],"collection":[{"href":"https:\/\/roveyayinevi.com.tr\/index.php\/wp-json\/wp\/v2\/product"}],"about":[{"href":"https:\/\/roveyayinevi.com.tr\/index.php\/wp-json\/wp\/v2\/types\/product"}],"wp:attachment":[{"href":"https:\/\/roveyayinevi.com.tr\/index.php\/wp-json\/wp\/v2\/media?parent=720655"}],"wp:term":[{"taxonomy":"product_brand","embeddable":true,"href":"https:\/\/roveyayinevi.com.tr\/index.php\/wp-json\/wp\/v2\/product_brand?post=720655"},{"taxonomy":"product_cat","embeddable":true,"href":"https:\/\/roveyayinevi.com.tr\/index.php\/wp-json\/wp\/v2\/product_cat?post=720655"},{"taxonomy":"product_tag","embeddable":true,"href":"https:\/\/roveyayinevi.com.tr\/index.php\/wp-json\/wp\/v2\/product_tag?post=720655"}],"curies":[{"name":"wp","href":"https:\/\/api.w.org\/{rel}","templated":true}]}}