{"id":720652,"date":"2025-08-27T18:39:02","date_gmt":"2025-08-27T15:39:02","guid":{"rendered":"https:\/\/roveyayinevi.com.tr\/index.php\/urun\/500-soruda-kurumlar-vergisi-1\/"},"modified":"2026-04-16T02:28:42","modified_gmt":"2026-04-15T23:28:42","slug":"500-soruda-kurumlar-vergisi-1","status":"publish","type":"product","link":"https:\/\/roveyayinevi.com.tr\/index.php\/urun\/500-soruda-kurumlar-vergisi-1\/","title":{"rendered":"500 Soruda Kurumlar Vergisi 1"},"content":{"rendered":"<p>Elinizdeki bu kitap, Kurumlar Vergisi konusunda de\u011finilmemi\u015f g\u00fcncel sorun kalmayacak \u015fekilde haz\u0131rlanm\u0131\u015f  geni\u015f \u00e7al\u0131\u015fman\u0131n 1. Cildidir. Kitap, Vergi M\u00fcfetti\u015fli\u011fi Yeterlilik, Yeminli Mali M\u00fc\u015favirlik, Serbest Muhasebeci Mali M\u00fc\u015favirlik, kamu, \u00f6zel kurum ve kurulu\u015flar\u0131na y\u00f6nelik klasik, a\u00e7\u0131k u\u00e7lu sorular \u015feklinde haz\u0131rlanm\u0131\u015ft\u0131r.Kitap, uygulamada ortaya \u00e7\u0131kabilecek muhtemel sorulara cevap aran\u0131lmas\u0131 amac\u0131yla soru \u2013 cevap \u015feklinde haz\u0131rlanm\u0131\u015f; konular kimi zaman teorik a\u00e7\u0131klaman\u0131n yan\u0131nda \u00f6rnek olaylarla da zenginle\u015ftirilmi\u015f; baz\u0131 m\u00fckerrer sorularla uygulaman\u0131n farkl\u0131la\u015ft\u0131\u011f\u0131 alanlar g\u00f6sterilmeye \u00e7al\u0131\u015f\u0131lm\u0131\u015ft\u0131r. B\u00f6ylece okuyucular\u0131n sorunun \u00e7\u00f6z\u00fcne odaklanmalar\u0131 ama\u00e7lanm\u0131\u015ft\u0131r.Faydal\u0131 olmas\u0131 dile\u011fiyle&#8230;<\/p>\n","protected":false},"excerpt":{"rendered":"<p>Elinizdeki bu kitap, Kurumlar Vergisi konusunda de\u011finilmemi\u015f g\u00fcncel sorun kalmayacak \u015fekilde haz\u0131rlanm\u0131\u015f geni\u015f \u00e7al\u0131\u015fman\u0131n 1. Cildidir. Kitap, Vergi M\u00fcfetti\u015fli\u011fi Yeterlilik, Yeminli Mali M\u00fc\u015favirlik, Serbest Muhasebeci Mali<span class=\"excerpt-hellip\"> [\u2026]<\/span><\/p>\n","protected":false},"featured_media":0,"template":"","meta":{"_monsterinsights_skip_tracking":false,"_monsterinsights_sitenote_active":false,"_monsterinsights_sitenote_note":"","_monsterinsights_sitenote_category":0},"product_brand":[],"product_cat":[15350,17602],"product_tag":[],"class_list":{"0":"post-720652","1":"product","2":"type-product","3":"status-publish","5":"product_cat-hukuk","6":"product_cat-hukuk-uzerine","7":"pa_cilt-ciltsiz","8":"pa_tur-kitap","9":"pa_yayinevi-astana-yayinlari","10":"pa_yazar-kerem-tayyar","12":"first","13":"instock","14":"sale","15":"shipping-taxable","16":"purchasable","17":"product-type-simple"},"_links":{"self":[{"href":"https:\/\/roveyayinevi.com.tr\/index.php\/wp-json\/wp\/v2\/product\/720652","targetHints":{"allow":["GET"]}}],"collection":[{"href":"https:\/\/roveyayinevi.com.tr\/index.php\/wp-json\/wp\/v2\/product"}],"about":[{"href":"https:\/\/roveyayinevi.com.tr\/index.php\/wp-json\/wp\/v2\/types\/product"}],"wp:attachment":[{"href":"https:\/\/roveyayinevi.com.tr\/index.php\/wp-json\/wp\/v2\/media?parent=720652"}],"wp:term":[{"taxonomy":"product_brand","embeddable":true,"href":"https:\/\/roveyayinevi.com.tr\/index.php\/wp-json\/wp\/v2\/product_brand?post=720652"},{"taxonomy":"product_cat","embeddable":true,"href":"https:\/\/roveyayinevi.com.tr\/index.php\/wp-json\/wp\/v2\/product_cat?post=720652"},{"taxonomy":"product_tag","embeddable":true,"href":"https:\/\/roveyayinevi.com.tr\/index.php\/wp-json\/wp\/v2\/product_tag?post=720652"}],"curies":[{"name":"wp","href":"https:\/\/api.w.org\/{rel}","templated":true}]}}