{"id":720650,"date":"2025-08-27T18:39:01","date_gmt":"2025-08-27T15:39:01","guid":{"rendered":"https:\/\/roveyayinevi.com.tr\/index.php\/urun\/sabirsiz-tirtil-ciltli\/"},"modified":"2026-04-16T02:28:42","modified_gmt":"2026-04-15T23:28:42","slug":"sabirsiz-tirtil-ciltli","status":"publish","type":"product","link":"https:\/\/roveyayinevi.com.tr\/index.php\/urun\/sabirsiz-tirtil-ciltli\/","title":{"rendered":"Sab\u0131rs\u0131z T\u0131rt\u0131l (Ciltli)"},"content":{"rendered":"<p>K\u00fc\u00e7\u00fck t\u0131rt\u0131l \u00e7ok heyecanl\u0131 \u00e7\u00fcnk\u00fc bir kelebe\u011fe d\u00f6n\u00fc\u015febilece\u011fini \u00f6\u011frendi. Ama bunun i\u00e7in \u00f6nce kozas\u0131n\u0131 \u00f6r\u00fcp tam iki hafta boyunca beklemesi gerek. Tabii sabredip bekleyebilirse. Ben Sandalye De\u011filim! ve \u00c7orbamda Z\u00fcrafa Var kitaplar\u0131n\u0131n yazar\u0131ndan sabretmeye dair e\u011flenceli mi e\u011flenceli bir hik\u00e2ye.<\/p>\n","protected":false},"excerpt":{"rendered":"<p>K\u00fc\u00e7\u00fck t\u0131rt\u0131l \u00e7ok heyecanl\u0131 \u00e7\u00fcnk\u00fc bir kelebe\u011fe d\u00f6n\u00fc\u015febilece\u011fini \u00f6\u011frendi. Ama bunun i\u00e7in \u00f6nce kozas\u0131n\u0131 \u00f6r\u00fcp tam iki hafta boyunca beklemesi gerek. Tabii sabredip bekleyebilirse. Ben Sandalye<span class=\"excerpt-hellip\"> [\u2026]<\/span><\/p>\n","protected":false},"featured_media":0,"template":"","meta":{"_monsterinsights_skip_tracking":false,"_monsterinsights_sitenote_active":false,"_monsterinsights_sitenote_note":"","_monsterinsights_sitenote_category":0},"product_brand":[],"product_cat":[12274,12518],"product_tag":[],"class_list":{"0":"post-720650","1":"product","2":"type-product","3":"status-publish","5":"product_cat-cocuk-ve-genclik-kitaplari","6":"product_cat-okul-oncesi-kitaplar","7":"pa_cilt-ciltli","8":"pa_tur-kitap","9":"pa_yayinevi-beyaz-balina-yayinlari","10":"pa_yazar-ross-burach","12":"first","13":"instock","14":"sale","15":"shipping-taxable","16":"purchasable","17":"product-type-simple"},"_links":{"self":[{"href":"https:\/\/roveyayinevi.com.tr\/index.php\/wp-json\/wp\/v2\/product\/720650","targetHints":{"allow":["GET"]}}],"collection":[{"href":"https:\/\/roveyayinevi.com.tr\/index.php\/wp-json\/wp\/v2\/product"}],"about":[{"href":"https:\/\/roveyayinevi.com.tr\/index.php\/wp-json\/wp\/v2\/types\/product"}],"wp:attachment":[{"href":"https:\/\/roveyayinevi.com.tr\/index.php\/wp-json\/wp\/v2\/media?parent=720650"}],"wp:term":[{"taxonomy":"product_brand","embeddable":true,"href":"https:\/\/roveyayinevi.com.tr\/index.php\/wp-json\/wp\/v2\/product_brand?post=720650"},{"taxonomy":"product_cat","embeddable":true,"href":"https:\/\/roveyayinevi.com.tr\/index.php\/wp-json\/wp\/v2\/product_cat?post=720650"},{"taxonomy":"product_tag","embeddable":true,"href":"https:\/\/roveyayinevi.com.tr\/index.php\/wp-json\/wp\/v2\/product_tag?post=720650"}],"curies":[{"name":"wp","href":"https:\/\/api.w.org\/{rel}","templated":true}]}}