{"id":720646,"date":"2025-08-27T18:38:58","date_gmt":"2025-08-27T15:38:58","guid":{"rendered":"https:\/\/roveyayinevi.com.tr\/index.php\/urun\/orta-gelir-tuzagindan-cikis\/"},"modified":"2026-04-16T02:28:42","modified_gmt":"2026-04-15T23:28:42","slug":"orta-gelir-tuzagindan-cikis","status":"publish","type":"product","link":"https:\/\/roveyayinevi.com.tr\/index.php\/urun\/orta-gelir-tuzagindan-cikis\/","title":{"rendered":"Orta Gelir Tuza\u011f\u0131ndan \u00c7\u0131k\u0131\u015f"},"content":{"rendered":"<p>B\u00f6l\u00fcm I: SANAY\u0130 EKONOM\u0130S\u0130 VE REFAH TOPLUMU   B\u00f6l\u00fcm II: YEN\u0130L\u0130K EKONOM\u0130S\u0130, AR-GE, F\u0130KR\u0130 HAKLAR VE B\u0130LG\u0130N\u0130N YAYILMASI   B\u00f6l\u00fcm III: YEN\u0130L\u0130K EKONOM\u0130S\u0130 VE ORTA GEL\u0130R TUZA\u011eINDAN \u00c7IKI\u015e <\/p>\n","protected":false},"excerpt":{"rendered":"<p>B\u00f6l\u00fcm I: SANAY\u0130 EKONOM\u0130S\u0130 VE REFAH TOPLUMU B\u00f6l\u00fcm II: YEN\u0130L\u0130K EKONOM\u0130S\u0130, AR-GE, F\u0130KR\u0130 HAKLAR VE B\u0130LG\u0130N\u0130N YAYILMASI B\u00f6l\u00fcm III: YEN\u0130L\u0130K EKONOM\u0130S\u0130 VE ORTA GEL\u0130R TUZA\u011eINDAN \u00c7IKI\u015e<\/p>\n","protected":false},"featured_media":0,"template":"","meta":{"_monsterinsights_skip_tracking":false,"_monsterinsights_sitenote_active":false,"_monsterinsights_sitenote_note":"","_monsterinsights_sitenote_category":0},"product_brand":[],"product_cat":[20333,13043],"product_tag":[],"class_list":{"0":"post-720646","1":"product","2":"type-product","3":"status-publish","5":"product_cat-diger-ekonomi","6":"product_cat-ekonomi","7":"pa_cilt-ciltsiz","8":"pa_tur-kitap","9":"pa_yayinevi-gazi-kitabevi","10":"pa_yazar-yusuf-kurtoglu","12":"first","13":"instock","14":"sale","15":"shipping-taxable","16":"purchasable","17":"product-type-simple"},"_links":{"self":[{"href":"https:\/\/roveyayinevi.com.tr\/index.php\/wp-json\/wp\/v2\/product\/720646","targetHints":{"allow":["GET"]}}],"collection":[{"href":"https:\/\/roveyayinevi.com.tr\/index.php\/wp-json\/wp\/v2\/product"}],"about":[{"href":"https:\/\/roveyayinevi.com.tr\/index.php\/wp-json\/wp\/v2\/types\/product"}],"wp:attachment":[{"href":"https:\/\/roveyayinevi.com.tr\/index.php\/wp-json\/wp\/v2\/media?parent=720646"}],"wp:term":[{"taxonomy":"product_brand","embeddable":true,"href":"https:\/\/roveyayinevi.com.tr\/index.php\/wp-json\/wp\/v2\/product_brand?post=720646"},{"taxonomy":"product_cat","embeddable":true,"href":"https:\/\/roveyayinevi.com.tr\/index.php\/wp-json\/wp\/v2\/product_cat?post=720646"},{"taxonomy":"product_tag","embeddable":true,"href":"https:\/\/roveyayinevi.com.tr\/index.php\/wp-json\/wp\/v2\/product_tag?post=720646"}],"curies":[{"name":"wp","href":"https:\/\/api.w.org\/{rel}","templated":true}]}}