{"id":720645,"date":"2025-08-27T18:38:58","date_gmt":"2025-08-27T15:38:58","guid":{"rendered":"https:\/\/roveyayinevi.com.tr\/index.php\/urun\/bilgi-ar-ge-ve-inovasyon\/"},"modified":"2026-04-16T02:28:42","modified_gmt":"2026-04-15T23:28:42","slug":"bilgi-ar-ge-ve-inovasyon","status":"publish","type":"product","link":"https:\/\/roveyayinevi.com.tr\/index.php\/urun\/bilgi-ar-ge-ve-inovasyon\/","title":{"rendered":"Bilgi AR-GE ve \u0130novasyon"},"content":{"rendered":"<p>B\u00f6l\u00fcm I: B\u0130LG\u0130, B\u0130LG\u0130 FAKT\u00d6R\u00dc VE B\u0130LE\u015eENLER\u0130 B\u00f6l\u00fcm II: YEN\u0130L\u0130K VE B\u0130LG\u0130 B\u00f6l\u00fcm III: B\u0130LG\u0130N\u0130N \u00dcRET\u0130LMES\u0130 VE Y\u00d6NET\u0130LMES\u0130 B\u00f6l\u00fcm IV: YEN\u0130 \u00dcR\u00dcN, S\u00dcRE\u00c7 YEN\u0130L\u0130\u011e\u0130 B\u00f6l\u00fcm V: YEN\u0130L\u0130KLER\u0130N ARZ Y\u00d6NL\u00dc YAPISI B\u00f6l\u00fcm VI: EKONOM\u0130K B\u00dcY\u00dcME VE YEN\u0130L\u0130K B\u00f6l\u00fcm VII: \u00dcRET\u0130M VE T\u0130CARETTE YAPISAL DE\u011e\u0130\u015e\u0130M   <\/p>\n","protected":false},"excerpt":{"rendered":"<p>B\u00f6l\u00fcm I: B\u0130LG\u0130, B\u0130LG\u0130 FAKT\u00d6R\u00dc VE B\u0130LE\u015eENLER\u0130 B\u00f6l\u00fcm II: YEN\u0130L\u0130K VE B\u0130LG\u0130 B\u00f6l\u00fcm III: B\u0130LG\u0130N\u0130N \u00dcRET\u0130LMES\u0130 VE Y\u00d6NET\u0130LMES\u0130 B\u00f6l\u00fcm IV: YEN\u0130 \u00dcR\u00dcN, S\u00dcRE\u00c7 YEN\u0130L\u0130\u011e\u0130 B\u00f6l\u00fcm V:<span class=\"excerpt-hellip\"> [\u2026]<\/span><\/p>\n","protected":false},"featured_media":0,"template":"","meta":{"_monsterinsights_skip_tracking":false,"_monsterinsights_sitenote_active":false,"_monsterinsights_sitenote_note":"","_monsterinsights_sitenote_category":0},"product_brand":[],"product_cat":[13043,14381],"product_tag":[],"class_list":{"0":"post-720645","1":"product","2":"type-product","3":"status-publish","5":"product_cat-ekonomi","6":"product_cat-isletme-muhasebe-maliye","7":"pa_cilt-ciltsiz","8":"pa_tur-kitap","9":"pa_yayinevi-gazi-kitabevi","10":"pa_yazar-yusuf-kurtoglu","12":"first","13":"instock","14":"sale","15":"shipping-taxable","16":"purchasable","17":"product-type-simple"},"_links":{"self":[{"href":"https:\/\/roveyayinevi.com.tr\/index.php\/wp-json\/wp\/v2\/product\/720645","targetHints":{"allow":["GET"]}}],"collection":[{"href":"https:\/\/roveyayinevi.com.tr\/index.php\/wp-json\/wp\/v2\/product"}],"about":[{"href":"https:\/\/roveyayinevi.com.tr\/index.php\/wp-json\/wp\/v2\/types\/product"}],"wp:attachment":[{"href":"https:\/\/roveyayinevi.com.tr\/index.php\/wp-json\/wp\/v2\/media?parent=720645"}],"wp:term":[{"taxonomy":"product_brand","embeddable":true,"href":"https:\/\/roveyayinevi.com.tr\/index.php\/wp-json\/wp\/v2\/product_brand?post=720645"},{"taxonomy":"product_cat","embeddable":true,"href":"https:\/\/roveyayinevi.com.tr\/index.php\/wp-json\/wp\/v2\/product_cat?post=720645"},{"taxonomy":"product_tag","embeddable":true,"href":"https:\/\/roveyayinevi.com.tr\/index.php\/wp-json\/wp\/v2\/product_tag?post=720645"}],"curies":[{"name":"wp","href":"https:\/\/api.w.org\/{rel}","templated":true}]}}